{"id":45171,"date":"2024-07-24T20:43:24","date_gmt":"2024-07-24T20:43:24","guid":{"rendered":"https:\/\/vitafit.nu\/product\/bonusan-echinacea-purpurea-angustifolia-extrakt-60-kapseln\/"},"modified":"2025-05-05T09:29:59","modified_gmt":"2025-05-05T09:29:59","slug":"bonusan-echinacea-purpurea-angustifolia-extrakt-60-kapseln","status":"publish","type":"product","link":"https:\/\/vitafit.nu\/de\/bonusan-echinacea-purpurea-angustifolia-extrakt-60-kapseln\/","title":{"rendered":"Bonusan Echinacea purpurea-angustifolia Extrakt 60 Kapseln"},"content":{"rendered":"<p>Echinacea ist Ihnen wahrscheinlich ein Begriff. Die Pflanze ist auch als Sonnenblume bekannt und tr\u00e4gt zu einer normalen Funktion des Immunsystems bei*. Unsere Gesundheitsexperten haben ein wirkungsvolles Erg\u00e4nzungsmittel entwickelt, das zwei Arten von Echinacea enth\u00e4lt. Es vereint die Vorteile von <em>Echinacea purpurea<\/em> und <em>angustifolia<\/em> und kann problemlos mit anderen Nahrungserg\u00e4nzungsmitteln kombiniert werden, die zu einer normalen Funktion des Immunsystems* beitragen.   <\/p>\n<p>Die Vorteile des Extrakts aus Bonusan Echinacea purpurea-angustifolia:<\/p>\n<ul>\n<li><strong>Zwei Arten von Echinacea.<\/strong> Das Erg\u00e4nzungsmittel enth\u00e4lt sowohl <em>Echinacea purpurea<\/em> als auch <em>Echinacea angustifolia<\/em>, wodurch Sie die einzigartigen Vorteile beider Arten nutzen k\u00f6nnen.<\/li>\n<li><strong>Einzigartige Bonusan-Zusammensetzung.<\/strong>  Wir haben diese Nahrungserg\u00e4nzung auf der Grundlage von Wissenschaft und jahrelanger praktischer Erfahrung sorgf\u00e4ltig formuliert.<\/li>\n<li><strong>Standardisierter Extrakt.<\/strong>  Es ist auf Phenole und Echinacoside standardisiert, was eine gleichm\u00e4\u00dfige und zuverl\u00e4ssige Dosierung in jeder Kapsel gew\u00e4hrleistet.<\/li>\n<li><strong>Leicht zu kombinieren.<\/strong>  Der Extrakt aus Echinacea purpurea-angustifolia Bonusan kann problemlos mit Nahrungserg\u00e4nzungsmitteln wie Vitamin C, Vitamin D und Zink kombiniert werden.<\/li>\n<li><strong>Flexible Dosierung.<\/strong>  Verteilen Sie die Tagesdosis einfach \u00fcber den Tag und sorgen Sie so f\u00fcr mehr Komfort und eine gleichm\u00e4\u00dfige Wirkung.<\/li>\n<\/ul>\n<p><em>*Gesundheitsbezogene Angabe, deren europ\u00e4ische Zulassung noch aussteht<\/em><\/p>\n<p>Der deutsche wissenschaftliche Beirat, die Kommission E, hat eine positive Empfehlung f\u00fcr die oberirdischen Pflanzenteile von <em>Echinacea purpurea<\/em> ausgesprochen. Das bedeutet, dass es ausreichende Belege f\u00fcr die Wirksamkeit von <em>Echinacea purpurea<\/em> gibt. <\/p>\n<p>Die Gesundheitsexperten, die das Bonusan-Pr\u00e4parat entwickelt haben, haben sich daher f\u00fcr eine gro\u00dfz\u00fcgige Dosierung der oberirdischen Pflanzenteile entschieden.<\/p>\n<p>Die Vorteile von <em>Echinacea purpurea<\/em> sind:<\/p>\n<ul>\n<li>Tr\u00e4gt zu einer normalen Funktion des Immunsystems bei*<\/li>\n<li>Gut f\u00fcr die Atemwege*<\/li>\n<li>Gut f\u00fcr Nierenfunktion und Harnwege*<\/li>\n<\/ul>\n<p>Echinacea wird h\u00e4ufig verwendet, wenn das &#8220;R&#8221; im Monat steht, d. h. haupts\u00e4chlich in den k\u00e4lteren Monaten, auch weil es zur normalen Funktion des Immunsystems beitr\u00e4gt*.<\/p>\n<p><em>*Gesundheitsbezogene Angabe, deren europ\u00e4ische Zulassung noch aussteht<\/em><\/p>\n<p>Der deutsche wissenschaftliche Beirat, die Kommission E, hat eine positive Empfehlung f\u00fcr die oberirdischen Pflanzenteile von <em>Echinacea purpurea<\/em> ausgesprochen. Das bedeutet, dass es ausreichende Belege f\u00fcr die Wirksamkeit von <em>Echinacea purpurea<\/em> gibt. <\/p>\n<p>Die Gesundheitsexperten, die das Bonusan-Pr\u00e4parat entwickelt haben, haben sich daher f\u00fcr eine gro\u00dfz\u00fcgige Dosierung der oberirdischen Pflanzenteile entschieden.<\/p>\n<p>Die Vorteile von <em>Echinacea purpurea<\/em> sind:<\/p>\n<ul>\n<li>Tr\u00e4gt zu einer normalen Funktion des Immunsystems bei*<\/li>\n<li>Gut f\u00fcr die Atemwege*<\/li>\n<li>Gut f\u00fcr Nierenfunktion und Harnwege*<\/li>\n<\/ul>\n<p>Echinacea wird h\u00e4ufig verwendet, wenn das &#8220;R&#8221; im Monat steht, d. h. haupts\u00e4chlich in den k\u00e4lteren Monaten, auch weil es zur normalen Funktion des Immunsystems beitr\u00e4gt*.<\/p>\n<p><em>*Gesundheitsbezogene Angabe, deren europ\u00e4ische Zulassung noch aussteht<\/em><\/p>\n<p>Echinacea ist f\u00fcr seine Sicherheit und Zuverl\u00e4ssigkeit bekannt. Studien haben gezeigt, dass Echinacea-Erg\u00e4nzungen ein gutes Sicherheitsprofil aufweisen. Die meisten Studien wurden \u00fcber einen Zeitraum von bis zu 12 Wochen durchgef\u00fchrt. Die Verwendung von Echinacea-Erg\u00e4nzungsmitteln hat sich auch f\u00fcr Kinder als sicher erwiesen.   <\/p>\n<p>Au\u00dferdem sind nur wenige Nebenwirkungen bei der Verwendung von Echinacea bekannt. Das macht Echinacea f\u00fcr viele Menschen zu einer nat\u00fcrlichen Wahl. <\/p>\n<p>Echinacea ist auch f\u00fcr Kinder geeignet. Sind Sie neugierig auf die ideale Dosierung f\u00fcr Ihr Kind? Dann schauen Sie oben unter &#8220;Wie viel Echinacea sollte ich einnehmen?&#8221;.  <\/p>\n<p>\u00dcber die Verwendung von Echinacea in der Schwangerschaft und Stillzeit ist noch nicht viel bekannt. Vorl\u00e4ufige Ergebnisse deuten darauf hin, dass sie sicher sein k\u00f6nnte. Dennoch empfehlen wir, Echinacea w\u00e4hrend der Schwangerschaft und der Stillzeit nicht zu verwenden, bis mehr wissenschaftliche Erkenntnisse \u00fcber seine Sicherheit unter diesen Umst\u00e4nden vorliegen.  <\/p>\n<p>Es gibt neun bekannte Echinacea-Arten, aber haupts\u00e4chlich werden <em>Echinacea angustifolia<\/em> und <em>Echinacea purpurea<\/em> wegen ihrer einzigartigen und wertvollen Eigenschaften in Nahrungserg\u00e4nzungsmitteln verwendet. Hier ist ein kurzer \u00dcberblick: <\/p>\n<ul>\n<li><strong>Angustifolia<\/strong> gilt als besonders potente Sorte; eine kleine Menge ist bereits wirksam. Hohe Konzentrationen des Wirkstoffs Echinacoside sind vor allem in der Wurzel enthalten. <\/li>\n<li><strong>Purpurea<\/strong> zeichnet sich durch eine Vielzahl von Wirkstoffen aus, die eine breite Palette von gesundheitlichen Vorteilen bieten. Diese Sorte enth\u00e4lt keine Echinacoside, aber die oberirdischen Pflanzenteile sind reich an anderen wertvollen Substanzen, den Phenolen. <\/li>\n<\/ul>\n<p>Der Bonusan Echinacea purpurea-angustifolia-Extrakt vereint die Kraft beider Sorten. Das Nahrungserg\u00e4nzungsmittel enth\u00e4lt standardisierte Extrakte in optimalen Verh\u00e4ltnissen. So erhalten Sie das Beste aus beiden Pflanzen.  <\/p>\n<p>Der Hauptunterschied zwischen Tinktur, Tee und standardisierten Echinacea-Pr\u00e4paraten besteht in der Konzentration und der Aufnahme der Wirkstoffe.<\/p>\n<ul>\n<li><strong>Tinkturen:<\/strong> Sie basieren auf Alkohol, bewahren die intakten Pflanzenstoffe und bieten eine l\u00e4ngere Haltbarkeit, die der Nat\u00fcrlichkeit der Pflanze nahe kommt.<\/li>\n<li><strong>Tee:<\/strong> einfach und wohlschmeckend, aber oft mit geringeren und unterschiedlichen Konzentrationen an Wirkstoffen.<\/li>\n<li><strong>Standardisierte Nahrungserg\u00e4nzungsmittel: Sie<\/strong> garantieren eine genaue Menge der wichtigsten Substanzen und sorgen so f\u00fcr Konsistenz und Wirksamkeit.<\/li>\n<\/ul>\n","protected":false},"excerpt":{"rendered":"<div class=\"product-detail-description-text mt-3 d-none d-lg-block\">\n<p>Der Bonusan Echinacea purpurea-angustifolia-Extrakt ist ein wirkungsvolles Erg\u00e4nzungsmittel, das zwei Echinacea-Arten enth\u00e4lt, die zu einer normalen Funktion des Immunsystems beitragen*. Echinacea ist f\u00fcr seine Sicherheit und Zuverl\u00e4ssigkeit bekannt. Unser Extrakt ist f\u00fcr eine garantierte Wirksamkeit in jeder Kapsel standardisiert, flexibel in der Anwendung und leicht mit anderen Produkten zu kombinieren, die zu einer normalen Funktion des Immunsystems beitragen*.  <\/p>\n<\/div>\n<div class=\"product-detail-usps mt-4 lg-mt-0\">\n<ul>\n<li>Mit zwei Arten von Echinacea: <em>Echinacea purpurea<\/em> und <em>Echinacea angustifolia<\/em><\/li>\n<li>Tr\u00e4gt zu einer normalen Funktion des Immunsystems bei*<\/li>\n<li>Standardisiert auf Phenole und Echinacoside<\/li>\n<li>Einzigartige, wissenschaftlich fundierte Bonusan-Zusammensetzung<\/li>\n<\/ul>\n<p><em>*Gesundheitsbezogene Angabe, deren europ\u00e4ische Zulassung noch aussteht<\/em><\/p>\n<\/div>\n","protected":false},"featured_media":44247,"comment_status":"open","ping_status":"closed","template":"","meta":{"_acf_changed":false,"_seopress_robots_primary_cat":"441","_seopress_titles_title":"Bonusan Echinacea purpurea-angustifolia Extrakt - 60 St\u00fcck - Kapseln | Vitafit","_seopress_titles_desc":"","_seopress_robots_index":""},"product_brand":[1398],"product_cat":[1453,1344],"product_tag":[],"woo-feed-brand":[],"class_list":{"0":"post-45171","1":"product","2":"type-product","3":"status-publish","4":"has-post-thumbnail","6":"product_brand-bonusan-de","7":"product_cat-kehle-und-atemwege","8":"product_cat-widerstand","9":"pa_inhoud-60-stuck","10":"pa_kruiden-extrakt-aus-der-wurzel-des-sonnenhuts-echinacea-angustifolia-radix","11":"pa_merk-bonusan","12":"pa_oplossingen-kehle-und-atemwege","13":"pa_oplossingen-widerstand","14":"pa_soort-kapsel-2","16":"first","17":"instock","18":"taxable","19":"shipping-taxable","20":"purchasable","21":"product-type-variable","22":"has-default-attributes"},"acf":[],"_links":{"self":[{"href":"https:\/\/vitafit.nu\/de\/wp-json\/wp\/v2\/product\/45171","targetHints":{"allow":["GET"]}}],"collection":[{"href":"https:\/\/vitafit.nu\/de\/wp-json\/wp\/v2\/product"}],"about":[{"href":"https:\/\/vitafit.nu\/de\/wp-json\/wp\/v2\/types\/product"}],"replies":[{"embeddable":true,"href":"https:\/\/vitafit.nu\/de\/wp-json\/wp\/v2\/comments?post=45171"}],"wp:featuredmedia":[{"embeddable":true,"href":"https:\/\/vitafit.nu\/de\/wp-json\/wp\/v2\/media\/44247"}],"wp:attachment":[{"href":"https:\/\/vitafit.nu\/de\/wp-json\/wp\/v2\/media?parent=45171"}],"wp:term":[{"taxonomy":"product_brand","embeddable":true,"href":"https:\/\/vitafit.nu\/de\/wp-json\/wp\/v2\/product_brand?post=45171"},{"taxonomy":"product_cat","embeddable":true,"href":"https:\/\/vitafit.nu\/de\/wp-json\/wp\/v2\/product_cat?post=45171"},{"taxonomy":"product_tag","embeddable":true,"href":"https:\/\/vitafit.nu\/de\/wp-json\/wp\/v2\/product_tag?post=45171"},{"taxonomy":"woo-feed-brand","embeddable":true,"href":"https:\/\/vitafit.nu\/de\/wp-json\/wp\/v2\/woo-feed-brand?post=45171"}],"curies":[{"name":"wp","href":"https:\/\/api.w.org\/{rel}","templated":true}]}}