{"id":45172,"date":"2024-04-20T08:54:39","date_gmt":"2024-04-20T08:54:39","guid":{"rendered":"https:\/\/vitafit.nu\/product\/bonusan-ribose-2000-250-gramm-pulver\/"},"modified":"2025-05-05T12:19:31","modified_gmt":"2025-05-05T12:19:31","slug":"bonusan-ribose-2000-250-gramm-pulver","status":"publish","type":"product","link":"https:\/\/vitafit.nu\/de\/produkt\/bonusan-ribose-2000-250-gramm-pulver\/","title":{"rendered":"Bonusan Ribose 2000 250 Gramm Pulver"},"content":{"rendered":"<p>D-Ribose ist ein nat\u00fcrlicher Zucker und ein Baustein im menschlichen K\u00f6rper. Im Grunde stellt unser K\u00f6rper seine eigene Ribose aus Glukose her. Aber der Prozess der Herstellung seiner eigenen Ribose ist knifflig, so dass in manchen F\u00e4llen weniger Ribose hergestellt wird, als man eigentlich braucht.  <\/p>\n<p>Ihr K\u00f6rper verwendet Ribose, um daraus Nukleotide herzustellen. Nukleotide sind die Bausteine von Adenosintriphosphat (ATP) und unseres genetischen Materials (DNA und RNA). Ribose wird h\u00e4ufig kurz vor dem Sport oder anderen anstrengenden Aktivit\u00e4ten verwendet.  <\/p>\n<p>Manchmal ist Ihr K\u00f6rper nicht in der Lage, selbst gen\u00fcgend Ribose herzustellen. Oder Ihr K\u00f6rper ben\u00f6tigt vor\u00fcbergehend zus\u00e4tzliche Ribose. Ribose wird innerhalb von 30 Minuten von Ihrem K\u00f6rper aufgenommen. Sie k\u00f6nnen die Ribose daher zu verschiedenen Zeiten einnehmen, zum Beispiel kurz vor einer anstrengenden T\u00e4tigkeit wie einem Training oder einem Wettkampf. F\u00fcr eine optimale Aufnahme empfehlen wir, Bonusan Ribose ohne andere Zucker oder Kohlenhydrate einzunehmen.    <\/p>\n<p>Bonusan Ribose enth\u00e4lt nur reines Ribosepulver ohne Zusatz von Hilfsstoffen wie Duft-, Farb- und Geschmacksstoffen. Die Ribose ist dank der Pulverform und des mitgelieferten Messl\u00f6ffels (Sie verwenden 1 bis 4 Messl\u00f6ffel) einfach und flexibel zu dosieren. Bonusan Ribose wird schnell vom K\u00f6rper aufgenommen.  <\/p>\n<p>Ribose hat von Natur aus einen angenehm s\u00fc\u00dfen Geschmack und Sie k\u00f6nnen das Pulver problemlos in Ihr selbstgemachtes Sportgetr\u00e4nk oder Ihren Shake mischen. Zum Beispiel mit anderen Supplementen wie Bonusan Magnesan Forte plus oder Creatin Monohydrat. Kreatin steigert die k\u00f6rperliche Leistungsf\u00e4higkeit bei aufeinanderfolgenden, kurzen und hochintensiven \u00dcbungen.  <\/p>\n<p>Die zus\u00e4tzliche Einnahme von Ribose als Nahrungserg\u00e4nzungsmittel ist sicher. D-Ribose ist die Form, die auch vom K\u00f6rper selbst hergestellt werden kann. Sie verwenden D-Ribose, um den k\u00f6rpereigenen Vorrat aufzuf\u00fcllen.  <\/p>\n<p>Unsere Nahrung enth\u00e4lt nur sehr wenig Ribose; den gr\u00f6\u00dften Teil muss der K\u00f6rper selbst herstellen. Ribose kommt nat\u00fcrlich in geringen Mengen in Pilzen, Fleisch und Gefl\u00fcgel vor. <\/p>\n<p>&nbsp;<\/p>\n","protected":false},"excerpt":{"rendered":"<div class=\"product-detail-description-text mt-3\">\n<p>Bonusan Ribose Powder bietet eine wertvolle Erg\u00e4nzung von D-Ribose. D-Ribose ist ein nat\u00fcrlicher Zucker, den unser K\u00f6rper selbst aus Glukose herstellt und der eine Rolle bei der Produktion von ATP spielt. Bonusan Ribose wird am besten vor dem Sport oder einer anderen anstrengenden T\u00e4tigkeit eingenommen.  <\/p>\n<\/div>\n<div class=\"product-detail-usps\">\n<ul>\n<li>Enth\u00e4lt nur D-Ribose<\/li>\n<li>Reines und hochwertiges Produkt<\/li>\n<li>Einfach zu verwendendes Pulver mit nat\u00fcrlich leicht s\u00fc\u00dfem Geschmack<\/li>\n<\/ul>\n<\/div>\n","protected":false},"featured_media":43975,"comment_status":"open","ping_status":"closed","template":"","meta":{"_acf_changed":false,"_seopress_robots_primary_cat":"1152","_seopress_titles_title":"Bonusan Ribose - 250 Gramm - Pulver | vitafit.nu","_seopress_titles_desc":"","_seopress_robots_index":""},"product_brand":[1398],"product_cat":[1352,1714],"product_tag":[],"woo-feed-brand":[],"class_list":{"0":"post-45172","1":"product","2":"type-product","3":"status-publish","4":"has-post-thumbnail","6":"product_brand-bonusan-de","7":"product_cat-andere-erganzungen","8":"product_cat-d-ribose-de","9":"pa_inhoud-100-g","10":"pa_inhoud-250-gramm","11":"pa_merk-bonusan","12":"pa_overige-supplementen-d-ribose-de","13":"pa_soort-pulver","15":"first","16":"instock","17":"taxable","18":"shipping-taxable","19":"purchasable","20":"product-type-variable","21":"has-default-attributes"},"acf":[],"_links":{"self":[{"href":"https:\/\/vitafit.nu\/de\/wp-json\/wp\/v2\/product\/45172","targetHints":{"allow":["GET"]}}],"collection":[{"href":"https:\/\/vitafit.nu\/de\/wp-json\/wp\/v2\/product"}],"about":[{"href":"https:\/\/vitafit.nu\/de\/wp-json\/wp\/v2\/types\/product"}],"replies":[{"embeddable":true,"href":"https:\/\/vitafit.nu\/de\/wp-json\/wp\/v2\/comments?post=45172"}],"wp:featuredmedia":[{"embeddable":true,"href":"https:\/\/vitafit.nu\/de\/wp-json\/wp\/v2\/media\/43975"}],"wp:attachment":[{"href":"https:\/\/vitafit.nu\/de\/wp-json\/wp\/v2\/media?parent=45172"}],"wp:term":[{"taxonomy":"product_brand","embeddable":true,"href":"https:\/\/vitafit.nu\/de\/wp-json\/wp\/v2\/product_brand?post=45172"},{"taxonomy":"product_cat","embeddable":true,"href":"https:\/\/vitafit.nu\/de\/wp-json\/wp\/v2\/product_cat?post=45172"},{"taxonomy":"product_tag","embeddable":true,"href":"https:\/\/vitafit.nu\/de\/wp-json\/wp\/v2\/product_tag?post=45172"},{"taxonomy":"woo-feed-brand","embeddable":true,"href":"https:\/\/vitafit.nu\/de\/wp-json\/wp\/v2\/woo-feed-brand?post=45172"}],"curies":[{"name":"wp","href":"https:\/\/api.w.org\/{rel}","templated":true}]}}