{"id":45184,"date":"2024-04-20T08:18:51","date_gmt":"2024-04-20T08:18:51","guid":{"rendered":"https:\/\/vitafit.nu\/product\/bonusan-ribes-nigrum-extrakt-60-kapseln\/"},"modified":"2025-05-05T09:29:44","modified_gmt":"2025-05-05T09:29:44","slug":"bonusan-ribes-nigrum-extrakt-60-kapseln","status":"publish","type":"product","link":"https:\/\/vitafit.nu\/de\/produkt\/bonusan-ribes-nigrum-extrakt-60-kapseln\/","title":{"rendered":"Bonusan Ribes nigrum Extrakt 60 Kapseln"},"content":{"rendered":"<p><i>Ribes nigrum<\/i>, auch schwarze Johannisbeere genannt, enth\u00e4lt zahlreiche bioaktive Verbindungen. Die dunkle Farbe der schwarzen Johannisbeere wird durch die biologisch aktiven Anthocyanidine, eine Art von Flavonoiden, verursacht. Wie bei vielen Nahrungserg\u00e4nzungsmitteln, die aus der Natur stammen, k\u00f6nnen verschiedene Teile der Pflanze f\u00fcr unterschiedliche Zwecke verwendet werden. Im Fall von<i>Ribes nigrum<\/i> wird in der Regel die Beere verwendet.   <\/p>\n<p>In der traditionellen Phytotherapie wird<i> Ribes nigrum<\/i> manchmal als &#8220;Strauch der tausend Tugenden&#8221; bezeichnet, da die Beere zahlreiche positive Wirkungen hat. So ist<i>Ribes nigrum<\/i> gut f\u00fcr den Blutkreislauf* und gut f\u00fcr den Blutdruck*. Au\u00dferdem tr\u00e4gt sie zu einem normalen Funktionieren des Immunsystems bei*.  <\/p>\n<p>Bonusan Ribes nigrum extract enth\u00e4lt einen hochwertigen Extrakt aus<i>Ribes nigrum<\/i>. Der Extrakt ist auf 25% Anthocyanidine standardisiert. Bonusan Ribes nigrum bietet eine hohe Konzentration an Beerenextrakt (50:1) in leicht zu schluckenden Kapseln. Das bedeutet, dass f\u00fcr 1 Gramm Extrakt bis zu 50 Gramm Beeren verwendet wurden. Die empfohlene Dosierung liegt bei ein bis zwei Kapseln pro Tag, kann aber je nach Anwendung problemlos erh\u00f6ht werden.    <\/p>\n<p>F\u00fcr den Bonusan Ribes nigrum-Extrakt verwenden wir die Beere als Rohmaterial. Der Extrakt ist auf 25% Anthocyanidine standardisiert. In wissenschaftlichen Studien zu<i> Ribes nigrum<\/i> ist dies auch die \u00fcbliche Standardisierung. Bei therapeutischen Behandlungen kann immer von der Mindestmenge dieses Wirkstoffs ausgegangen werden, unabh\u00e4ngig von Erntezeit, Trocknungszeit oder anderen Einfl\u00fcssen, die auf das Produkt eingewirkt haben.   <\/p>\n<p>Bei Bonusan legen wir gro\u00dfen Wert auf die wissenschaftliche Fundierung der Wirkung unserer Produkte. Unsere Forschungs- und Entwicklungsabteilung besch\u00e4ftigt sich mit der Erforschung von Anwendungsm\u00f6glichkeiten, Formen, Sicherheit, Zusammensetzungen und Wechselwirkungen von Lebensmitteln und pflanzlichen Stoffen und deren Umsetzung in unseren Produkten. <\/p>\n<p>Bonusan Ribes nigrum Extrakt eignet sich f\u00fcr Menschen, die Wert auf eine gute allgemeine Gesundheit legen und diese mit einem nat\u00fcrlichen Erg\u00e4nzungsmittel unterst\u00fctzen m\u00f6chten.<i>Ribes nigrum<\/i> tr\u00e4gt zum Beispiel zu einer normalen Funktion des Immunsystems bei und ist gut f\u00fcr den Blutkreislauf* und den Blutdruck*. <\/p>\n<p>Bonusan Ribes nigrum extract ist f\u00fcr Vegetarier und Veganer geeignet.<\/p>\n<p>*Gesundheitsbezogene Angaben sind noch nicht in Europa zugelassen.<\/p>\n","protected":false},"excerpt":{"rendered":"<div class=\"product-detail-description-text mt-3\">\n<p>Kleine Kraftpakete, das sind die schwarzen Johannisbeeren (Ribes nigrum), die seit dem 17. Jahrhundert angebaut werden. Ribes nigrum, auch schwarze Johannisbeere genannt, enth\u00e4lt viele interessante bioaktive Verbindungen. Die essbaren, violett-schwarzen Fr\u00fcchte schmecken s\u00fc\u00df und sind ein bekanntes Naturheilmittel: Die Beeren sind gut f\u00fcr den Blutkreislauf* und den Blutdruck*.<\/p>\n<p>*Gesundheitsbezogene Angaben stehen noch unter Vorbehalt der europ\u00e4ischen Zulassung<\/p>\n<\/div>\n<div class=\"product-detail-usps\">\n<ul>\n<li>Extrakt standardisiert auf 25% Anthocyanidine<\/li>\n<li>Gut f\u00fcr den Blutkreislauf* und den Blutdruck*<\/li>\n<li>Unterst\u00fctzt die normale Funktion des Immunsystems*<\/li>\n<\/ul>\n<\/div>\n","protected":false},"featured_media":44279,"comment_status":"open","ping_status":"closed","template":"","meta":{"_acf_changed":false,"_seopress_robots_primary_cat":"650","_seopress_titles_title":"Bonusan Ribes nigrum Extrakt - 60 St\u00fcck - Kapseln | vitafit.nu","_seopress_titles_desc":"","_seopress_robots_index":""},"product_brand":[1398],"product_cat":[1649,1318,1344],"product_tag":[],"woo-feed-brand":[],"class_list":{"0":"post-45184","1":"product","2":"type-product","3":"status-publish","4":"has-post-thumbnail","6":"product_brand-bonusan-de","7":"product_cat-gelenke","8":"product_cat-losungen","9":"product_cat-widerstand","10":"pa_inhoud-60-stuck","11":"pa_kruiden-glycerinmazerat-von-ribes-nigrum-schwarze-johannisbeere","12":"pa_merk-bonusan","13":"pa_oplossingen-gelenke","14":"pa_oplossingen-widerstand","15":"pa_soort-kapsel-2","17":"first","18":"instock","19":"taxable","20":"shipping-taxable","21":"purchasable","22":"product-type-variable","23":"has-default-attributes"},"acf":[],"_links":{"self":[{"href":"https:\/\/vitafit.nu\/de\/wp-json\/wp\/v2\/product\/45184","targetHints":{"allow":["GET"]}}],"collection":[{"href":"https:\/\/vitafit.nu\/de\/wp-json\/wp\/v2\/product"}],"about":[{"href":"https:\/\/vitafit.nu\/de\/wp-json\/wp\/v2\/types\/product"}],"replies":[{"embeddable":true,"href":"https:\/\/vitafit.nu\/de\/wp-json\/wp\/v2\/comments?post=45184"}],"wp:featuredmedia":[{"embeddable":true,"href":"https:\/\/vitafit.nu\/de\/wp-json\/wp\/v2\/media\/44279"}],"wp:attachment":[{"href":"https:\/\/vitafit.nu\/de\/wp-json\/wp\/v2\/media?parent=45184"}],"wp:term":[{"taxonomy":"product_brand","embeddable":true,"href":"https:\/\/vitafit.nu\/de\/wp-json\/wp\/v2\/product_brand?post=45184"},{"taxonomy":"product_cat","embeddable":true,"href":"https:\/\/vitafit.nu\/de\/wp-json\/wp\/v2\/product_cat?post=45184"},{"taxonomy":"product_tag","embeddable":true,"href":"https:\/\/vitafit.nu\/de\/wp-json\/wp\/v2\/product_tag?post=45184"},{"taxonomy":"woo-feed-brand","embeddable":true,"href":"https:\/\/vitafit.nu\/de\/wp-json\/wp\/v2\/woo-feed-brand?post=45184"}],"curies":[{"name":"wp","href":"https:\/\/api.w.org\/{rel}","templated":true}]}}