{"id":45192,"date":"2024-04-20T07:33:39","date_gmt":"2024-04-20T07:33:39","guid":{"rendered":"https:\/\/vitafit.nu\/product\/bonusan-resveratrol-100-60-kapseln\/"},"modified":"2025-04-11T04:52:40","modified_gmt":"2025-04-11T04:52:40","slug":"bonusan-resveratrol-100-60-kapseln","status":"publish","type":"product","link":"https:\/\/vitafit.nu\/de\/produkt\/bonusan-resveratrol-100-60-kapseln\/","title":{"rendered":"Bonusan Resveratrol 100 60 Kapseln"},"content":{"rendered":"<p>Bonusan Resveratrol 100 mg enth\u00e4lt eine reichliche Dosis an reinem Resveratrol. Resveratrol ist eines der am besten erforschten Polyphenole. Polyphenole wie das Resveratrol tragen zum Schutz der Zellen vor oxidativen Sch\u00e4den* bei. Unter anderem deshalb tr\u00e4gt Resveratrol zu einer normalen Herzfunktion* bei.   <\/p>\n<p>Resveratrol ist ein wichtiger N\u00e4hrstoff, der in der wissenschaftlichen Forschung weit verbreitet ist. Bonusan Resveratrol 100 mg enth\u00e4lt die biologisch aktive Form trans-Resveratrol. Pflanzen, die reich an Resveratrol sind, werden auch h\u00e4ufig in der traditionellen chinesischen Kr\u00e4uterkunde und im Ayurveda verwendet.  <\/p>\n<p>*Gesundheitsbezogene Angaben<i>, deren europ\u00e4ische Zulassung noch aussteht<\/i><\/p>\n<div id=\"collapse1\" class=\"collapse show\" aria-labelledby=\"heading1\" data-parent=\"#accordionFaq\">\n<div class=\"card-body\">\n<p>Bonusan Resveratrol 100 mg enth\u00e4lt eine reichliche Dosis an reinem Resveratrol. Resveratrol ist eines der am besten erforschten Polyphenole. Polyphenole wie das Resveratrol tragen zum Schutz der Zellen vor oxidativen Sch\u00e4den* bei. Unter anderem deshalb tr\u00e4gt Resveratrol zu einer normalen Herzfunktion* bei.   <\/p>\n<p>Resveratrol ist ein wichtiger N\u00e4hrstoff, der in der wissenschaftlichen Forschung weit verbreitet ist. Bonusan Resveratrol 100 mg enth\u00e4lt die biologisch aktive Form trans-Resveratrol. Pflanzen, die reich an Resveratrol sind, werden auch h\u00e4ufig in der traditionellen chinesischen Kr\u00e4uterkunde und im Ayurveda verwendet.  <\/p>\n<p>*Gesundheitsbezogene Angaben<i>, deren europ\u00e4ische Zulassung noch aussteht<\/i><\/p>\n<\/div>\n<\/div>\n<div class=\"card\">\n<div id=\"heading2\" class=\"card-header\"><\/div>\n<\/div>\n<div id=\"collapse2\" class=\"collapse show\" aria-labelledby=\"heading2\" data-parent=\"#accordionFaq\">\n<div class=\"card-body\">\n<p>Eine der bekanntesten Quellen f\u00fcr Resveratrol ist der Rotwein. Die Schale von roten und blauen Weintrauben ist reich an Resveratrol. Auch in Maulbeeren, Heidelbeeren, Erdn\u00fcssen und Kakao ist Resveratrol enthalten. Vor allem Bio-Produkte sind reich an Polyphenolen wie Resveratrol. Eine weitere Quelle f\u00fcr Resveratrol ist die Wurzel des Japanischen Staudenkn\u00f6terichs<i>(Polygonum cuspidatum<\/i>). Das Resveratrol in Bonusan Resveratrol 100 mg wird aus einem Extrakt aus der Wurzel des japanischen Staudenkn\u00f6terichs gewonnen.     <\/p>\n<p>Bonusan Resveratrol 100 mg ist f\u00fcr eine breite Zielgruppe geeignet. Resveratrol tr\u00e4gt zum Schutz der Zellen vor oxidativen Sch\u00e4den* und zu einer normalen Herzfunktion* bei. Resveratrol ist pflanzlichen Ursprungs und das Produkt ist daher auch f\u00fcr Vegetarier und Veganer geeignet.  <\/p>\n<p>*Gesundheitsbezogene Angaben<i>, deren europ\u00e4ische Zulassung noch aussteht<\/i><\/p>\n<\/div>\n<\/div>\n<p>&nbsp;<\/p>\n<p>&nbsp;<\/p>\n","protected":false},"excerpt":{"rendered":"<div class=\"product-detail-description-text mt-3\">\n<p>Bonusan Resveratrol 100 mg enth\u00e4lt einen hochwertigen und reinen Resveratrol-Extrakt, der zu einer normalen Herzfunktion* beitr\u00e4gt. Resveratrol tr\u00e4gt zum Schutz der Zellen vor Stress* bei und wird daher h\u00e4ufig in der wissenschaftlichen Forschung eingesetzt. <\/p>\n<\/div>\n<div class=\"product-detail-usps\">\n<ul>\n<li>Resveratrol tr\u00e4gt zu einer normalen Herzfunktion bei*<\/li>\n<li>Enth\u00e4lt einen 98% reinen und nat\u00fcrlichen trans-Resveratrol-Extrakt<\/li>\n<li>Erf\u00fcllt die h\u00f6chsten Reinheitsstandards<\/li>\n<\/ul>\n<p>*Gesundheitsbezogene Angaben<i>, deren europ\u00e4ische Zulassung noch aussteht<\/i><\/p>\n<\/div>\n","protected":false},"featured_media":43951,"comment_status":"open","ping_status":"closed","template":"","meta":{"_acf_changed":false,"_seopress_robots_primary_cat":"448","_seopress_titles_title":"Bonusan Resveratrol 100 mg - 60 St\u00fcck - Kapseln | vitafit.nu","_seopress_titles_desc":"","_seopress_robots_index":""},"product_brand":[1398],"product_cat":[1345,1318],"product_tag":[],"woo-feed-brand":[],"class_list":{"0":"post-45192","1":"product","2":"type-product","3":"status-publish","4":"has-post-thumbnail","6":"product_brand-bonusan-de","7":"product_cat-herz-und-oder-blutgefase","8":"product_cat-losungen","9":"pa_inhoud-60-stuck","10":"pa_merk-bonusan","11":"pa_oplossingen-herz-und-oder-blutgefase","12":"pa_overige-supplementen-resveratrol-de","13":"pa_soort-kapsel-2","15":"first","16":"instock","17":"taxable","18":"shipping-taxable","19":"purchasable","20":"product-type-variable","21":"has-default-attributes"},"acf":[],"_links":{"self":[{"href":"https:\/\/vitafit.nu\/de\/wp-json\/wp\/v2\/product\/45192","targetHints":{"allow":["GET"]}}],"collection":[{"href":"https:\/\/vitafit.nu\/de\/wp-json\/wp\/v2\/product"}],"about":[{"href":"https:\/\/vitafit.nu\/de\/wp-json\/wp\/v2\/types\/product"}],"replies":[{"embeddable":true,"href":"https:\/\/vitafit.nu\/de\/wp-json\/wp\/v2\/comments?post=45192"}],"wp:featuredmedia":[{"embeddable":true,"href":"https:\/\/vitafit.nu\/de\/wp-json\/wp\/v2\/media\/43951"}],"wp:attachment":[{"href":"https:\/\/vitafit.nu\/de\/wp-json\/wp\/v2\/media?parent=45192"}],"wp:term":[{"taxonomy":"product_brand","embeddable":true,"href":"https:\/\/vitafit.nu\/de\/wp-json\/wp\/v2\/product_brand?post=45192"},{"taxonomy":"product_cat","embeddable":true,"href":"https:\/\/vitafit.nu\/de\/wp-json\/wp\/v2\/product_cat?post=45192"},{"taxonomy":"product_tag","embeddable":true,"href":"https:\/\/vitafit.nu\/de\/wp-json\/wp\/v2\/product_tag?post=45192"},{"taxonomy":"woo-feed-brand","embeddable":true,"href":"https:\/\/vitafit.nu\/de\/wp-json\/wp\/v2\/woo-feed-brand?post=45192"}],"curies":[{"name":"wp","href":"https:\/\/api.w.org\/{rel}","templated":true}]}}