{"id":45193,"date":"2024-04-12T08:05:51","date_gmt":"2024-04-12T08:05:51","guid":{"rendered":"https:\/\/vitafit.nu\/product\/bonusan-passiflora-incarnata-50-ml\/"},"modified":"2025-04-11T04:52:41","modified_gmt":"2025-04-11T04:52:41","slug":"bonusan-passiflora-incarnata-50-ml","status":"publish","type":"product","link":"https:\/\/vitafit.nu\/de\/produkt\/bonusan-passiflora-incarnata-50-ml\/","title":{"rendered":"Bonusan Passiflora incarnata 50 ml"},"content":{"rendered":"","protected":false},"excerpt":{"rendered":"<div class=\"product-detail-description-text mt-3\">F\u00fchlen Sie sich d\u00fcster*, wehm\u00fctig* oder leiden Sie unter H\u00f6hen und Tiefen*? In aufregenden Zeiten* kann der K\u00f6rper etwas zus\u00e4tzliche Hilfe gebrauchen. Dann bietet Bonusan Passiflora incarnata Tinktur mit <i>Passiflora incarnata<\/i> (Passionsblume) eine L\u00f6sung. Die spezielle Kr\u00e4uterformel ist ein nat\u00fcrliches Beruhigungsmittel* und tr\u00e4gt zur psychischen Belastbarkeit* bei.   <\/div>\n<div class=\"product-detail-usps\">\n<ul>\n<li>Eine einzige Tinktur mit Passionsblume, f\u00fcr die geistige Energie<\/li>\n<li>  Wohltuend f\u00fcr ein gutes seelisches Gleichgewicht*<\/li>\n<li>  Passiflora incaranta ist bekannt f\u00fcr ihre entspannende* und beruhigende Wirkung*.<\/li>\n<\/ul>\n<div><i>*Gesundheitsbezogene Angaben, deren europ\u00e4ische Zulassung noch aussteht.  <\/i><\/div>\n<\/div>\n","protected":false},"featured_media":44195,"comment_status":"open","ping_status":"closed","template":"","meta":{"_acf_changed":false,"_seopress_robots_primary_cat":"402","_seopress_titles_title":"Bonusan Passiflora incarnata Tinktur - 30 ml - Tropfen | vitafit.nu","_seopress_titles_desc":"","_seopress_robots_index":""},"product_brand":[1398],"product_cat":[1316,1318,1320],"product_tag":[],"woo-feed-brand":[],"class_list":{"0":"post-45193","1":"product","2":"type-product","3":"status-publish","4":"has-post-thumbnail","6":"product_brand-bonusan-de","7":"product_cat-krauter","8":"product_cat-losungen","9":"product_cat-zustand-des-geistes","10":"pa_inhoud-50-ml-de","11":"pa_kruiden-passiflora-incarnata-passionsblume-herba","12":"pa_merk-bonusan","13":"pa_oplossingen-zustand-des-geistes","14":"pa_soort-tinktur","16":"first","17":"instock","18":"taxable","19":"shipping-taxable","20":"purchasable","21":"product-type-variable","22":"has-default-attributes"},"acf":[],"_links":{"self":[{"href":"https:\/\/vitafit.nu\/de\/wp-json\/wp\/v2\/product\/45193","targetHints":{"allow":["GET"]}}],"collection":[{"href":"https:\/\/vitafit.nu\/de\/wp-json\/wp\/v2\/product"}],"about":[{"href":"https:\/\/vitafit.nu\/de\/wp-json\/wp\/v2\/types\/product"}],"replies":[{"embeddable":true,"href":"https:\/\/vitafit.nu\/de\/wp-json\/wp\/v2\/comments?post=45193"}],"wp:featuredmedia":[{"embeddable":true,"href":"https:\/\/vitafit.nu\/de\/wp-json\/wp\/v2\/media\/44195"}],"wp:attachment":[{"href":"https:\/\/vitafit.nu\/de\/wp-json\/wp\/v2\/media?parent=45193"}],"wp:term":[{"taxonomy":"product_brand","embeddable":true,"href":"https:\/\/vitafit.nu\/de\/wp-json\/wp\/v2\/product_brand?post=45193"},{"taxonomy":"product_cat","embeddable":true,"href":"https:\/\/vitafit.nu\/de\/wp-json\/wp\/v2\/product_cat?post=45193"},{"taxonomy":"product_tag","embeddable":true,"href":"https:\/\/vitafit.nu\/de\/wp-json\/wp\/v2\/product_tag?post=45193"},{"taxonomy":"woo-feed-brand","embeddable":true,"href":"https:\/\/vitafit.nu\/de\/wp-json\/wp\/v2\/woo-feed-brand?post=45193"}],"curies":[{"name":"wp","href":"https:\/\/api.w.org\/{rel}","templated":true}]}}