{"id":45211,"date":"2024-04-11T19:18:41","date_gmt":"2024-04-11T19:18:41","guid":{"rendered":"https:\/\/vitafit.nu\/product\/bonusan-melissenkomplex-50-ml\/"},"modified":"2025-04-11T04:53:11","modified_gmt":"2025-04-11T04:53:11","slug":"bonusan-melissenkomplex-50-ml","status":"publish","type":"product","link":"https:\/\/vitafit.nu\/de\/bonusan-melissenkomplex-50-ml\/","title":{"rendered":"Bonusan Melissenkomplex 50 ml"},"content":{"rendered":"<p><em>Melissa officinalis<\/em> ist der Hauptbestandteil dieses Komplexes. Diese Pflanze geh\u00f6rt zur Familie der <em>Lamiaceae<\/em> und wird traditionell seit langem verwendet. Dies ist wahrscheinlich auf die Hauptinhaltsstoffe <em>der Melisse<\/em>, n\u00e4mlich ihre \u00e4therischen \u00d6le, zur\u00fcckzuf\u00fchren.  <\/p>\n<p>Insbesondere die Terpene Beta-Caryophyllen, Linalool, Geranial, Citral und Limonen in diesen \u00d6len sind f\u00fcr die beruhigende Wirkung <em>der Melisse<\/em> verantwortlich* <em>.<\/em> Diese Terpene tragen auch dazu bei, dass <em>Melissa officinalis<\/em> eine positive Wirkung auf die Schlaffunktion* hat.<\/p>\n<p><em>Hypericum perforatum<\/em> (Johanniskraut) wird auch in der traditionellen europ\u00e4ischen Kr\u00e4utermedizin seit dem Mittelalter verwendet. Die Pflanze enth\u00e4lt insbesondere Flavonoide und Hypericine, die dazu beitragen, dass <em>Hypericum<\/em> in Zeiten von Stress* das geistige und k\u00f6rperliche Gleichgewicht aufrechterh\u00e4lt. <\/p>\n<p>Das im Komplex enthaltene <em>Anethum graveolens<\/em> ist gut f\u00fcr den Schlaf* und unterst\u00fctzt somit die Wirkung der <em>Melisse<\/em>. Der dem Komplex hinzugef\u00fcgte<em> Salvia officinalis<\/em> ist daf\u00fcr bekannt, reizbare Gef\u00fchle* zu unterst\u00fctzen und ist daher eine willkommene Erg\u00e4nzung der Tinktur. <\/p>\n<p>Kurz gesagt, Melissa complex ist die Tinktur, die dank des Johanniskrauts f\u00fcr ein gutes seelisches Gleichgewicht* sorgt und dank der Melisse den Schlaf* unterst\u00fctzt.<\/p>\n<p><strong>Hohe Qualit\u00e4t dank hochwertiger Zutaten<\/strong><\/p>\n<p>Bei der Herstellung unserer Kr\u00e4uterrezepturen verwenden wir nur die besten Pflanzenmaterialien, die richtigen Pflanzenteile und ber\u00fccksichtigen die richtigen Erntezeiten. So verwenden wir f\u00fcr die Melissen-Komplex-Tinktur die frischen Bl\u00e4tter von <em>Melissa officinalis<\/em>, die den h\u00f6chsten Gehalt an \u00e4therischem \u00d6l aufweisen, und die frischen Bl\u00fctenspitzen von <em>Hypericum perforatum<\/em>, die die meisten Flavonoide enthalten. So erhalten Sie immer das Beste, was die Natur zu bieten hat.  <\/p>\n","protected":false},"excerpt":{"rendered":"<div class=\"product-detail-description-text mt-3\">Bonusan Melissa complex ist eine ausgewogene Kr\u00e4uterformel, die <i>Melissa officinalis<\/i> (Zitronenmelisse) und <i>Hypericum perforatum<\/i> (Johanniskraut) enth\u00e4lt. Durch die Kombination dieser beiden Kr\u00e4uter tr\u00e4gt diese Tinktur zur Stressresistenz bei*. <\/div>\n<div class=\"product-detail-usps\">\n<ul>\n<li>F\u00fcr ein gutes seelisches Gleichgewicht und psychische Belastbarkeit dank Melisse und Hypericum*<\/li>\n<li>Unterst\u00fctzt den Schlaf dank Melissa und Anethum*<\/li>\n<li>Einfach zu dosieren dank praktischem Tropfer<\/li>\n<\/ul>\n<\/div>\n","protected":false},"featured_media":44127,"comment_status":"open","ping_status":"closed","template":"","meta":{"_acf_changed":false,"_seopress_robots_primary_cat":"402","_seopress_titles_title":"Bonusan Melissen-Komplex-Tinktur - 50 ml - Tropfen | vitafit.nu","_seopress_titles_desc":"","_seopress_robots_index":""},"product_brand":[1398],"product_cat":[1316,1318,1498,1320],"product_tag":[],"woo-feed-brand":[],"class_list":{"0":"post-45211","1":"product","2":"type-product","3":"status-publish","4":"has-post-thumbnail","6":"product_brand-bonusan-de","7":"product_cat-krauter","8":"product_cat-losungen","9":"product_cat-schlaf","10":"product_cat-zustand-des-geistes","11":"pa_inhoud-50-ml-de","12":"pa_kruiden-anethum-graveolens-dill-herba","13":"pa_kruiden-johanniskraut","14":"pa_kruiden-melissa-officinalis-zitronenmelisse-folia","15":"pa_kruiden-salvia-officinalis-echter-salbei","16":"pa_merk-bonusan","17":"pa_oplossingen-schlaf","18":"pa_oplossingen-zustand-des-geistes","19":"pa_soort-tinktur","21":"first","22":"instock","23":"sale","24":"taxable","25":"shipping-taxable","26":"purchasable","27":"product-type-simple"},"acf":[],"_links":{"self":[{"href":"https:\/\/vitafit.nu\/de\/wp-json\/wp\/v2\/product\/45211","targetHints":{"allow":["GET"]}}],"collection":[{"href":"https:\/\/vitafit.nu\/de\/wp-json\/wp\/v2\/product"}],"about":[{"href":"https:\/\/vitafit.nu\/de\/wp-json\/wp\/v2\/types\/product"}],"replies":[{"embeddable":true,"href":"https:\/\/vitafit.nu\/de\/wp-json\/wp\/v2\/comments?post=45211"}],"wp:featuredmedia":[{"embeddable":true,"href":"https:\/\/vitafit.nu\/de\/wp-json\/wp\/v2\/media\/44127"}],"wp:attachment":[{"href":"https:\/\/vitafit.nu\/de\/wp-json\/wp\/v2\/media?parent=45211"}],"wp:term":[{"taxonomy":"product_brand","embeddable":true,"href":"https:\/\/vitafit.nu\/de\/wp-json\/wp\/v2\/product_brand?post=45211"},{"taxonomy":"product_cat","embeddable":true,"href":"https:\/\/vitafit.nu\/de\/wp-json\/wp\/v2\/product_cat?post=45211"},{"taxonomy":"product_tag","embeddable":true,"href":"https:\/\/vitafit.nu\/de\/wp-json\/wp\/v2\/product_tag?post=45211"},{"taxonomy":"woo-feed-brand","embeddable":true,"href":"https:\/\/vitafit.nu\/de\/wp-json\/wp\/v2\/woo-feed-brand?post=45211"}],"curies":[{"name":"wp","href":"https:\/\/api.w.org\/{rel}","templated":true}]}}