{"id":45218,"date":"2024-04-10T18:25:45","date_gmt":"2024-04-10T18:25:45","guid":{"rendered":"https:\/\/vitafit.nu\/product\/bonusan-maca-extrakt-60-vegakapseln\/"},"modified":"2025-04-11T04:53:24","modified_gmt":"2025-04-11T04:53:24","slug":"bonusan-maca-extrakt-60-vegakapseln","status":"publish","type":"product","link":"https:\/\/vitafit.nu\/de\/bonusan-maca-extrakt-60-vegakapseln\/","title":{"rendered":"Bonusan Maca-Extrakt 60 VegaKapseln"},"content":{"rendered":"<p>Maca (Lepidium meyenii) ist eine Knollenpflanze, die hoch in den Anden w\u00e4chst und reich an wichtigen N\u00e4hrstoffen ist. Als Kreuzbl\u00fctler ist die Maca die einzige essbare Pflanze, die unter extremen Witterungsbedingungen und in H\u00f6henlagen zwischen 3.000 und 4.000 Metern \u00fcberleben kann. Die Wurzeln der Pflanze sind daher sehr nahrhaft. Der Maca-Extrakt enth\u00e4lt verschiedene Macamide und Macaene sowie 2,5% Beta-Sitosterol.   <\/p>\n","protected":false},"excerpt":{"rendered":"<div class=\"product-detail-description-text mt-3\">Maca (Lepidium meyenii) ist eine Knollenpflanze, die hoch in den Anden w\u00e4chst und reich an wichtigen N\u00e4hrstoffen ist.<\/div>\n<div class=\"product-detail-usps\">\n<ul>\n<li>15 bis 25 Mal konzentriert<\/li>\n<\/ul>\n<\/div>\n","protected":false},"featured_media":43623,"comment_status":"open","ping_status":"closed","template":"","meta":{"_acf_changed":false,"_seopress_robots_primary_cat":"410","_seopress_titles_title":"Bonusan Maca-Extrakt - 60 St\u00fcck - Kapseln | vitafit.nu","_seopress_titles_desc":"","_seopress_robots_index":""},"product_brand":[1398],"product_cat":[1316],"product_tag":[],"woo-feed-brand":[],"class_list":{"0":"post-45218","1":"product","2":"type-product","3":"status-publish","4":"has-post-thumbnail","6":"product_brand-bonusan-de","7":"product_cat-krauter","8":"pa_inhoud-60-stuck","9":"pa_kruiden-lepidium-meyenii-maca-radix-extrakt","10":"pa_merk-bonusan","11":"pa_soort-kapsel-2","13":"first","14":"instock","15":"taxable","16":"shipping-taxable","17":"purchasable","18":"product-type-variable","19":"has-default-attributes"},"acf":[],"_links":{"self":[{"href":"https:\/\/vitafit.nu\/de\/wp-json\/wp\/v2\/product\/45218","targetHints":{"allow":["GET"]}}],"collection":[{"href":"https:\/\/vitafit.nu\/de\/wp-json\/wp\/v2\/product"}],"about":[{"href":"https:\/\/vitafit.nu\/de\/wp-json\/wp\/v2\/types\/product"}],"replies":[{"embeddable":true,"href":"https:\/\/vitafit.nu\/de\/wp-json\/wp\/v2\/comments?post=45218"}],"wp:featuredmedia":[{"embeddable":true,"href":"https:\/\/vitafit.nu\/de\/wp-json\/wp\/v2\/media\/43623"}],"wp:attachment":[{"href":"https:\/\/vitafit.nu\/de\/wp-json\/wp\/v2\/media?parent=45218"}],"wp:term":[{"taxonomy":"product_brand","embeddable":true,"href":"https:\/\/vitafit.nu\/de\/wp-json\/wp\/v2\/product_brand?post=45218"},{"taxonomy":"product_cat","embeddable":true,"href":"https:\/\/vitafit.nu\/de\/wp-json\/wp\/v2\/product_cat?post=45218"},{"taxonomy":"product_tag","embeddable":true,"href":"https:\/\/vitafit.nu\/de\/wp-json\/wp\/v2\/product_tag?post=45218"},{"taxonomy":"woo-feed-brand","embeddable":true,"href":"https:\/\/vitafit.nu\/de\/wp-json\/wp\/v2\/woo-feed-brand?post=45218"}],"curies":[{"name":"wp","href":"https:\/\/api.w.org\/{rel}","templated":true}]}}