{"id":45221,"date":"2024-04-03T09:55:44","date_gmt":"2024-04-03T09:55:44","guid":{"rendered":"https:\/\/vitafit.nu\/product\/bonusan-hypericum-ginkgo-eleutherococcus-extrakt-90-kapseln\/"},"modified":"2025-04-11T04:53:35","modified_gmt":"2025-04-11T04:53:35","slug":"bonusan-hypericum-ginkgo-eleutherococcus-extrakt-90-kapseln","status":"publish","type":"product","link":"https:\/\/vitafit.nu\/de\/produkt\/bonusan-hypericum-ginkgo-eleutherococcus-extrakt-90-kapseln\/","title":{"rendered":"Bonusan Hypericum-Ginkgo-Eleutherococcus-Extrakt 90 Kapseln"},"content":{"rendered":"<p>Die umfangreichen Qualit\u00e4tskontrollen bei Bonusan garantieren die hohe Qualit\u00e4t und Reinheit dieses Produktes. Verl\u00e4sslichkeit ist uns wichtig, deshalb verwendet Bonusan f\u00fcr seine Gesundheitsprodukte nur beste Rohstoffe und ausgewogene Zusammensetzungen. <\/p>\n","protected":false},"excerpt":{"rendered":"<div class=\"product-detail-description-text mt-3\">Hypericum-Ginkgo-Eleutherococcus bietet eine wirksame Kombination aus Johanniskraut, Ginkgo biloba und sibirischem Ginseng.<\/div>\n<div class=\"product-detail-usps\">\n<ul>\n<li>Optimale Synergie der nat\u00fcrlichen Extrakte<\/li>\n<li>Enth\u00e4lt alle Synergisten und unterst\u00fctzenden Pflanzenstoffe<\/li>\n<\/ul>\n<\/div>\n","protected":false},"featured_media":48653,"comment_status":"open","ping_status":"closed","template":"","meta":{"_acf_changed":false,"_seopress_robots_primary_cat":"402","_seopress_titles_title":"Bonusan Hypericum-Ginkgo-Eleutherococcus-Extrakt - 90 St\u00fcck -Kapseln | vitafit.nu","_seopress_titles_desc":"","_seopress_robots_index":""},"product_brand":[1398],"product_cat":[1316,1318,1320],"product_tag":[],"woo-feed-brand":[],"class_list":{"0":"post-45221","1":"product","2":"type-product","3":"status-publish","4":"has-post-thumbnail","6":"product_brand-bonusan-de","7":"product_cat-krauter","8":"product_cat-losungen","9":"product_cat-zustand-des-geistes","10":"pa_inhoud-90-stuck","11":"pa_kruiden-japanischer-tempelbaum","12":"pa_kruiden-johanniskraut","13":"pa_kruiden-sibirischer-ginseng","14":"pa_merk-bonusan","15":"pa_oplossingen-zustand-des-geistes","16":"pa_soort-kapsel-2","18":"first","19":"instock","20":"taxable","21":"shipping-taxable","22":"purchasable","23":"product-type-variable","24":"has-default-attributes"},"acf":[],"_links":{"self":[{"href":"https:\/\/vitafit.nu\/de\/wp-json\/wp\/v2\/product\/45221","targetHints":{"allow":["GET"]}}],"collection":[{"href":"https:\/\/vitafit.nu\/de\/wp-json\/wp\/v2\/product"}],"about":[{"href":"https:\/\/vitafit.nu\/de\/wp-json\/wp\/v2\/types\/product"}],"replies":[{"embeddable":true,"href":"https:\/\/vitafit.nu\/de\/wp-json\/wp\/v2\/comments?post=45221"}],"wp:featuredmedia":[{"embeddable":true,"href":"https:\/\/vitafit.nu\/de\/wp-json\/wp\/v2\/media\/48653"}],"wp:attachment":[{"href":"https:\/\/vitafit.nu\/de\/wp-json\/wp\/v2\/media?parent=45221"}],"wp:term":[{"taxonomy":"product_brand","embeddable":true,"href":"https:\/\/vitafit.nu\/de\/wp-json\/wp\/v2\/product_brand?post=45221"},{"taxonomy":"product_cat","embeddable":true,"href":"https:\/\/vitafit.nu\/de\/wp-json\/wp\/v2\/product_cat?post=45221"},{"taxonomy":"product_tag","embeddable":true,"href":"https:\/\/vitafit.nu\/de\/wp-json\/wp\/v2\/product_tag?post=45221"},{"taxonomy":"woo-feed-brand","embeddable":true,"href":"https:\/\/vitafit.nu\/de\/wp-json\/wp\/v2\/woo-feed-brand?post=45221"}],"curies":[{"name":"wp","href":"https:\/\/api.w.org\/{rel}","templated":true}]}}