{"id":45227,"date":"2024-04-01T08:37:58","date_gmt":"2024-04-01T08:37:58","guid":{"rendered":"https:\/\/vitafit.nu\/product\/bonusan-griffonia-simplicifolia-extrakt-60-kapseln\/"},"modified":"2025-04-11T04:53:42","modified_gmt":"2025-04-11T04:53:42","slug":"bonusan-griffonia-simplicifolia-extrakt-60-kapseln","status":"publish","type":"product","link":"https:\/\/vitafit.nu\/de\/bonusan-griffonia-simplicifolia-extrakt-60-kapseln\/","title":{"rendered":"Bonusan Griffonia simplicifolia Extrakt 60 Kapseln"},"content":{"rendered":"<p><span style=\"font-weight: 500\">Griffonia simplicifolia ist ein Kraut, das als Strauch getarnt ist. Die bis zu drei Meter hohe Pflanze ist vor allem in den westafrikanischen L\u00e4ndern Ghana, C\u00f4te d&#8217;Ivoire und Togo verbreitet. Die Menschen vor Ort nutzen verschiedene Teile der Pflanze. Im Westen sind wir vor allem an den Samen interessiert, aus denen 5-Hydroxytryptophan (5-HTP) gewonnen werden kann. 5-HTP ist der Baustein von Serotonin, das seinerseits in das Hormon Melatonin umgewandelt werden kann. Griffonia simplicifolia ist auch als Schlafm\u00fctzenkraut bekannt.     &lt;?xml:namespace prefix=&#8221;o&#8221; \/&gt;<\/span><\/p>\n<p style=\"font-weight: 500\">Von Griffonia simplicifolia sind zahlreiche gesundheitliche Wirkungen bekannt:<br \/>\n&#8211; Griffonia simplicifolia hat eine positive Wirkung auf die Funktion des Nervensystems*<br \/>\n&#8211; Griffonia simplicifolia ist gut f\u00fcr die Gehirnfunktion*<\/p>\n<p style=\"font-weight: 500\">In unserem K\u00f6rper wird der Neurotransmitter Serotonin gebildet. Serotonin ist ein wichtiger Neurotransmitter, der an vielen verschiedenen Prozessen in unserem K\u00f6rper beteiligt ist, die von unserem Gehirn gesteuert werden. Um diesen Neurotransmitter zu produzieren, ben\u00f6tigen wir die Aminos\u00e4ure L-Tryptophan. Diese erhalten wir \u00fcber unsere Ern\u00e4hrung, z. B. durch Bananen, K\u00fcrbiskerne, Huhn und Truthahn. Um L-Tryptophan in Serotonin umzuwandeln, muss es zun\u00e4chst in 5-HTP umgewandelt werden. Unter bestimmten Bedingungen kann diese Umwandlung m\u00fchsam sein. Zum Beispiel durch das Fehlen wichtiger Co-Faktoren, durch Konkurrenz mit anderen Aminos\u00e4uren, durch bestimmte Krankheiten oder durch einen hohen Cortisolspiegel aufgrund von Stress. Insgesamt wird im Durchschnitt nur ein Prozent des L-Tryptophans aus unserer Nahrung in Serotonin umgewandelt. Durch die direkte Einnahme von 5-HTP anstelle von L-Tryptophan umgeht man diesen m\u00f6glicherweise langsamen und nicht immer erfolgreichen Schritt der Serotoninbildung. 5-HTP \u00fcberwindet leicht die Blut-Hirn-Schranke und kann daher auch im Gehirn schneller in Serotonin umgewandelt werden.         <\/p>\n<p>F\u00fcr Bonusan Griffonia simplicifolia verwenden wir standardisierte Kr\u00e4uterextrakte. Das bedeutet, dass es eine garantierte Menge der aktiven Pflanzeninhaltsstoffe enth\u00e4lt. Dieses Produkt enth\u00e4lt also garantiert eine hohe Dosis an 5-HTP pro Kapsel. Jede Kapsel enth\u00e4lt 500 mg Griffonia simplicifolia-Extrakt, wovon 15% 5-HTP sind. Das bedeutet, dass eine Kapsel Bonusan Griffonia simplicifolia 75 mg 5-HTP liefert. Die Bonusan Griffonia simplicifolia-Kapseln sind rein pflanzlich und leicht zu schlucken. Die empfohlene Dosis betr\u00e4gt 1 bis 2 Mal t\u00e4glich eine Kapsel, die vorzugsweise w\u00e4hrend oder direkt nach den Mahlzeiten eingenommen wird.      <\/p>\n<p><span style=\"font-weight: 500\">Bonusan Griffonia simplicifolia spielt eine Rolle f\u00fcr das Funktionieren des Gehirns* und kann daher denjenigen helfen, die eine zus\u00e4tzliche Unterst\u00fctzung ben\u00f6tigen.<\/span><br style=\"font-weight: 500\"><span style=\"font-weight: 500\">Vor der Einnahme von Griffonia simplicifolia sollte ein Experte konsultiert werden. Bei der Einnahme von Medikamenten ist Vorsicht geboten. Verwenden Sie Griffonia simplicifolia nicht in Kombination mit Medikamenten, die den Gehirnstoffwechsel beeinflussen, wie Antidepressiva und Beruhigungsmittel. W\u00e4hrend der Schwangerschaft und Stillzeit ist die Einnahme zu vermeiden. Bonusan Griffonia simplicifolia ist ein nat\u00fcrlicher Extrakt in pflanzlichen Kapseln und ist daher f\u00fcr Vegetarier und Veganer geeignet.    <\/span><\/p>\n<p style=\"font-weight: 500\">*Gesundheitsbezogene Angaben sind noch nicht in Europa zugelassen.<\/p>\n","protected":false},"excerpt":{"rendered":"<div class=\"product-detail-description-text mt-3\">\n<p>Griffonia simplicifolia ist auch als Nachtschattengew\u00e4chs bekannt, es handelt sich um einen westafrikanischen Kletterstrauch, dessen Samen 5-HTP enthalten. 5-HTP ist der Baustein von Serotonin, das wiederum in das Hormon Melatonin umgewandelt werden kann. <\/p>\n<p>*Gesundheitsbezogene Angaben, deren europ\u00e4ische Zulassung noch aussteht<\/p>\n<\/div>\n<div class=\"product-detail-usps\">\n<ul>\n<li>Spielt eine Rolle bei der Gehirn- und Nervenfunktion*.<\/li>\n<li>Standardisiert auf 15% 5-HTP, d.h. 75 mg 5-HTP pro Kapsel<\/li>\n<li>Nat\u00fcrlicher Pflanzenextrakt in veganen Kapseln<\/li>\n<\/ul>\n<\/div>\n","protected":false},"featured_media":43999,"comment_status":"open","ping_status":"closed","template":"","meta":{"_acf_changed":false,"_seopress_robots_primary_cat":"402","_seopress_titles_title":"Bonusan Griffonia simplicifolia - 60 - Kapseln | vitafit.nu","_seopress_titles_desc":"","_seopress_robots_index":""},"product_brand":[1398],"product_cat":[1316,1318,1320],"product_tag":[],"woo-feed-brand":[],"class_list":{"0":"post-45227","1":"product","2":"type-product","3":"status-publish","4":"has-post-thumbnail","6":"product_brand-bonusan-de","7":"product_cat-krauter","8":"product_cat-losungen","9":"product_cat-zustand-des-geistes","10":"pa_inhoud-200-stuck","11":"pa_inhoud-60-stuck","12":"pa_kruiden-griffonia-simplicifolia-nachtkerzenkraut","13":"pa_merk-bonusan","14":"pa_oplossingen-zustand-des-geistes","15":"pa_soort-kapsel-2","17":"first","18":"instock","19":"taxable","20":"shipping-taxable","21":"purchasable","22":"product-type-variable","23":"has-default-attributes"},"acf":[],"_links":{"self":[{"href":"https:\/\/vitafit.nu\/de\/wp-json\/wp\/v2\/product\/45227","targetHints":{"allow":["GET"]}}],"collection":[{"href":"https:\/\/vitafit.nu\/de\/wp-json\/wp\/v2\/product"}],"about":[{"href":"https:\/\/vitafit.nu\/de\/wp-json\/wp\/v2\/types\/product"}],"replies":[{"embeddable":true,"href":"https:\/\/vitafit.nu\/de\/wp-json\/wp\/v2\/comments?post=45227"}],"wp:featuredmedia":[{"embeddable":true,"href":"https:\/\/vitafit.nu\/de\/wp-json\/wp\/v2\/media\/43999"}],"wp:attachment":[{"href":"https:\/\/vitafit.nu\/de\/wp-json\/wp\/v2\/media?parent=45227"}],"wp:term":[{"taxonomy":"product_brand","embeddable":true,"href":"https:\/\/vitafit.nu\/de\/wp-json\/wp\/v2\/product_brand?post=45227"},{"taxonomy":"product_cat","embeddable":true,"href":"https:\/\/vitafit.nu\/de\/wp-json\/wp\/v2\/product_cat?post=45227"},{"taxonomy":"product_tag","embeddable":true,"href":"https:\/\/vitafit.nu\/de\/wp-json\/wp\/v2\/product_tag?post=45227"},{"taxonomy":"woo-feed-brand","embeddable":true,"href":"https:\/\/vitafit.nu\/de\/wp-json\/wp\/v2\/woo-feed-brand?post=45227"}],"curies":[{"name":"wp","href":"https:\/\/api.w.org\/{rel}","templated":true}]}}