{"id":45232,"date":"2024-03-31T18:43:30","date_gmt":"2024-03-31T18:43:30","guid":{"rendered":"https:\/\/vitafit.nu\/product\/bonusan-ginkgo-biloba-50-ml\/"},"modified":"2025-04-11T04:53:49","modified_gmt":"2025-04-11T04:53:49","slug":"bonusan-ginkgo-biloba-50-ml","status":"publish","type":"product","link":"https:\/\/vitafit.nu\/de\/produkt\/bonusan-ginkgo-biloba-50-ml\/","title":{"rendered":"Bonusan Ginkgo biloba 50 ml"},"content":{"rendered":"<p><strong>Warum Ginkgo biloba-Tinktur?<\/strong><\/p>\n<p><em>Ginkgo biloba<\/em> ist ein Baum aus der Familie der <em> Ginkgogew\u00e4chse (Ginkgoaceae<\/em>). Der Baum wird auch Japanischer Tempelbaum, Japanischer Walnussbaum oder Ginkgo genannt. In Asien werden die Ginkgobl\u00e4tter schon seit Jahrhunderten therapeutisch genutzt, da sie gut f\u00fcr das Ged\u00e4chtnis und die Konzentration* sind. Erst in den letzten Jahrzehnten ist der japanische Tempelbaum auch im Westen bekannter geworden. In Europa wird h\u00e4ufig die Schreibweise &#8220;Ginkgo&#8221; verwendet, weil sie leichter auszusprechen ist.    <\/p>\n<p>Die Beliebtheit von Ginkgo ist unter anderem auf die in ihm enthaltenen einzigartigen Ginkgoflavonglykoside und Ginkgotenlactone zur\u00fcckzuf\u00fchren. Diese einzigartigen Wirkstoffe haben unter anderem eine antioxidative* Wirkung, die dem Ginkgo hilft, die Zellen des K\u00f6rpers vor \u00e4u\u00dferen Einfl\u00fcssen* zu sch\u00fctzen. Die bekannteste Anwendung der Bonusan Ginkgo biloba Tinktur ist ihr Beitrag zu einer normalen Konzentration*. Ginkgo tr\u00e4gt auch zur Ged\u00e4chtnisleistung* bei.   <\/p>\n<p>Kurz gesagt, die Ginkgobl\u00e4tter werden seit Tausenden von Jahren traditionell verwendet. Sie verwenden Bonusan Ginkgo biloba, weil es gut f\u00fcr Ged\u00e4chtnis und Konzentration ist*. <\/p>\n<p>*Gesundheitsbezogene Angabe, deren europ\u00e4ische Zulassung noch aussteht<\/p>\n<p><strong>Hohe Qualit\u00e4t durch hochwertige Inhaltsstoffe<\/strong><\/p>\n<p>Bei Bonusan stellen wir unsere Tinkturen selbst in unserer eigenen Fabrik in Numansdorp her. Wir verarbeiten die Rohstoffe zu aktiven Produkten in einer Umgebung mit optimaler und kontrollierter Sicherheit. Dabei verwenden wir nur hochwertige Inhaltsstoffe. Aber was genau ist ein hochwertiger Inhaltsstoff und welche Anforderungen sollte er unserer Meinung nach erf\u00fcllen?   <\/p>\n<p>In bestimmten Teilen der Pflanze oder in bestimmten Wachstumsstadien sind bestimmte Pflanzenstoffe mehr oder weniger stark ausgepr\u00e4gt. Das Vorhandensein dieser Pflanzenstoffe beeinflusst die Qualit\u00e4t und Anwendbarkeit der pflanzlichen Rezeptur. Bonusan Ginkgo biloba Tinktur ist eine Alkoholtinktur, die aus den Ginkgobl\u00e4ttern hergestellt wird.  <\/p>\n<p>Bei der Herstellung unserer Kr\u00e4uterrezepturen verwenden wir nur die besten Pflanzenmaterialien, die richtigen Pflanzenteile und ber\u00fccksichtigen die richtigen Erntezeiten. So erhalten Sie immer das Beste, was die Natur zu bieten hat. <\/p>\n","protected":false},"excerpt":{"rendered":"<div class=\"product-detail-description-text mt-3\">Bonusan Ginkgo biloba Tinktur ist ein nat\u00fcrlicher Extrakt, der aus den Bl\u00e4ttern des japanischen Tempelbaums gewonnen wird. Ginkgobl\u00e4tter werden seit alters her verwendet, weil sie gut f\u00fcr das Ged\u00e4chtnis und die Konzentration* sind. <\/div>\n<div class=\"product-detail-usps\">\n<ul>\n<li>Ginkgo biloba ist der beste Extrakt f\u00fcr das Ged\u00e4chtnis*<\/li>\n<li>Ein nat\u00fcrlicher Extrakt aus den Ginkgobl\u00e4ttern<\/li>\n<li>Verwenden Sie Ginkgo biloba-Tinktur, um gesunde Zellen und Gewebe zu sch\u00fctzen*.<\/li>\n<\/ul>\n<\/div>\n","protected":false},"featured_media":44107,"comment_status":"open","ping_status":"closed","template":"","meta":{"_acf_changed":false,"_seopress_robots_primary_cat":"408","_seopress_titles_title":"Bonusan Ginkgo biloba Tinktur - 30 ml - Tropfen | Vitafit.nu","_seopress_titles_desc":"","_seopress_robots_index":""},"product_brand":[1398],"product_cat":[1352,1505,1318,1335],"product_tag":[],"woo-feed-brand":[],"class_list":{"0":"post-45232","1":"product","2":"type-product","3":"status-publish","4":"has-post-thumbnail","6":"product_brand-bonusan-de","7":"product_cat-andere-erganzungen","8":"product_cat-konzentration-und-gedachtnis","9":"product_cat-losungen","10":"product_cat-nervensystem","11":"pa_inhoud-50-ml-de","12":"pa_merk-bonusan","13":"pa_oplossingen-konzentration-und-gedachtnis","14":"pa_oplossingen-nervensystem","15":"pa_overige-supplementen-ginkgo-biloba-japanischer-tempelbaum","16":"pa_soort-tinktur","18":"first","19":"instock","20":"sale","21":"taxable","22":"shipping-taxable","23":"purchasable","24":"product-type-simple"},"acf":[],"_links":{"self":[{"href":"https:\/\/vitafit.nu\/de\/wp-json\/wp\/v2\/product\/45232","targetHints":{"allow":["GET"]}}],"collection":[{"href":"https:\/\/vitafit.nu\/de\/wp-json\/wp\/v2\/product"}],"about":[{"href":"https:\/\/vitafit.nu\/de\/wp-json\/wp\/v2\/types\/product"}],"replies":[{"embeddable":true,"href":"https:\/\/vitafit.nu\/de\/wp-json\/wp\/v2\/comments?post=45232"}],"wp:featuredmedia":[{"embeddable":true,"href":"https:\/\/vitafit.nu\/de\/wp-json\/wp\/v2\/media\/44107"}],"wp:attachment":[{"href":"https:\/\/vitafit.nu\/de\/wp-json\/wp\/v2\/media?parent=45232"}],"wp:term":[{"taxonomy":"product_brand","embeddable":true,"href":"https:\/\/vitafit.nu\/de\/wp-json\/wp\/v2\/product_brand?post=45232"},{"taxonomy":"product_cat","embeddable":true,"href":"https:\/\/vitafit.nu\/de\/wp-json\/wp\/v2\/product_cat?post=45232"},{"taxonomy":"product_tag","embeddable":true,"href":"https:\/\/vitafit.nu\/de\/wp-json\/wp\/v2\/product_tag?post=45232"},{"taxonomy":"woo-feed-brand","embeddable":true,"href":"https:\/\/vitafit.nu\/de\/wp-json\/wp\/v2\/woo-feed-brand?post=45232"}],"curies":[{"name":"wp","href":"https:\/\/api.w.org\/{rel}","templated":true}]}}