{"id":45242,"date":"2024-03-29T12:39:25","date_gmt":"2024-03-29T12:39:25","guid":{"rendered":"https:\/\/vitafit.nu\/product\/bonusan-gaba-400-komplex-60-vegakapseln\/"},"modified":"2025-05-05T09:29:54","modified_gmt":"2025-05-05T09:29:54","slug":"bonusan-gaba-400-komplex-60-vegakapseln","status":"publish","type":"product","link":"https:\/\/vitafit.nu\/de\/bonusan-gaba-400-komplex-60-vegakapseln\/","title":{"rendered":"Bonusan GABA 400-Komplex 60 VegaKapseln"},"content":{"rendered":"<p>In besonderen Zeiten k\u00f6nnen Nahrungserg\u00e4nzungsmittel helfen. Zum Beispiel kann man in Stress- oder Spannungssituationen Unterst\u00fctzung brauchen. GABA 400 mg Plus unterst\u00fctzt dies dank Folat, das weniger stressempfindlich macht und f\u00fcr einen klaren Kopf sorgt.<br \/>\nAuch immer mehr (Kraft-)Sportler verwenden GABA 400 mg Plus. Durch den Zusatz von Vitamin B6 tr\u00e4gt GABA 400 mg Plus zu einer guten Energieversorgung in den Muskeln bei. Au\u00dferdem tr\u00e4gt es zu einer normalen geistigen Leistung bei und wird bei geistiger Anstrengung eingesetzt. Letzteres liegt daran, dass wir die Vitamine B1, B3, B5, B6 und B12 hinzugef\u00fcgt haben.     <\/p>\n<p>GABA steht f\u00fcr Gamma-Aminobutters\u00e4ure. Sie wird aus der Aminos\u00e4ure L-Glutamin hergestellt und kann vom K\u00f6rper selbst produziert werden. F\u00fcr die k\u00f6rpereigene Produktion von GABA ist das Enzym Glutamat-Decarboxylase zust\u00e4ndig, das vor allem im Gehirn vorkommt. Neben der k\u00f6rpereigenen Produktion wird auch das Mikrobiom f\u00fcr die Versorgung mit GABA verantwortlich gemacht. Forschungen legen nahe, dass die endogene (k\u00f6rpereigene) GABA-Produktion durch das im Mikrobiom produzierte GABA angeregt wird. Es ist m\u00f6glich, dass das enterische Nervensystem eine wichtige Rolle bei der Verbindung zwischen dem Mikrobiom, GABA im Darm und der endogenen GABA-Produktion im Gehirn spielt.     <\/p>\n<p>Die k\u00f6rpereigene Produktion von GABA kann z. B. durch chronischen Stress, Vitamin-B-Mangel, Alterung und Alkoholkonsum unzureichend sein. Es ist schwierig, zus\u00e4tzliches GABA \u00fcber die Nahrung aufzunehmen, denn obwohl es in Tee, Tomaten, Soja und fermentierten Lebensmitteln enthalten ist, enth\u00e4lt eine Tasse Tee nur 0,25 mg GABA. Es ist also effizienter, die k\u00f6rpereigenen GABA-Reserven mit einem Erg\u00e4nzungsmittel wie Bonusan GABA 400 mg aufzuf\u00fcllen, das, wie der Name schon sagt, 400 mg GABA enth\u00e4lt.<br \/>\nKann der K\u00f6rper sein eigenes GABA herstellen? Unter den richtigen Bedingungen, wenn alle Rohstoffe und alle Cofaktoren vorhanden sind, kann der K\u00f6rper GABA selbst herstellen. Manchmal sind die Bedingungen jedoch ung\u00fcnstig und der K\u00f6rper ist nicht in der Lage, gen\u00fcgend GABA selbst herzustellen. Da Glutamin im K\u00f6rper f\u00fcr mehrere Zwecke verwendet wird, unter anderem als stimulierender Neurotransmitter, kann eine direkte Glutamin-Supplementierung unerw\u00fcnschte Auswirkungen haben. Daher ist es in vielen F\u00e4llen vorteilhafter, GABA direkt zu supplementieren.      <\/p>\n<p>Die B-Vitamine bilden eine gute Kombination mit GABA. Der wichtigste Kofaktor f\u00fcr die k\u00f6rpereigene Produktion von GABA ist Vitamin B6. Bonusan GABA 400 mg enth\u00e4lt daher auch die aktive Form von Vitamin B6, Pyridoxal-5-Phosphat (P5P), um neben der Erg\u00e4nzung von GABA auch die k\u00f6rpereigene Produktion von GABA zu unterst\u00fctzen.<br \/>\nWelche B-Vitamine sind wichtig? GABA 400 mg Plus enth\u00e4lt den kompletten Vitamin-B-Komplex. So sind die Vitamine B1, B3, B6 und B12 zugesetzt, weil sie zur Konzentration beitragen und gut f\u00fcr die Stimmung sind. Die Produktentwickler des Bonusan-Forschungsteams ber\u00fccksichtigen bei der Formulierung der Produkte eine Reihe von Faktoren. Erstens muss es eine ausreichende Menge an B-Vitaminen enthalten, damit es optimal aufgenommen werden kann. Zweitens muss es eine Synergie zwischen den B-Vitaminen und den anderen Bestandteilen des Produkts geben, damit alle Substanzen optimal zusammenwirken. Drittens ist es wichtig, die biochemischen Umwandlungsprozesse im K\u00f6rper zu ber\u00fccksichtigen. Bei Bonusan verwenden wir, wann immer m\u00f6glich, Vitamine in der aktiven Form. Die aktiven Formen haben eine bessere Bioverf\u00fcgbarkeit und k\u00f6nnen vom K\u00f6rper direkt verwertet werden, ohne einen umfangreichen Umwandlungsprozess durchlaufen zu m\u00fcssen.          <\/p>\n<p>Die aktualisierte Formulierung von GABA 400 mg Plus enth\u00e4lt nicht nur eine hohe Dosis GABA, sondern auch die B-Vitamine in aktiver Form zur Erg\u00e4nzung des Supplements. Zum Beispiel enth\u00e4lt es Vitamin B6 in seiner aktiven Form, Pyridoxal-5-Phosphat (P5P), und die beiden wichtigen Formen von Vitamin B12, Methylcobalamin und Adenosylcobalamin. Diese beiden Formen spielen beide eine besondere Rolle im K\u00f6rper, weshalb es wichtig ist, dem Produkt sowohl die Methyl- als auch die Adenosylform beizuf\u00fcgen. Au\u00dferdem enth\u00e4lt es die nat\u00fcrliche Form der Fols\u00e4ure, n\u00e4mlich Folat. Bonusan GABA 400 mg enth\u00e4lt aktives Folat der patentierten Marke Quatrefolic\u00ae. Dabei handelt es sich um ein Glucosaminsalz von Folat, das daher sehr stabil ist und eine hohe Bioverf\u00fcgbarkeit aufweist, die viel h\u00f6her ist als die von synthetischer Fols\u00e4ure oder anderen Formen von Folat.     <\/p>\n<p>Bonusan GABA 400 mg Plus bietet dank des Zusatzes von Vitamin B5 Unterst\u00fctzung in Stresssituationen. Der Zusatz von Fols\u00e4ure macht Sie au\u00dferdem weniger empfindlich gegen\u00fcber Stress. GABA 400 mg Plus ist ein einfach einzunehmendes, breit gef\u00e4chertes Kombinationspr\u00e4parat, das in Stresssituationen (durch den Zusatz von Folat) mit 1 Kapsel pro Tag eingenommen werden kann. Dar\u00fcber hinaus tr\u00e4gt GABA 400 mg Plus zum geistigen Gleichgewicht (B1, B3, B5, B6, B12) und zu einer normalen Nervenfunktion (B1, B2, B3, B6, B12) bei.   <\/p>\n","protected":false},"excerpt":{"rendered":"<div class=\"product-detail-description-text mt-3\">\n<p><strong>F\u00fcr eine normale Funktion des Nervensystems\u00b9.<\/strong><\/p>\n<p>GABA 400 mg Plus enth\u00e4lt nicht nur 400 mg GABA, sondern auch Baldrian und den kompletten B-Komplex. Die Vitamine B1, B3, B6 und B12 tragen zur Konzentration bei und sind gut f\u00fcr die Stimmung. Das Produkt enth\u00e4lt P-5-P als aktive Form von Vitamin B6 und Methyl- und Adenosylcobalamin als aktive Formen von Vitamin B12.  <\/p>\n<\/div>\n<div class=\"product-detail-usps\">\n<ul>\n<li>Mit vollst\u00e4ndigem Vitamin-B-Komplex in aktiver Form<\/li>\n<li>B12 tr\u00e4gt zu einer normalen psychologischen Funktion bei<\/li>\n<li>Mit standardisiertem Baldrianextrakt<\/li>\n<\/ul>\n<\/div>\n","protected":false},"featured_media":43963,"comment_status":"open","ping_status":"closed","template":"","meta":{"_acf_changed":false,"_seopress_robots_primary_cat":"402","_seopress_titles_title":"Bonusan GABA 400 mg Plus - 60 St\u00fcck - VegaCapsules | Vitafit","_seopress_titles_desc":"","_seopress_robots_index":""},"product_brand":[1398],"product_cat":[1352,1318,1321,1320],"product_tag":[],"woo-feed-brand":[],"class_list":{"0":"post-45242","1":"product","2":"type-product","3":"status-publish","4":"has-post-thumbnail","6":"product_brand-bonusan-de","7":"product_cat-andere-erganzungen","8":"product_cat-losungen","9":"product_cat-vitamine","10":"product_cat-zustand-des-geistes","11":"pa_inhoud-60-stuck","12":"pa_kruiden-baldrian","13":"pa_merk-bonusan","14":"pa_oplossingen-zustand-des-geistes","15":"pa_overige-supplementen-gaba-de","16":"pa_soort-vegacapsule-de","17":"pa_vitaminen-aktives-folat-6s","18":"pa_vitaminen-b1-de","19":"pa_vitaminen-b12-methylcobalamin","20":"pa_vitaminen-b6-pyridoxal-5-phosphat","21":"pa_vitaminen-vitamin-b2","22":"pa_vitaminen-vitamin-b3","23":"pa_vitaminen-vitamin-b5","25":"first","26":"instock","27":"taxable","28":"shipping-taxable","29":"purchasable","30":"product-type-variable","31":"has-default-attributes"},"acf":[],"_links":{"self":[{"href":"https:\/\/vitafit.nu\/de\/wp-json\/wp\/v2\/product\/45242","targetHints":{"allow":["GET"]}}],"collection":[{"href":"https:\/\/vitafit.nu\/de\/wp-json\/wp\/v2\/product"}],"about":[{"href":"https:\/\/vitafit.nu\/de\/wp-json\/wp\/v2\/types\/product"}],"replies":[{"embeddable":true,"href":"https:\/\/vitafit.nu\/de\/wp-json\/wp\/v2\/comments?post=45242"}],"wp:featuredmedia":[{"embeddable":true,"href":"https:\/\/vitafit.nu\/de\/wp-json\/wp\/v2\/media\/43963"}],"wp:attachment":[{"href":"https:\/\/vitafit.nu\/de\/wp-json\/wp\/v2\/media?parent=45242"}],"wp:term":[{"taxonomy":"product_brand","embeddable":true,"href":"https:\/\/vitafit.nu\/de\/wp-json\/wp\/v2\/product_brand?post=45242"},{"taxonomy":"product_cat","embeddable":true,"href":"https:\/\/vitafit.nu\/de\/wp-json\/wp\/v2\/product_cat?post=45242"},{"taxonomy":"product_tag","embeddable":true,"href":"https:\/\/vitafit.nu\/de\/wp-json\/wp\/v2\/product_tag?post=45242"},{"taxonomy":"woo-feed-brand","embeddable":true,"href":"https:\/\/vitafit.nu\/de\/wp-json\/wp\/v2\/woo-feed-brand?post=45242"}],"curies":[{"name":"wp","href":"https:\/\/api.w.org\/{rel}","templated":true}]}}