{"id":45250,"date":"2024-03-29T08:46:19","date_gmt":"2024-03-29T08:46:19","guid":{"rendered":"https:\/\/vitafit.nu\/product\/bonusan-fibropur-xos-90-kapseln\/"},"modified":"2025-04-11T04:54:25","modified_gmt":"2025-04-11T04:54:25","slug":"bonusan-fibropur-xos-90-kapseln","status":"publish","type":"product","link":"https:\/\/vitafit.nu\/de\/bonusan-fibropur-xos-90-kapseln\/","title":{"rendered":"Bonusan FibroPur XOS 90 Kapseln"},"content":{"rendered":"<p>XOS steht f\u00fcr Xylo-Oligosaccharide. Das ist ein ziemlicher Zungenbrecher. Doch es klingt komplizierter, als es ist. In Wirklichkeit ist XOS einfach ein nat\u00fcrlicher Ballaststoff, der aus Xylosemolek\u00fclen besteht. XOS ist ein fermentierbarer Ballaststoff, der erst im Dickdarm von Ihrem Mikrobiom abgebaut wird.    <\/p>\n<p>XOS kommt nat\u00fcrlich in Obst, Gem\u00fcse, Bambussprossen, Milch und Honig vor. Es ist auch in verschiedenen Kr\u00e4utern wie Echinacea und Kamille enthalten. Das XOS in Bonusan FibroPur XOS wird aus Mais hergestellt. Der daf\u00fcr verwendete Mais ist garantiert GVO-frei und entspricht allen europ\u00e4ischen Rechtsvorschriften. Mais enth\u00e4lt kein Gluten.    <\/p>\n<p>FibroPur XOS ist f\u00fcr Erwachsene geeignet, die zus\u00e4tzliche Ballaststoffe zu sich nehmen m\u00f6chten. Es ist sogar f\u00fcr schwangere und stillende Frauen geeignet. Dieses Produkt ist auch f\u00fcr \u00e4ltere Menschen sehr gut geeignet. F\u00fcr S\u00e4uglinge und Kinder empfehlen wir FibroPur Inulin FOS.   <\/p>\n<p>Die Kapsel und die geringe Dosierung machen FibroPur XOS zu einem idealen Produkt f\u00fcr den t\u00e4glichen Gebrauch. Es enth\u00e4lt au\u00dferdem keine Zusatzstoffe tierischen Ursprungs und ist daher auch f\u00fcr Vegetarier und Veganer geeignet. <\/p>\n<p>Bonusan FibroPur XOS kann mit nur zwei Kapseln pro Tag eingenommen werden. Die Kapseln machen es sehr einfach, dieses Produkt einzunehmen. Sie brauchen also nicht mehr viele Gramm Ballaststoffpulver, eine angenehme Verbesserung! Auch wenn Sie ohnehin keine Pulver m\u00f6gen, sondern es sch\u00f6ner finden, eine Kapsel einzunehmen, ist dieses Produkt wirklich ein Geschenk des Himmels.   <\/p>\n<p>Sie bevorzugen die Einnahme eines Pulvers? Dann k\u00f6nnen Sie die Kapseln vor der Einnahme \u00f6ffnen und den Inhalt mit Wasser, Saft oder Joghurt vermischen. Es spielt keine Rolle, wann Sie die beiden Kapseln einnehmen, solange es \u00fcber den Tag verteilt ist.  <\/p>\n","protected":false},"excerpt":{"rendered":"<div class=\"product-detail-description-text mt-3\">\n<p>XOS (Xylo-Oligosaccharide) ist der neue di\u00e4tetische Ballaststoff. Er ist einzigartig im Vergleich zu allen anderen Ballaststoffprodukten, da er in sehr niedrigen Dosen verwendet werden kann. Er ist geeignet, um die Ballaststoffzufuhr schnell und einfach zu erh\u00f6hen.  <\/p>\n<\/div>\n<div class=\"product-detail-usps\">\n<ul>\n<li>XOS ist ein einzigartiges Faserprodukt, das f\u00fcr eine breite Zielgruppe geeignet ist<\/li>\n<li>Bereits bei sehr niedrigen Dosen verwendbar<\/li>\n<li>Geeignet, um die Ballaststoffzufuhr schnell und einfach zu erh\u00f6hen<\/li>\n<\/ul>\n<\/div>\n","protected":false},"featured_media":43651,"comment_status":"open","ping_status":"closed","template":"","meta":{"_acf_changed":false,"_seopress_robots_primary_cat":"413","_seopress_titles_title":"Bonusan FibroPur XOS - 90 St\u00fcck - Kapseln | Vitafit","_seopress_titles_desc":"","_seopress_robots_index":""},"product_brand":[1398],"product_cat":[1352,1353],"product_tag":[],"woo-feed-brand":[],"class_list":{"0":"post-45250","1":"product","2":"type-product","3":"status-publish","4":"has-post-thumbnail","6":"product_brand-bonusan-de","7":"product_cat-andere-erganzungen","8":"product_cat-prabiotika","9":"pa_inhoud-90-stuck","10":"pa_merk-bonusan","11":"pa_overige-supplementen-prabiotika","12":"pa_overige-supplementen-xylo-oligosaccharide-xos","13":"pa_soort-kapsel-2","15":"first","16":"instock","17":"taxable","18":"shipping-taxable","19":"purchasable","20":"product-type-variable","21":"has-default-attributes"},"acf":[],"_links":{"self":[{"href":"https:\/\/vitafit.nu\/de\/wp-json\/wp\/v2\/product\/45250","targetHints":{"allow":["GET"]}}],"collection":[{"href":"https:\/\/vitafit.nu\/de\/wp-json\/wp\/v2\/product"}],"about":[{"href":"https:\/\/vitafit.nu\/de\/wp-json\/wp\/v2\/types\/product"}],"replies":[{"embeddable":true,"href":"https:\/\/vitafit.nu\/de\/wp-json\/wp\/v2\/comments?post=45250"}],"wp:featuredmedia":[{"embeddable":true,"href":"https:\/\/vitafit.nu\/de\/wp-json\/wp\/v2\/media\/43651"}],"wp:attachment":[{"href":"https:\/\/vitafit.nu\/de\/wp-json\/wp\/v2\/media?parent=45250"}],"wp:term":[{"taxonomy":"product_brand","embeddable":true,"href":"https:\/\/vitafit.nu\/de\/wp-json\/wp\/v2\/product_brand?post=45250"},{"taxonomy":"product_cat","embeddable":true,"href":"https:\/\/vitafit.nu\/de\/wp-json\/wp\/v2\/product_cat?post=45250"},{"taxonomy":"product_tag","embeddable":true,"href":"https:\/\/vitafit.nu\/de\/wp-json\/wp\/v2\/product_tag?post=45250"},{"taxonomy":"woo-feed-brand","embeddable":true,"href":"https:\/\/vitafit.nu\/de\/wp-json\/wp\/v2\/woo-feed-brand?post=45250"}],"curies":[{"name":"wp","href":"https:\/\/api.w.org\/{rel}","templated":true}]}}