{"id":45259,"date":"2024-03-29T08:24:01","date_gmt":"2024-03-29T08:24:01","guid":{"rendered":"https:\/\/vitafit.nu\/product\/bonusan-fibropur-inulin-fos-200-gramm-pulver\/"},"modified":"2025-04-11T04:54:38","modified_gmt":"2025-04-11T04:54:38","slug":"bonusan-fibropur-inulin-fos-200-gramm-pulver","status":"publish","type":"product","link":"https:\/\/vitafit.nu\/de\/bonusan-fibropur-inulin-fos-200-gramm-pulver\/","title":{"rendered":"Bonusan FibroPur Inulin FOS 200 Gramm Pulver"},"content":{"rendered":"<p>FibroPur Inulin FOS ist ein starkes Basisprodukt innerhalb der Bonusan-Ballaststoffreihe, ohne Hilfsstoffe oder andere Zus\u00e4tze. FibroPur Inulin FOS enth\u00e4lt die wissenschaftlich erforschten Ballaststoffe Inulin und FOS in einer ausgewogenen Kombination. Diese Ballaststoffe variieren in der Kettenl\u00e4nge, wie sie in ballaststoffreichen Lebensmitteln vorkommen.  <\/p>\n<p>Alle Bonusan FibroPur-Produkte, auch Bonusan FibroPur Inulin FOS, enthalten nur fermentierbare Ballaststoffe wie Inulin und FOS. Diese unterscheiden sich von den nicht fermentierbaren Fasern, die unter anderem in Vollkornprodukten enthalten sind. Sie sind daher eine wertvolle t\u00e4gliche Erg\u00e4nzung.  <\/p>\n<p>FibroPur Inulin FOS ist eine praktische Ballaststoffformel, die sich gut mit anderen Erg\u00e4nzungsmitteln kombinieren l\u00e4sst. Die Produkte der Bonusan FibroPur-Reihe sind garantiert frei von Farbstoffen, Aromen, Geschmacksstoffen und anderen unerw\u00fcnschten Zusatzstoffen. Das macht dieses Produkt breit einsetzbar und f\u00fcr eine gro\u00dfe Zielgruppe geeignet.  <\/p>\n<p>Bonusan FibroPur Inulin FOS ist f\u00fcr eine breite Zielgruppe geeignet und wird h\u00e4ufig als Erhaltungserg\u00e4nzung zur Erh\u00f6hung der Ballaststoffaufnahme eingesetzt. Dies kann \u00fcber einen l\u00e4ngeren oder definierten Zeitraum erfolgen. FibroPur Inulin FOS enth\u00e4lt neben Ballaststoffen keine weiteren Inhalts- oder Zusatzstoffe und ist daher auch f\u00fcr Menschen geeignet, die eine vegetarische oder vegane Lebensweise pflegen. Das Pulver ist auch f\u00fcr Kinder, schwangere und stillende Frauen geeignet.   <\/p>\n<p>&nbsp;<\/p>\n","protected":false},"excerpt":{"rendered":"<div class=\"product-detail-description-text mt-3\">\n<p>FibroPur Inulin FOS ist eine praktische, hochwertige Ballaststoffformel, die sich gut mit anderen Nahrungserg\u00e4nzungsmitteln kombinieren l\u00e4sst. Ballaststoffmangel tritt bei unausgewogener und unvollst\u00e4ndiger Ern\u00e4hrung auf. Ein ballaststoffhaltiges Erg\u00e4nzungsfuttermittel kann dann helfen, den t\u00e4glichen Bedarf zu decken. Diese starke Kombination aus Inulin und FOS ist vielseitig einsetzbar und f\u00fcr eine gro\u00dfe Zielgruppe geeignet.   <\/p>\n<\/div>\n<div class=\"product-detail-usps\">\n<ul>\n<li>Einfach und flexibel zu dosierende Pulverform<\/li>\n<li>Wissenschaftlich erforschte hochwertige Fasern<\/li>\n<li>Ausgewogene Kombination aus Inulin und Fructo-Oligosacchariden (FOS)<\/li>\n<\/ul>\n<\/div>\n","protected":false},"featured_media":43991,"comment_status":"open","ping_status":"closed","template":"","meta":{"_acf_changed":false,"_seopress_robots_primary_cat":"410","_seopress_titles_title":"Bonusan FibroPur Inulin FOS - 200 Gramm - Pulver | Vitafit","_seopress_titles_desc":"","_seopress_robots_index":""},"product_brand":[1398],"product_cat":[1316,1353],"product_tag":[],"woo-feed-brand":[],"class_list":{"0":"post-45259","1":"product","2":"type-product","3":"status-publish","4":"has-post-thumbnail","6":"product_brand-bonusan-de","7":"product_cat-krauter","8":"product_cat-prabiotika","9":"pa_inhoud-200-gramm","10":"pa_inhoud-500-gramm","11":"pa_kruiden-fructo-oligosaccharide-fos","12":"pa_merk-bonusan","13":"pa_overige-supplementen-inulin","14":"pa_soort-pulver","16":"first","17":"instock","18":"taxable","19":"shipping-taxable","20":"purchasable","21":"product-type-variable","22":"has-default-attributes"},"acf":[],"_links":{"self":[{"href":"https:\/\/vitafit.nu\/de\/wp-json\/wp\/v2\/product\/45259","targetHints":{"allow":["GET"]}}],"collection":[{"href":"https:\/\/vitafit.nu\/de\/wp-json\/wp\/v2\/product"}],"about":[{"href":"https:\/\/vitafit.nu\/de\/wp-json\/wp\/v2\/types\/product"}],"replies":[{"embeddable":true,"href":"https:\/\/vitafit.nu\/de\/wp-json\/wp\/v2\/comments?post=45259"}],"wp:featuredmedia":[{"embeddable":true,"href":"https:\/\/vitafit.nu\/de\/wp-json\/wp\/v2\/media\/43991"}],"wp:attachment":[{"href":"https:\/\/vitafit.nu\/de\/wp-json\/wp\/v2\/media?parent=45259"}],"wp:term":[{"taxonomy":"product_brand","embeddable":true,"href":"https:\/\/vitafit.nu\/de\/wp-json\/wp\/v2\/product_brand?post=45259"},{"taxonomy":"product_cat","embeddable":true,"href":"https:\/\/vitafit.nu\/de\/wp-json\/wp\/v2\/product_cat?post=45259"},{"taxonomy":"product_tag","embeddable":true,"href":"https:\/\/vitafit.nu\/de\/wp-json\/wp\/v2\/product_tag?post=45259"},{"taxonomy":"woo-feed-brand","embeddable":true,"href":"https:\/\/vitafit.nu\/de\/wp-json\/wp\/v2\/woo-feed-brand?post=45259"}],"curies":[{"name":"wp","href":"https:\/\/api.w.org\/{rel}","templated":true}]}}