{"id":45265,"date":"2024-03-26T12:51:14","date_gmt":"2024-03-26T12:51:14","guid":{"rendered":"https:\/\/vitafit.nu\/product\/bonusan-curcuma-longa-extrakt-60-kapseln\/"},"modified":"2025-04-11T04:54:51","modified_gmt":"2025-04-11T04:54:51","slug":"bonusan-curcuma-longa-extrakt-60-kapseln","status":"publish","type":"product","link":"https:\/\/vitafit.nu\/de\/bonusan-curcuma-longa-extrakt-60-kapseln\/","title":{"rendered":"Bonusan Curcuma longa Extrakt 60 Kapseln"},"content":{"rendered":"<p>Bonusan Curcuma Longa Extract ist ein breit einsetzbares Curcuma-Erg\u00e4nzungsmittel, das sich gut mit anderen Erg\u00e4nzungsmitteln kombinieren l\u00e4sst. Bonusan Curcuma Longa Extrakt enth\u00e4lt CurcuWIN\u00ae, das das gleiche Curcuminoidprofil aufweist, wie es nat\u00fcrlich im Kurkuma-Rhizom vorkommt. Eine Kapsel enth\u00e4lt 250 mg Curcuma, davon 50 mg Curcuminoide mit wissenschaftlich nachgewiesener verbesserter Absorptionsf\u00e4higkeit.  <\/p>\n<p>Die Wirksamkeit einer Kurkumaerg\u00e4nzung h\u00e4ngt davon ab, wie gut sie vom K\u00f6rper in Metaboliten umgewandelt werden kann. Wissenschaftliche Untersuchungen zeigen, dass die Curcuminoide im patentierten CurcuWIN\u00ae gut umgewandelt werden. So k\u00f6nnen Sie sicher sein, dass Sie mit den Kurkuma-Nahrungserg\u00e4nzungsmitteln von Bonusan einen Beitrag zur Erhaltung geschmeidiger Gelenke* und zur Unterst\u00fctzung des Immunsystems* leisten.  <\/p>\n<p>Kurkuma hat viele verschiedene gesundheitliche Vorteile. Zum Beispiel ist es gut f\u00fcr die Leber und Kurkuma unterst\u00fctzt das Immunsystem*. Das macht Bonusan Curcuma longa extract f\u00fcr eine breite Zielgruppe geeignet. Da Kurkuma zur Erhaltung geschmeidiger Gelenke* beitr\u00e4gt, ist dieses Erg\u00e4nzungsmittel besonders f\u00fcr \u00e4ltere Menschen und Sportler interessant. Bonusan Curcuma longa extract enth\u00e4lt keine tierischen Stoffe und kann von Vegetariern und Veganern verwendet werden.    <\/p>\n<p>F\u00fcr dieses Produkt verwenden wir CurcuWIN\u00ae, einen Kurkuma-Extrakt, der dank einer patentierten Technologie besser wasserl\u00f6slich ist. Die hohe Wasserl\u00f6slichkeit macht diese Erg\u00e4nzung im Vergleich zu anderen Kurkuma-Erg\u00e4nzungen besonders gut absorbierbar. CurcuWIN\u00ae ist auf den aktiven Inhaltsstoff Curcuminoide standardisiert. Dadurch wird sichergestellt, dass Sie die gew\u00fcnschte Menge dieses kraftvollen Bestandteils von Kurkuma erhalten.   <\/p>\n<p>Bonusan Curcuma longa extract ist ein hochabsorbierbares Curcuma-Erg\u00e4nzungsmittel, standardisiert auf den aktiven Inhaltsstoff Curcuminoide. Diese Erg\u00e4nzung: <\/p>\n<ul>\n<li>Hilft, die Gelenke geschmeidig zu halten*.<\/li>\n<li>ist sehr geeignet f\u00fcr Sportler und \u00e4ltere Menschen<\/li>\n<li>Ist gut f\u00fcr die Leber* und unterst\u00fctzt das Immunsystem*.<\/li>\n<\/ul>\n","protected":false},"excerpt":{"rendered":"<div class=\"product-detail-description-text mt-3\">\n<p>Bonusan Curcuma longa extract ist eine Kurkuma-Erg\u00e4nzung mit breiter Anwendbarkeit. Eine Kapsel enth\u00e4lt 250 mg Kurkuma, davon 50 mg des Wirkstoffs Curcuminoide. <\/p>\n<\/div>\n<div class=\"product-detail-usps\">\n<ul>\n<li>Hilft unter anderem, die Gelenke geschmeidig zu halten*.<\/li>\n<li>Bessere Aufnahme dank des patentierten Extrakts CurcuWIN\u00ae<\/li>\n<li>Standardisiert auf den Wirkstoff Curcuminoide<\/li>\n<\/ul>\n<\/div>\n","protected":false},"featured_media":44263,"comment_status":"open","ping_status":"closed","template":"","meta":{"_acf_changed":false,"_seopress_robots_primary_cat":"none","_seopress_titles_title":"Bonusan Curcuma longa Extrakt - 60 St\u00fcck - Kapseln | Vitafit","_seopress_titles_desc":"","_seopress_robots_index":""},"product_brand":[1398],"product_cat":[1649,1316,1764,1337,1318,1344],"product_tag":[],"woo-feed-brand":[],"class_list":{"0":"post-45265","1":"product","2":"type-product","3":"status-publish","4":"has-post-thumbnail","6":"product_brand-bonusan-de","7":"product_cat-gelenke","8":"product_cat-krauter","9":"product_cat-kurkuma-longa-gelbwurz","10":"product_cat-leber-und-entgiftung","11":"product_cat-losungen","12":"product_cat-widerstand","13":"pa_inhoud-120-stuck","14":"pa_inhoud-60-stuck","15":"pa_kruiden-kurkuma-longa-gelbwurz","16":"pa_merk-bonusan","17":"pa_oplossingen-gelenke","18":"pa_oplossingen-leber-und-entgiftung","19":"pa_oplossingen-widerstand","20":"pa_soort-kapsel-2","22":"first","23":"instock","24":"taxable","25":"shipping-taxable","26":"purchasable","27":"product-type-variable","28":"has-default-attributes"},"acf":[],"_links":{"self":[{"href":"https:\/\/vitafit.nu\/de\/wp-json\/wp\/v2\/product\/45265","targetHints":{"allow":["GET"]}}],"collection":[{"href":"https:\/\/vitafit.nu\/de\/wp-json\/wp\/v2\/product"}],"about":[{"href":"https:\/\/vitafit.nu\/de\/wp-json\/wp\/v2\/types\/product"}],"replies":[{"embeddable":true,"href":"https:\/\/vitafit.nu\/de\/wp-json\/wp\/v2\/comments?post=45265"}],"wp:featuredmedia":[{"embeddable":true,"href":"https:\/\/vitafit.nu\/de\/wp-json\/wp\/v2\/media\/44263"}],"wp:attachment":[{"href":"https:\/\/vitafit.nu\/de\/wp-json\/wp\/v2\/media?parent=45265"}],"wp:term":[{"taxonomy":"product_brand","embeddable":true,"href":"https:\/\/vitafit.nu\/de\/wp-json\/wp\/v2\/product_brand?post=45265"},{"taxonomy":"product_cat","embeddable":true,"href":"https:\/\/vitafit.nu\/de\/wp-json\/wp\/v2\/product_cat?post=45265"},{"taxonomy":"product_tag","embeddable":true,"href":"https:\/\/vitafit.nu\/de\/wp-json\/wp\/v2\/product_tag?post=45265"},{"taxonomy":"woo-feed-brand","embeddable":true,"href":"https:\/\/vitafit.nu\/de\/wp-json\/wp\/v2\/woo-feed-brand?post=45265"}],"curies":[{"name":"wp","href":"https:\/\/api.w.org\/{rel}","templated":true}]}}