{"id":45272,"date":"2024-03-26T09:39:13","date_gmt":"2024-03-26T09:39:13","guid":{"rendered":"https:\/\/vitafit.nu\/product\/bonusan-crocus-sativus-extrakt-60-vegakapseln\/"},"modified":"2025-04-11T04:54:57","modified_gmt":"2025-04-11T04:54:57","slug":"bonusan-crocus-sativus-extrakt-60-vegakapseln","status":"publish","type":"product","link":"https:\/\/vitafit.nu\/de\/bonusan-crocus-sativus-extrakt-60-vegakapseln\/","title":{"rendered":"Bonusan Crocus sativus Extrakt 60 VegaKapseln"},"content":{"rendered":"<h3><strong>Warum Safran?<\/strong><\/h3>\n<p>Die Stempel der Bl\u00fcte des Safrankrokus werden seit Jahrhunderten f\u00fcr kulinarische Zwecke angebaut. Die Verwendung geht auf die persische Epoche vor mehr als 5.000 Jahren zur\u00fcck. Auch in der chinesischen und ayurvedischen Tradition wird Safran in der K\u00fcche und wegen seiner gesundheitsf\u00f6rdernden Eigenschaften verwendet. Der Name Safran stammt aus dem Arabischen za&#8217;faran, was so viel bedeutet wie &#8220;mit Gold bespannt&#8221;. Dies bezieht sich auf die goldene Farbe, die er den Gerichten verleiht. Es ist erstaunlich, was ein winziger St\u00e4ngel des Safrankrokus bewirken kann. Er f\u00e4rbt eine ganze Reispfanne gelb und verleiht der Paella ihren unverwechselbaren Geschmack. Au\u00dferdem enth\u00e4lt er eine Handvoll besonderer Wirkstoffe.       <\/p>\n<p>Zu den Wirkstoffen des Safrans geh\u00f6ren Crocin, Safranal und Picrocrocin. Dies sind die Stoffe, die am meisten zu einem guten psychischen Gleichgewicht beitragen*. Picrocrocin und insbesondere Safranal sind f\u00fcr die Aromen des Safrans verantwortlich. Picrocrocin wird jedoch beim Trocknen und Erhitzen von Safran leicht abgebaut, und Safranal ist ein fl\u00fcchtiger Stoff. Daher verlieren sie beim Kochen stark an Wirkung. Daher ist es wichtig, einen standardisierten Extrakt mit einem garantierten Gehalt an Wirkstoffen zu w\u00e4hlen.     <\/p>\n<h3><strong>Die Vorteile von Bonusan Crocus sativus Extrakt<\/strong><\/h3>\n<p>Bonusan Crocus sativus extract enth\u00e4lt 100% gentechnisch zertifizierten, also reinen Safran. Es enth\u00e4lt 30 mg Safranextrakt aus Affron\u00ae, standardisiert auf &gt;3,5% Lepticrosalides\u00ae. Lepticrosalides\u00ae ist eine patentierte Kombination der Wirkstoffe des Safrans: Crocin, Safranal und Picrocrocin. Das Produkt enth\u00e4lt au\u00dferdem mindestens 2% Safranal und 3% Crocin. Der Safrankrokus wird in Spanien angebaut und extrahiert.    <\/p>\n<p>Bonusan Crocus sativus-Extrakt hat eine Reihe von gesundheitlichen Wirkungen, vor allem dank seiner Inhaltsstoffe Crocin und Safranal. Er tr\u00e4gt zur geistigen Belastbarkeit* und zu einer normalen psychischen Funktion* bei. <\/p>\n<p>Die empfohlene Dosis ist eine Kapsel pro Tag, die w\u00e4hrend oder kurz nach den Mahlzeiten eingenommen wird. Eine Kapsel Bonusan Crocus sativus-Extrakt enth\u00e4lt 30 mg Safran; dies entspricht den in Studien verwendeten Dosen (28-30 mg pro Tag). Die Kapseln des Crocus sativus-Extrakts Bonusan sind au\u00dferdem angenehm zu verwenden und leicht zu schlucken.  <\/p>\n<h3><strong>Hohe Qualit\u00e4t dank reinem Safran<\/strong><\/h3>\n<p>Safran ist eines der teuersten Gew\u00fcrze der Welt. Daher werden oft F\u00e4rberdistel und andere Ersatzstoffe verwendet. Die gesundheitsf\u00f6rdernden Eigenschaften kommen jedoch nur bei reinem Safran zur Geltung. Daher enth\u00e4lt Bonusan Crocus sativus Extrakt garantiert 100% gentechnisch zertifizierten Safran.   <\/p>\n<p>Bonusan formuliert und produziert seine Nahrungserg\u00e4nzungsmittel selbst nach den neuesten wissenschaftlichen Erkenntnissen. In unserer modernen Fabrik verarbeiten wir die Rohstoffe zu aktiven Produkten in einem Umfeld optimaler und kontrollierter Sicherheit. <\/p>\n<h3><strong>Wohltuend f\u00fcr ein gutes seelisches Gleichgewicht*<\/strong><\/h3>\n<p>Der Extrakt aus Crocus sativus Bonusan tr\u00e4gt zu einem klaren Geist bei und wirkt sich positiv auf das geistige Gleichgewicht aus*.<\/p>\n<p>Der Extrakt Bonusan Crocus sativus ist f\u00fcr Vegetarier und Menschen mit veganer Lebensweise geeignet.<\/p>\n","protected":false},"excerpt":{"rendered":"<div class=\"product-detail-description-text mt-3\">Manchmal braucht man nur ein kleines bisschen von etwas, um eine gro\u00dfe Wirkung zu erzielen. Bei Safran ist das sicherlich der Fall. Und das ist auch gut so, denn reiner Safran wird nicht umsonst das &#8220;rote Gold&#8221; genannt. Der Herstellungsprozess ist sehr arbeitsintensiv und wird auch heute noch von Hand durchgef\u00fchrt. Aber das ist es wert. <i>Crocus sativus<\/i> hat eine Reihe von gesundheitlichen Wirkungen und ist unter anderem gut f\u00fcr den Gem\u00fctszustand*. *Gesundheitsbezogene Angaben vorbehaltlich der europ\u00e4ischen Zulassung.     <\/div>\n<div class=\"product-detail-usps\">\n<ul>\n<li>Enth\u00e4lt garantiert echten, reinen Safran<\/li>\n<li>Standardisiert auf &gt;3,5% Lepticrosalide\u00ae, enth\u00e4lt mindestens 2% Safranal<\/li>\n<li>Crocus sativus ist gut f\u00fcr das seelische Gleichgewicht*<\/li>\n<\/ul>\n<\/div>\n","protected":false},"featured_media":44291,"comment_status":"open","ping_status":"closed","template":"","meta":{"_acf_changed":false,"_seopress_robots_primary_cat":"410","_seopress_titles_title":"Bonusan Crocus sativus Extrakt - 60 St\u00fcck - VegaCapsules | Vitafit","_seopress_titles_desc":"","_seopress_robots_index":""},"product_brand":[1398],"product_cat":[1316,1765],"product_tag":[],"woo-feed-brand":[],"class_list":{"0":"post-45272","1":"product","2":"type-product","3":"status-publish","4":"has-post-thumbnail","6":"product_brand-bonusan-de","7":"product_cat-krauter","8":"product_cat-safrankrokus","9":"pa_inhoud-60-stuck","10":"pa_kruiden-safrankrokus","11":"pa_merk-bonusan","12":"pa_soort-vegacapsule-de","14":"first","15":"instock","16":"taxable","17":"shipping-taxable","18":"purchasable","19":"product-type-variable","20":"has-default-attributes"},"acf":[],"_links":{"self":[{"href":"https:\/\/vitafit.nu\/de\/wp-json\/wp\/v2\/product\/45272","targetHints":{"allow":["GET"]}}],"collection":[{"href":"https:\/\/vitafit.nu\/de\/wp-json\/wp\/v2\/product"}],"about":[{"href":"https:\/\/vitafit.nu\/de\/wp-json\/wp\/v2\/types\/product"}],"replies":[{"embeddable":true,"href":"https:\/\/vitafit.nu\/de\/wp-json\/wp\/v2\/comments?post=45272"}],"wp:featuredmedia":[{"embeddable":true,"href":"https:\/\/vitafit.nu\/de\/wp-json\/wp\/v2\/media\/44291"}],"wp:attachment":[{"href":"https:\/\/vitafit.nu\/de\/wp-json\/wp\/v2\/media?parent=45272"}],"wp:term":[{"taxonomy":"product_brand","embeddable":true,"href":"https:\/\/vitafit.nu\/de\/wp-json\/wp\/v2\/product_brand?post=45272"},{"taxonomy":"product_cat","embeddable":true,"href":"https:\/\/vitafit.nu\/de\/wp-json\/wp\/v2\/product_cat?post=45272"},{"taxonomy":"product_tag","embeddable":true,"href":"https:\/\/vitafit.nu\/de\/wp-json\/wp\/v2\/product_tag?post=45272"},{"taxonomy":"woo-feed-brand","embeddable":true,"href":"https:\/\/vitafit.nu\/de\/wp-json\/wp\/v2\/woo-feed-brand?post=45272"}],"curies":[{"name":"wp","href":"https:\/\/api.w.org\/{rel}","templated":true}]}}