{"id":45302,"date":"2024-03-23T09:02:50","date_gmt":"2024-03-23T09:02:50","guid":{"rendered":"https:\/\/vitafit.nu\/product\/bonusan-cordyceps-sinensis-extrakt-90-vegakapseln\/"},"modified":"2025-04-11T04:55:47","modified_gmt":"2025-04-11T04:55:47","slug":"bonusan-cordyceps-sinensis-extrakt-90-vegakapseln","status":"publish","type":"product","link":"https:\/\/vitafit.nu\/de\/produkt\/bonusan-cordyceps-sinensis-extrakt-90-vegakapseln\/","title":{"rendered":"Bonusan Cordyceps sinensis Extrakt 90 VegaKapseln"},"content":{"rendered":"<p>In der Traditionellen Chinesischen Medizin (TCM) ist der Pilz Cordyceps sinensis seit Jahrhunderten eines der am meisten gesch\u00e4tzten Heilmittel. Aber auch in der heutigen Zeit wird er h\u00e4ufig verwendet und ist sogar bei Sportlern besonders beliebt. Cordyceps sinensis ist ein Pilz, der auf Raupen parasitiert. Die wichtigsten Inhaltsstoffe des Cordyceps sind Cordycepin, Cordyceps-S\u00e4uren (6%) und Polysaccharide. Das Bonusan Cordyceps sinensis-Myzel besteht ausschlie\u00dflich aus der Pilzdr\u00fcse des Pilzes. Dies ist der Teil, der die meisten biologischen Substanzen enth\u00e4lt. Der Pilz wird auf einem Substrat gez\u00fcchtet, so dass keine Raupen verwendet werden m\u00fcssen. Diese Produktionsmethode hat mehrere Vorteile, darunter die M\u00f6glichkeit der Standardisierung. Dies gew\u00e4hrleistet zuverl\u00e4ssigere Ergebnisse und eine gr\u00f6\u00dfere Reinheit.        <\/p>\n","protected":false},"excerpt":{"rendered":"<div class=\"product-detail-description-text mt-3\">In der Traditionellen Chinesischen Medizin (TCM) ist der Pilz Cordyceps sinensis seit Jahrhunderten eines der am meisten gesch\u00e4tzten Heilmittel. Aber auch in der heutigen Zeit wird er h\u00e4ufig verwendet und ist sogar bei Sportlern besonders beliebt. <\/div>\n<div class=\"product-detail-usps\">\n<ul>\n<li>Standardisiert auf 6% Cordyceps-S\u00e4uren<\/li>\n<li>Enth\u00e4lt nur die Pilzf\u00e4den<\/li>\n<\/ul>\n<\/div>\n","protected":false},"featured_media":44295,"comment_status":"open","ping_status":"closed","template":"","meta":{"_acf_changed":false,"_seopress_robots_primary_cat":"410","_seopress_titles_title":"Bonusan Cordyceps sinensis mycelium - 90 St\u00fcck - VegaCapsules | Vitafit","_seopress_titles_desc":"","_seopress_robots_index":""},"product_brand":[1398],"product_cat":[1771,1316],"product_tag":[],"woo-feed-brand":[],"class_list":{"0":"post-45302","1":"product","2":"type-product","3":"status-publish","4":"has-post-thumbnail","6":"product_brand-bonusan-de","7":"product_cat-cordyceps-sinensis-chinesischer-raupenpilz","8":"product_cat-krauter","9":"pa_inhoud-90-stuck","10":"pa_kruiden-cordyceps-sinensis-chinesischer-raupenpilz","11":"pa_merk-bonusan","12":"pa_soort-vegacapsule-de","14":"first","15":"instock","16":"taxable","17":"shipping-taxable","18":"purchasable","19":"product-type-variable","20":"has-default-attributes"},"acf":[],"_links":{"self":[{"href":"https:\/\/vitafit.nu\/de\/wp-json\/wp\/v2\/product\/45302","targetHints":{"allow":["GET"]}}],"collection":[{"href":"https:\/\/vitafit.nu\/de\/wp-json\/wp\/v2\/product"}],"about":[{"href":"https:\/\/vitafit.nu\/de\/wp-json\/wp\/v2\/types\/product"}],"replies":[{"embeddable":true,"href":"https:\/\/vitafit.nu\/de\/wp-json\/wp\/v2\/comments?post=45302"}],"wp:featuredmedia":[{"embeddable":true,"href":"https:\/\/vitafit.nu\/de\/wp-json\/wp\/v2\/media\/44295"}],"wp:attachment":[{"href":"https:\/\/vitafit.nu\/de\/wp-json\/wp\/v2\/media?parent=45302"}],"wp:term":[{"taxonomy":"product_brand","embeddable":true,"href":"https:\/\/vitafit.nu\/de\/wp-json\/wp\/v2\/product_brand?post=45302"},{"taxonomy":"product_cat","embeddable":true,"href":"https:\/\/vitafit.nu\/de\/wp-json\/wp\/v2\/product_cat?post=45302"},{"taxonomy":"product_tag","embeddable":true,"href":"https:\/\/vitafit.nu\/de\/wp-json\/wp\/v2\/product_tag?post=45302"},{"taxonomy":"woo-feed-brand","embeddable":true,"href":"https:\/\/vitafit.nu\/de\/wp-json\/wp\/v2\/woo-feed-brand?post=45302"}],"curies":[{"name":"wp","href":"https:\/\/api.w.org\/{rel}","templated":true}]}}