{"id":45305,"date":"2024-03-21T10:18:51","date_gmt":"2024-03-21T10:18:51","guid":{"rendered":"https:\/\/vitafit.nu\/product\/bonusan-cimicifuga-racemosa-extrakt-60-kapseln\/"},"modified":"2025-04-11T04:55:54","modified_gmt":"2025-04-11T04:55:54","slug":"bonusan-cimicifuga-racemosa-extrakt-60-kapseln","status":"publish","type":"product","link":"https:\/\/vitafit.nu\/de\/produkt\/bonusan-cimicifuga-racemosa-extrakt-60-kapseln\/","title":{"rendered":"Bonusan Cimicifuga racemosa Extrakt 60 Kapseln"},"content":{"rendered":"<h3 style=\"font-weight: 800\"><b><strong>Warum <em>Cimicifuga racemosa<\/em>?<\/strong><\/b><\/h3>\n<p><em style=\"font-weight: 500\">Cimicifuga racemosa<\/em><span style=\"font-weight: 500\">  ist ein Kraut, das aus der getrockneten Wurzel und dem Rhizom des Silberfarns gewonnen wird. Silberklee ist eine Zierblumenpflanze, deren Wurzel interessante gesundheitsf\u00f6rdernde Eigenschaften besitzt. Das liegt unter anderem daran, dass in ihr die Verbindung Triterpenglykosid enthalten ist. \u00dcbrigens wird die Pflanze nicht mehr offiziell als     <\/span><em style=\"font-weight: 500\">Cimicifuga racemosa<\/em><span style=\"font-weight: 500\">  sondern Actaea racemosa. Wenn es sich jedoch um einen Extrakt oder eine Tinktur handelt, bezieht es sich immer noch auf   <\/span><em style=\"font-weight: 500\">Cimicifuga racemosa<\/em><span style=\"font-weight: 500\">.<\/span><\/p>\n<p style=\"font-weight: 500\">Der Fruchtbarkeitsprozess umfasst die monatlichen Zyklen und den eventuellen \u00dcbergang in die unfruchtbare Phase des Lebens einer Frau. Dies kann mit Symptomen der Menopause einhergehen. <em>Cimicifuga racemosa<\/em> kann zur St\u00e4rkung in den Wechseljahren beitragen*. <\/p>\n<p style=\"font-weight: 500\">Um das 40. Lebensjahr herum geht die Frau langsam von einer fruchtbaren zu einer unfruchtbaren Periode \u00fcber. Der \u00d6strogenspiegel beginnt zu schwanken, und die Periode wird weniger vorhersehbar und seltener. Die so genannte Perimenopause dauert am l\u00e4ngsten und kann bis zu sechs Jahre andauern. Dann beginnt die Menopause, die in den Niederlanden im Durchschnitt um das 50. Der \u00d6strogenspiegel sinkt und der K\u00f6rper ver\u00e4ndert sich. Darauf folgt die postmenopausale Phase. Insgesamt kann diese Zeit der Wechseljahre und der Wechseljahresbeschwerden f\u00fcnf bis 12 Jahre dauern.      <\/p>\n<p style=\"font-weight: 500\">Bis zu 80 Prozent der Frauen leiden in den Wechseljahren unter Wechseljahrsbeschwerden. Mehr als ein Viertel aller Frauen ist davon so stark betroffen, dass es ihr t\u00e4gliches Leben beeintr\u00e4chtigt. Das ist oft so schlimm, dass regelm\u00e4\u00dfige und allt\u00e4gliche Aktivit\u00e4ten vor\u00fcbergehend oder f\u00fcr l\u00e4ngere Zeit zur\u00fcckgestellt werden m\u00fcssen. Da kann es gut sein, zu wissen, dass man immer auf nat\u00fcrliche Unterst\u00fctzung zur\u00fcckgreifen kann. Ein Nahrungserg\u00e4nzungsmittel mit <em>Cimicifuga racemosa-Extrakt<\/em> kann helfen, sich in den Wechseljahren zu st\u00e4rken*. Es unterst\u00fctzt auch Stimmungsschwankungen in den Wechseljahren*. Die in <em>Cimicifuga racemosa<\/em> enthaltenen Triterpenglykoside, darunter Actein, Cimicifugosid, Racemosid und 27-Hydroxyactein, gelten als die wichtigsten gesundheitsf\u00f6rdernden Inhaltsstoffe.      <\/p>\n<h3 style=\"font-weight: 800\"><b><strong>Die Vorteile von Bonusan Cimicifuga racemosa Extrakt<\/strong><\/b><\/h3>\n<p><span style=\"font-weight: 500\">Bonusan Cimicifuga racemosa Extrakt enth\u00e4lt <\/span><em style=\"font-weight: 500\">Cimicifuga racemosa<\/em><span style=\"font-weight: 500\">  in leicht zu schluckenden Kapseln und ist seit fast 20 Jahren ein bew\u00e4hrtes Produkt der Bonusan-Reihe. Der Extrakt von Bonusan Cimicifuga racemosa ist standardisiert auf mindestens 2,5% Triterpenglykoside, berechnet als 27-Hydroxyactein. Dies ist eine g\u00e4ngige Standardisierung, die auch in wissenschaftlichen Studien h\u00e4ufig verwendet wird. Dar\u00fcber hinaus enth\u00e4lt der Extrakt auch andere nat\u00fcrlich vorkommende und interessante Inhaltsstoffe von     <\/span><em style=\"font-weight: 500\">Cimicifuga racemosa.<\/em><\/p>\n<p style=\"font-weight: 500\">Die empfohlene Dosis von Bonusan Cimicifuga racemosa Extrakt ist eine Kapsel pro Tag. Die Kapseln sind leicht zu schlucken. Sie k\u00f6nnen auf Wunsch ge\u00f6ffnet werden, um den Inhalt der Nahrung beizuf\u00fcgen. Die Tagesdosis wird am besten w\u00e4hrend oder kurz nach den Mahlzeiten eingenommen.   <\/p>\n<h3 style=\"font-weight: 800\"><b><strong>Hohe Qualit\u00e4t durch Standardisierung auf mindestens 2,5% Triterpenglykoside<\/strong><\/b><\/h3>\n<p><span style=\"font-weight: 500\">Bonusan Cimicifuga racemosa-Extrakt ist auf einen Mindestgehalt von 2,5% Triterpenglykosiden standardisiert. Sie k\u00f6nnen also immer von der Mindestmenge dieses Wirkstoffs ausgehen, unabh\u00e4ngig von Erntezeit, Trocknungszeit oder anderen Einfl\u00fcssen, die auf das Produkt eingewirkt haben. <\/span><\/p>\n<p style=\"font-weight: 500\">Bei Bonusan legen wir gro\u00dfen Wert auf die wissenschaftliche Fundierung der Wirkung unserer Produkte. Unsere Forschungs- und Entwicklungsabteilung besch\u00e4ftigt sich mit der Erforschung von Anwendungsm\u00f6glichkeiten, Formen, Sicherheit, Zusammensetzungen und Wechselwirkungen von Lebensmitteln und pflanzlichen Stoffen und deren Umsetzung in unseren Produkten. Bonusan Cimicifuga racemosa-Extrakt ist seit \u00fcber 20 Jahren Teil der Bonusan-Supplementfamilie.  <\/p>\n<h3 style=\"font-weight: 800\"><b><strong>Geeignet zur Unterst\u00fctzung von Wechseljahrsbeschwerden*<\/strong><\/b><\/h3>\n<p><span style=\"font-weight: 500\">Bonusan Cimicifuga racemosa-Extrakt unterst\u00fctzt dank seiner Triterpenglykoside die Stimmungsschwankungen in den Wechseljahren* und st\u00e4rkt* die Wechseljahre. Vor der Einnahme von Bonusan Cimicifuga racemosa-Extrakt sollte bei gleichzeitiger Einnahme von anderen Kr\u00e4utern oder Arzneimitteln ein Experte konsultiert werden. Bei Lebererkrankungen (in der Vorgeschichte) die Einnahme unterbrechen oder bei Anzeichen einer Lebersch\u00e4digung einen Arzt aufsuchen. Nicht geeignet f\u00fcr die Anwendung w\u00e4hrend der Schwangerschaft und Stillzeit oder f\u00fcr Kinder.   <\/span><br style=\"font-weight: 500\"><span style=\"font-weight: 500\">Bonusan Cimicifuga racemosa extract ist f\u00fcr Vegetarier und Veganer geeignet.<\/span><\/p>\n","protected":false},"excerpt":{"rendered":"<div class=\"product-detail-description-text mt-3\">Unsere Fortpflanzung ist eine sch\u00f6ne Sache. Sie bringt neues Leben hervor. Der weibliche Zyklus und die Wechseljahre werden jedoch regelm\u00e4\u00dfig von Stimmungsschwankungen und Wechseljahrsbeschwerden begleitet. Zur Unterst\u00fctzung bei diesen Wechseljahresbeschwerden* kann ein nat\u00fcrliches Erg\u00e4nzungsmittel mit <i>Cimicifuca racemosa<\/i> helfen.   <\/div>\n<div class=\"product-detail-usps\">\n<ul>\n<li>Cimicifuga racemosa unterst\u00fctzt die Symptome der Menopause*<\/li>\n<li>Unterst\u00fctzt Stimmungsschwankungen in den Wechseljahren*<\/li>\n<li>Standardisiert auf mindestens 2,5% Triterpenglykoside<\/li>\n<\/ul>\n<\/div>\n","protected":false},"featured_media":44255,"comment_status":"open","ping_status":"closed","template":"","meta":{"_acf_changed":false,"_seopress_robots_primary_cat":"none","_seopress_titles_title":"","_seopress_titles_desc":"","_seopress_robots_index":""},"product_brand":[1398],"product_cat":[1316,1774],"product_tag":[],"woo-feed-brand":[],"class_list":{"0":"post-45305","1":"product","2":"type-product","3":"status-publish","4":"has-post-thumbnail","6":"product_brand-bonusan-de","7":"product_cat-krauter","8":"product_cat-leberblumchen-cimicifuga-racemosa","9":"pa_inhoud-60-stuck","10":"pa_kruiden-cimicifuga-racemosa-silberklee","11":"pa_merk-bonusan","12":"pa_soort-kapsel-2","14":"first","15":"instock","16":"taxable","17":"shipping-taxable","18":"purchasable","19":"product-type-variable","20":"has-default-attributes"},"acf":[],"_links":{"self":[{"href":"https:\/\/vitafit.nu\/de\/wp-json\/wp\/v2\/product\/45305","targetHints":{"allow":["GET"]}}],"collection":[{"href":"https:\/\/vitafit.nu\/de\/wp-json\/wp\/v2\/product"}],"about":[{"href":"https:\/\/vitafit.nu\/de\/wp-json\/wp\/v2\/types\/product"}],"replies":[{"embeddable":true,"href":"https:\/\/vitafit.nu\/de\/wp-json\/wp\/v2\/comments?post=45305"}],"wp:featuredmedia":[{"embeddable":true,"href":"https:\/\/vitafit.nu\/de\/wp-json\/wp\/v2\/media\/44255"}],"wp:attachment":[{"href":"https:\/\/vitafit.nu\/de\/wp-json\/wp\/v2\/media?parent=45305"}],"wp:term":[{"taxonomy":"product_brand","embeddable":true,"href":"https:\/\/vitafit.nu\/de\/wp-json\/wp\/v2\/product_brand?post=45305"},{"taxonomy":"product_cat","embeddable":true,"href":"https:\/\/vitafit.nu\/de\/wp-json\/wp\/v2\/product_cat?post=45305"},{"taxonomy":"product_tag","embeddable":true,"href":"https:\/\/vitafit.nu\/de\/wp-json\/wp\/v2\/product_tag?post=45305"},{"taxonomy":"woo-feed-brand","embeddable":true,"href":"https:\/\/vitafit.nu\/de\/wp-json\/wp\/v2\/woo-feed-brand?post=45305"}],"curies":[{"name":"wp","href":"https:\/\/api.w.org\/{rel}","templated":true}]}}