{"id":45314,"date":"2024-03-20T18:07:40","date_gmt":"2024-03-20T18:07:40","guid":{"rendered":"https:\/\/vitafit.nu\/product\/bonusan-ringelblumen-komplex-50-ml\/"},"modified":"2025-04-11T04:56:10","modified_gmt":"2025-04-11T04:56:10","slug":"bonusan-ringelblumen-komplex-50-ml","status":"publish","type":"product","link":"https:\/\/vitafit.nu\/de\/bonusan-ringelblumen-komplex-50-ml\/","title":{"rendered":"Bonusan Ringelblumen-Komplex 50 ml"},"content":{"rendered":"<p><strong>Warum Calendula-Komplex-Tinktur?<\/strong><\/p>\n<p>Der Bonusan Calendula-Komplex verdankt seinen Namen der Ringelblume: <em>Calendula officinalis<\/em>. Die Ringelblume ist in S\u00fcdeuropa heimisch und geh\u00f6rt zur Familie der Korbbl\u00fctler <em>(Asteraceae<\/em>). Die Pflanze mit orange-gelben Bl\u00fcten bl\u00fcht fast das ganze Jahr \u00fcber an sonnigen Standorten und ist leicht zu kultivieren. Die Blume wird daher h\u00e4ufig in Zierg\u00e4rten verwendet.   <\/p>\n<p>Die essbaren Bl\u00fcten sind eine farbenfrohe Bereicherung, zum Beispiel f\u00fcr einen Salat. Die Bl\u00fcten werden auch als nat\u00fcrliches F\u00e4rbemittel verwendet. F\u00fcr die Calendula-Tinktur verwenden wir die oberirdischen Teile der Pflanze einschlie\u00dflich der Bl\u00fcten. Dadurch ist unsere Ringelblumentinktur reich an Carotinoiden wie Auroxantin und Flavoxantin.   <\/p>\n<p>Bonusan Calendula-Komplex-Tinktur enth\u00e4lt auch <em>Achillea millefolium<\/em>, besser bekannt als Schafgarbe. Dank der Schafgarbe unterst\u00fctzt die Calendula-Komplex-Tinktur die Aufrechterhaltung einer normalen Verdauung*. <em>Achillea millefolium<\/em> geh\u00f6rt, wie die Ringelblume, zur Familie der Korbbl\u00fctler <em>(Asteraceae<\/em>). Die Legende besagt, dass Achilles, eine Figur aus der griechischen Mythologie, Schafgarbe mit sich f\u00fchrte, wenn er mit seiner Armee in den Krieg zog. Daher wird die Schafgarbe im Volksmund auch Wundkraut oder Soldatenkraut genannt. Die Siacyls\u00e4ure ist einer der Hauptbestandteile der Schafgarbe.    <\/p>\n<p>Schlie\u00dflich wird die Bonusan Calendula-Komplex-Tinktur mit Fersenkraut, <em>Sanicula europaea<\/em>, erg\u00e4nzt. Die Pflanze aus der Familie der Doldenbl\u00fctler<em>(Apiaceae)<\/em> hat ihren Namen vom lateinischen &#8220;sanus&#8221;, was gesund bedeutet. Wichtige Inhaltsstoffe sind Triterpensaponine, Rosmarins\u00e4ure und Flavonoide.  <\/p>\n<p>Kurz gesagt, die Bonusan Calendula-Komplex-Tinktur ist eine starke Kr\u00e4uterformel mit <em>Calendula officinalis, Achillea millefolium<\/em> und <em>Sanicula europaea<\/em>. Die breit anwendbare Tinktur ist unter anderem dank <em>Achillea millefolium<\/em> gut f\u00fcr die Verdauung*. <\/p>\n<p><strong>Hohe Qualit\u00e4t dank hochwertiger Zutaten<\/strong><\/p>\n<p>Bei der Herstellung unserer Kr\u00e4uterrezepturen verwenden wir nur die besten Pflanzenmaterialien, die richtigen Pflanzenteile und ber\u00fccksichtigen die richtigen Erntezeiten. F\u00fcr die Calendula-Tinktur in dieser Rezeptur verwenden wir alle oberirdischen Teile der Pflanze, einschlie\u00dflich der Bl\u00fcten, da diese die meisten Carotinoide enthalten. So erhalten Sie immer das Beste, was die Natur zu bieten hat.  <\/p>\n","protected":false},"excerpt":{"rendered":"<div class=\"product-detail-description-text mt-3\">Bonusan Calendula complex ist eine ausgewogene Tinktur mit <i>Calendula officinalis<\/i>, <i>Achillea millefolium<\/i> und <i>Sanicula europaea<\/i>. Die Tinktur wurde von unseren Kr\u00e4uterexperten sorgf\u00e4ltig zusammengestellt. Sie verwenden Calendula complex Tinktur, weil sie dank <i>Achillea millefolium<\/i> zu einer normalen Verdauung* beitr\u00e4gt.  <\/div>\n<div><\/div>\n<div class=\"product-detail-description-text mt-3\">Eine kraftvolle Formel, die die Verdauung f\u00f6rdert* dank Achillea millefolium<\/div>\n<div class=\"product-detail-usps\">\n<ul>\n<li>Calendula-Komplex-Tinktur tr\u00e4gt dank Achillea zu einer normalen Verdauung* bei<\/li>\n<li>Zusammengestellt von erfahrenen Kr\u00e4uterkundigen<\/li>\n<\/ul>\n<\/div>\n","protected":false},"featured_media":44203,"comment_status":"open","ping_status":"closed","template":"","meta":{"_acf_changed":false,"_seopress_robots_primary_cat":"410","_seopress_titles_title":"Bonusan Calendula-Komplex-Tinktur - 30 ml - Tropfen | Vitafit","_seopress_titles_desc":"","_seopress_robots_index":""},"product_brand":[1398],"product_cat":[1566,1316,1318,1781],"product_tag":[],"woo-feed-brand":[],"class_list":{"0":"post-45314","1":"product","2":"type-product","3":"status-publish","4":"has-post-thumbnail","6":"product_brand-bonusan-de","7":"product_cat-auszug","8":"product_cat-krauter","9":"product_cat-losungen","10":"product_cat-ringelblume","11":"pa_inhoud-50-ml-de","12":"pa_kruiden-fersenkraut","13":"pa_kruiden-ringelblume","14":"pa_kruiden-schafgarbe","15":"pa_merk-bonusan","16":"pa_oplossingen-auszug","17":"pa_soort-tinktur","19":"first","20":"instock","21":"taxable","22":"shipping-taxable","23":"purchasable","24":"product-type-variable","25":"has-default-attributes"},"acf":[],"_links":{"self":[{"href":"https:\/\/vitafit.nu\/de\/wp-json\/wp\/v2\/product\/45314","targetHints":{"allow":["GET"]}}],"collection":[{"href":"https:\/\/vitafit.nu\/de\/wp-json\/wp\/v2\/product"}],"about":[{"href":"https:\/\/vitafit.nu\/de\/wp-json\/wp\/v2\/types\/product"}],"replies":[{"embeddable":true,"href":"https:\/\/vitafit.nu\/de\/wp-json\/wp\/v2\/comments?post=45314"}],"wp:featuredmedia":[{"embeddable":true,"href":"https:\/\/vitafit.nu\/de\/wp-json\/wp\/v2\/media\/44203"}],"wp:attachment":[{"href":"https:\/\/vitafit.nu\/de\/wp-json\/wp\/v2\/media?parent=45314"}],"wp:term":[{"taxonomy":"product_brand","embeddable":true,"href":"https:\/\/vitafit.nu\/de\/wp-json\/wp\/v2\/product_brand?post=45314"},{"taxonomy":"product_cat","embeddable":true,"href":"https:\/\/vitafit.nu\/de\/wp-json\/wp\/v2\/product_cat?post=45314"},{"taxonomy":"product_tag","embeddable":true,"href":"https:\/\/vitafit.nu\/de\/wp-json\/wp\/v2\/product_tag?post=45314"},{"taxonomy":"woo-feed-brand","embeddable":true,"href":"https:\/\/vitafit.nu\/de\/wp-json\/wp\/v2\/woo-feed-brand?post=45314"}],"curies":[{"name":"wp","href":"https:\/\/api.w.org\/{rel}","templated":true}]}}