{"id":45316,"date":"2024-03-21T09:20:38","date_gmt":"2024-03-21T09:20:38","guid":{"rendered":"https:\/\/vitafit.nu\/product\/bonusan-centaurium-rosmarinus-komplex-50-ml\/"},"modified":"2025-04-11T04:56:16","modified_gmt":"2025-04-11T04:56:16","slug":"bonusan-centaurium-rosmarinus-komplex-50-ml","status":"publish","type":"product","link":"https:\/\/vitafit.nu\/de\/produkt\/bonusan-centaurium-rosmarinus-komplex-50-ml\/","title":{"rendered":"Bonusan Centaurium Rosmarinus Komplex 50 ml"},"content":{"rendered":"<h3><strong>Warum Centaurium Rosmarinus complex?<\/strong><\/h3>\n<p><em>Rosmarinus officinalis<\/em>, oder Rosmarin, ist eine krautige Pflanze aus der Familie der Lippenbl\u00fctler<em>(Lamiaceae<\/em>). Zu dieser interessanten Familie geh\u00f6ren auch viele andere Kr\u00e4uter mit einer langen kulinarischen Geschichte, wie Thymian, Majoran und Salbei. Neben seinen kulinarischen Qualit\u00e4ten ist Rosmarin auch wegen seiner therapeutischen Eigenschaften beliebt. So wird er seit Jahrhunderten verwendet, weil er zu einer normalen Verdauungsfunktion beitr\u00e4gt und die reinigende Wirkung der Leber unterst\u00fctzt*.   <\/p>\n<p>Die bekanntesten und wichtigsten Inhaltsstoffe von <em>Rosmarinus officinalis<\/em> sind Bitterstoffe, Triterpene und Phenole wie Rosmarins\u00e4ure und Carnosins\u00e4ure. Innerhalb dieses Komplexes sind die Bitterstoffe besonders wichtig. Durch die Bitterstoffe unterst\u00fctzt<em> Rosmarinus<\/em> die Aufrechterhaltung einer gesunden Verdauung*.  <\/p>\n<p><em>Centaurium erythraea<\/em>, echtes Centaurium, ist eine krautige Pflanze aus der Familie der<em>Enziangew\u00e4chse (Gentianaceae<\/em>). Sein volkst\u00fcmlicher Name ist &#8220;Fieberkraut&#8221; oder &#8220;Fieberblume&#8221;, aber<em> Centaurium<\/em> hat auch eine lange Geschichte der Verwendung wegen seiner Rolle bei der Verdauung*. Von echtem Centaurium verwenden wir das ganze Kraut (Herba), das reich an Bitterstoffen ist. Die Bitterstoffe in <em>Centaurium <\/em>unterst\u00fctzen die normale Verdauungsfunktion*.   <\/p>\n<p>Kurz gesagt, der Bonusan Centaurium Rosmarinus Komplex ist dank <em>Rosmarinus officinalis<\/em> und <em>Centaurium erythraea<\/em> eine spezielle Kr\u00e4uterformel, die die Aufrechterhaltung einer gesunden Verdauung* unterst\u00fctzt.<\/p>\n<h3><strong>Hohe Qualit\u00e4t dank hochwertiger Zutaten<\/strong><\/h3>\n<p>Bei der Herstellung unserer Kr\u00e4uterrezepturen verwenden wir nur die besten Pflanzenmaterialien, die richtigen Pflanzenteile und ber\u00fccksichtigen die richtigen Erntezeiten. F\u00fcr Centaurium Rosmarinus complex verwenden wir zum Beispiel bevorzugt die getrockneten Bl\u00e4tter (folia) des Rosmarins. Wir verwenden auch das ganze Kraut (herba) von <em>Centaurium erythraea<\/em>, da alle Teile viele Bitterstoffe enthalten. So erhalten Sie immer das Beste, was die Natur zu bieten hat.   <\/p>\n","protected":false},"excerpt":{"rendered":"<div class=\"product-detail-description-text mt-3\">Bonusan Centaurium Rosmarinus complex ist eine spezielle Kr\u00e4uterformel mit einer Kombination aus <i>Rosmarinus officinalis<\/i> und <i>Centaurium erythraea<\/i>. Dieses Produkt unterst\u00fctzt die Aufrechterhaltung einer gesunden Verdauung*. Au\u00dferdem hat dieser ausgewogene Komplex dank <i>Rosmarinus<\/i> eine positive Wirkung auf die Leber*.  <\/div>\n<div class=\"product-detail-usps\">\n<ul>\n<li>Spezielle pflanzliche Formel mit Rosmarinus officinalis und Centaurium erythraea<\/li>\n<li>Nat\u00fcrliche Unterst\u00fctzung der Verdauung dank Rosmarinus und Centaurium*<\/li>\n<li>Einfach zu dosieren dank praktischem Tropfer<\/li>\n<\/ul>\n<\/div>\n","protected":false},"featured_media":44147,"comment_status":"open","ping_status":"closed","template":"","meta":{"_acf_changed":false,"_seopress_robots_primary_cat":"410","_seopress_titles_title":"Bonusan Centaurium Rosmarinus Komplex Tinktur - 50 ml - Tropfen | Vitafit","_seopress_titles_desc":"","_seopress_robots_index":""},"product_brand":[1398],"product_cat":[1566,1779,1316,1318],"product_tag":[],"woo-feed-brand":[],"class_list":{"0":"post-45316","1":"product","2":"type-product","3":"status-publish","4":"has-post-thumbnail","6":"product_brand-bonusan-de","7":"product_cat-auszug","8":"product_cat-centaurium-erythraea-echter-tausendguldenkraut","9":"product_cat-krauter","10":"product_cat-losungen","11":"pa_inhoud-50-ml-de","12":"pa_kruiden-centaurium-erythraea-echtes-centaurium-herba","13":"pa_kruiden-rosmarinus-officinalis-rosmarin","14":"pa_merk-bonusan","15":"pa_oplossingen-auszug","16":"pa_soort-tinktur","18":"first","19":"instock","20":"taxable","21":"shipping-taxable","22":"purchasable","23":"product-type-variable","24":"has-default-attributes"},"acf":[],"_links":{"self":[{"href":"https:\/\/vitafit.nu\/de\/wp-json\/wp\/v2\/product\/45316","targetHints":{"allow":["GET"]}}],"collection":[{"href":"https:\/\/vitafit.nu\/de\/wp-json\/wp\/v2\/product"}],"about":[{"href":"https:\/\/vitafit.nu\/de\/wp-json\/wp\/v2\/types\/product"}],"replies":[{"embeddable":true,"href":"https:\/\/vitafit.nu\/de\/wp-json\/wp\/v2\/comments?post=45316"}],"wp:featuredmedia":[{"embeddable":true,"href":"https:\/\/vitafit.nu\/de\/wp-json\/wp\/v2\/media\/44147"}],"wp:attachment":[{"href":"https:\/\/vitafit.nu\/de\/wp-json\/wp\/v2\/media?parent=45316"}],"wp:term":[{"taxonomy":"product_brand","embeddable":true,"href":"https:\/\/vitafit.nu\/de\/wp-json\/wp\/v2\/product_brand?post=45316"},{"taxonomy":"product_cat","embeddable":true,"href":"https:\/\/vitafit.nu\/de\/wp-json\/wp\/v2\/product_cat?post=45316"},{"taxonomy":"product_tag","embeddable":true,"href":"https:\/\/vitafit.nu\/de\/wp-json\/wp\/v2\/product_tag?post=45316"},{"taxonomy":"woo-feed-brand","embeddable":true,"href":"https:\/\/vitafit.nu\/de\/wp-json\/wp\/v2\/woo-feed-brand?post=45316"}],"curies":[{"name":"wp","href":"https:\/\/api.w.org\/{rel}","templated":true}]}}