{"id":45321,"date":"2024-03-13T10:37:55","date_gmt":"2024-03-13T10:37:55","guid":{"rendered":"https:\/\/vitafit.nu\/product\/bonusan-vitamin-d3-25-300-weichkapseln\/"},"modified":"2025-04-11T04:56:28","modified_gmt":"2025-04-11T04:56:28","slug":"bonusan-vitamin-d3-25-300-weichkapseln","status":"publish","type":"product","link":"https:\/\/vitafit.nu\/de\/bonusan-vitamin-d3-25-300-weichkapseln\/","title":{"rendered":"bonusan Vitamin D3 25 300 Weichkapseln"},"content":{"rendered":"<h3>Wann ist der beste Zeitpunkt f\u00fcr die Einnahme von Vitamin D?<\/h3>\n<div class=\"product-detail-additional-info-selecter\">\n<div id=\"v-pills-tab\" class=\"nav flex-row flex-lg-column nav-pills\" role=\"tablist\">Am besten nehmen Sie Vitamin D3 w\u00e4hrend oder direkt nach den Mahlzeiten ein. Wenn Vitamin D in Kombination mit einem \u00d6l eingenommen wird, kann es auch zu anderen Zeiten eingenommen werden. Im Allgemeinen wird empfohlen, Nahrungserg\u00e4nzungsmittel zu den Mahlzeiten einzunehmen. Dies ist die beste Zeit f\u00fcr den K\u00f6rper, um Vitamin D3 zu absorbieren.   <\/div>\n<\/div>\n<div role=\"tablist\"><\/div>\n<h3 role=\"tablist\">Aufnahme von Vitamin D in unseren K\u00f6rper<\/h3>\n<p>Unser D\u00fcnndarm nimmt Vitamin D am besten auf, wenn es in einem \u00d6l oder einer anderen Fettgrundlage gel\u00f6st ist. Aus diesem Grund ist \u00d6l in einem Vitamin-D-Pr\u00e4parat enthalten, oder es wird empfohlen, das Pr\u00e4parat mit einer fetthaltigen Mahlzeit einzunehmen. Vitamin D3 ist ein fettl\u00f6sliches Vitamin.  <\/p>\n<h3>Nebenwirkungen bonusan Vitamin D3<\/h3>\n<p>Wenn Sie sich an die von Bonusan empfohlene Dosierung halten, sind keine Nebenwirkungen bei der Einnahme von Bonusan Vitamin D3 bekannt. Wir halten uns nat\u00fcrlich an die gesetzlich erlaubten Mengen an Vitaminen in Nahrungserg\u00e4nzungsmitteln. Von einer \u00dcberdosierung spricht man, wenn jemand \u00fcber Monate hinweg t\u00e4glich mehr als 250 Mikrogramm einnimmt. Nur dann kann die Einnahme von Vitamin D zu einem \u00fcberh\u00f6hten Calciumspiegel im Blut (Hypercalc\u00e4mie) f\u00fchren. Wenden Sie sich an einen Arzt oder Therapeuten, um Ihren Vitamin-D-Blutspiegel zu messen, wenn Sie besorgt sind oder Fragen zu Ihrer Vitamin-D3-Zufuhr haben.    <\/p>\n","protected":false},"excerpt":{"rendered":"<div class=\"product-detail-description-text mt-3\">\n<p>Mit Bonusan Vitamin D3 25 mcg Weichkapseln k\u00f6nnen Sie Ihre Vitamin-D-Dosis je nach Jahreszeit anpassen. In den Niederlanden zum Beispiel ist eine kleine Weichkapsel im Sommer eine angenehme Erg\u00e4nzung. Im Winter nehmen Sie eher bis zu drei Weichkapseln ein.  <\/p>\n<\/div>\n<div class=\"product-detail-usps\">\n<ul>\n<li>Gut absorbierbares Vitamin D3 in Oliven\u00f6l<\/li>\n<li>Keine unn\u00f6tigen Zusatzstoffe wie Omega-6<\/li>\n<li>Gute t\u00e4gliche Erg\u00e4nzung von 25 mcg Vitamin D3<\/li>\n<\/ul>\n<\/div>\n","protected":false},"featured_media":43955,"comment_status":"open","ping_status":"closed","template":"","meta":{"_acf_changed":false,"_seopress_robots_primary_cat":"none","_seopress_titles_title":"","_seopress_titles_desc":"","_seopress_robots_index":""},"product_brand":[1398],"product_cat":[1415,1318,1387,1414,1321,1344],"product_tag":[],"woo-feed-brand":[],"class_list":{"0":"post-45321","1":"product","2":"type-product","3":"status-publish","4":"has-post-thumbnail","6":"product_brand-bonusan-de","7":"product_cat-knochen","8":"product_cat-losungen","9":"product_cat-mund-und-zahne","10":"product_cat-vitamin-d","11":"product_cat-vitamine","12":"product_cat-widerstand","13":"pa_inhoud-180-stuck","14":"pa_inhoud-300-stuck","15":"pa_inhoud-90-stuck","16":"pa_merk-bonusan","17":"pa_oplossingen-knochen","18":"pa_oplossingen-mund-und-zahne","19":"pa_oplossingen-widerstand","20":"pa_soort-kapsel-2","21":"pa_vitaminen-vitamin-d3-cholecalciferol","23":"first","24":"instock","25":"taxable","26":"shipping-taxable","27":"purchasable","28":"product-type-variable","29":"has-default-attributes"},"acf":[],"_links":{"self":[{"href":"https:\/\/vitafit.nu\/de\/wp-json\/wp\/v2\/product\/45321","targetHints":{"allow":["GET"]}}],"collection":[{"href":"https:\/\/vitafit.nu\/de\/wp-json\/wp\/v2\/product"}],"about":[{"href":"https:\/\/vitafit.nu\/de\/wp-json\/wp\/v2\/types\/product"}],"replies":[{"embeddable":true,"href":"https:\/\/vitafit.nu\/de\/wp-json\/wp\/v2\/comments?post=45321"}],"wp:featuredmedia":[{"embeddable":true,"href":"https:\/\/vitafit.nu\/de\/wp-json\/wp\/v2\/media\/43955"}],"wp:attachment":[{"href":"https:\/\/vitafit.nu\/de\/wp-json\/wp\/v2\/media?parent=45321"}],"wp:term":[{"taxonomy":"product_brand","embeddable":true,"href":"https:\/\/vitafit.nu\/de\/wp-json\/wp\/v2\/product_brand?post=45321"},{"taxonomy":"product_cat","embeddable":true,"href":"https:\/\/vitafit.nu\/de\/wp-json\/wp\/v2\/product_cat?post=45321"},{"taxonomy":"product_tag","embeddable":true,"href":"https:\/\/vitafit.nu\/de\/wp-json\/wp\/v2\/product_tag?post=45321"},{"taxonomy":"woo-feed-brand","embeddable":true,"href":"https:\/\/vitafit.nu\/de\/wp-json\/wp\/v2\/woo-feed-brand?post=45321"}],"curies":[{"name":"wp","href":"https:\/\/api.w.org\/{rel}","templated":true}]}}