{"id":45337,"date":"2024-03-13T09:54:00","date_gmt":"2024-03-13T09:54:00","guid":{"rendered":"https:\/\/vitafit.nu\/product\/bonusan-zink-methionin-300-kapseln\/"},"modified":"2025-04-17T07:36:27","modified_gmt":"2025-04-17T07:36:27","slug":"bonusan-zink-methionin-300-kapseln","status":"publish","type":"product","link":"https:\/\/vitafit.nu\/de\/bonusan-zink-methionin-300-kapseln\/","title":{"rendered":"Bonusan Zink-Methionin 300 Kapseln"},"content":{"rendered":"<h3>Einnahme von Zink<\/h3>\n<div class=\"product-detail-additional-info-selecter\">\n<div id=\"v-pills-tab\" class=\"nav flex-row flex-lg-column nav-pills\" role=\"tablist\">Bonusan Zink-Methionin 15 mg wird einfach mit einer Mahlzeit eingenommen. Dies ist einzigartig, da einige Formen von Zink besser auf n\u00fcchternen Magen eingenommen werden sollten. Bonusan verwendet f\u00fcr Zinkmethionin 15 mg L-Optizinc\u00ae. Diese patentierte Form von Zink wird aufgrund seiner festen Bindung an die Aminos\u00e4ure Methionin gut absorbiert, auch wenn andere N\u00e4hrstoffe vorhanden sind.   <\/div>\n<\/div>\n<div class=\"product-detail-additional-info-content\">\n<div id=\"v-pills-tabContent\" class=\"tab-content\">\n<div id=\"v-pills-about\" class=\"tab-pane fade show active\" role=\"tabpanel\" aria-labelledby=\"v-pills-about-tab\">\n<div class=\"cms-block-faq\">\n<div id=\"accordionFaq\" class=\"accordion \">\n<div id=\"collapse1\" class=\"collapse show\" aria-labelledby=\"heading1\" data-parent=\"#accordionFaq\">\n<div class=\"card-body\">\n<p>Andere N\u00e4hrstoffe k\u00f6nnen die Zinkaufnahme beeintr\u00e4chtigen. Zum Beispiel sind Phytate, Stoffe, die in Getreide vorkommen, nicht gut f\u00fcr die Zinkaufnahme. Gl\u00fccklicherweise k\u00fcmmert sich Zinkmethionin (L-Optizinc\u00ae) nicht um diese Stoffe. L-Optizinc\u00ae wird vom K\u00f6rper gut absorbiert, auch mit den Mahlzeiten.   <\/p>\n<h3>Was ist elementares Zink?<\/h3>\n<p>Letztendlich ist das elementare Zink entscheidend. Die Menge an elementarem Zink sagt etwas dar\u00fcber aus, wie viel des &#8220;reinen&#8221; Minerals das Erg\u00e4nzungsmittel enth\u00e4lt. Die Menge an elementarem Zink gibt an, <strong>wie viel des<\/strong> Wirkstoffs <strong>der K\u00f6rper<\/strong> tats\u00e4chlich <strong>verwerten kann<\/strong>.  <\/p>\n<p>In Bonusan Zink-Methionin ist das Zink an Methionin gebunden. Mineralstoffe sind immer, auch in ihrer nat\u00fcrlichen Form in unserer Nahrung, an andere Stoffe gebunden. Bei der Supplementierung von Mineralien stellt sich also nicht die Frage, ob der Mineralstoff an einen anderen Stoff gebunden ist, sondern an welchen Stoff er gebunden ist. Die Gr\u00fcnde daf\u00fcr sind vielf\u00e4ltig: Man will die Mineralienkonkurrenz umgehen, Cofaktoren einsetzen oder dem Wirkstoff den Vorrang vor anderen N\u00e4hrstoffen geben. All dies tr\u00e4gt zu einer besseren Aufnahme von Zink in Ihrem K\u00f6rper bei.    <\/p>\n<\/div>\n<\/div>\n<\/div>\n<\/div>\n<\/div>\n<\/div>\n<\/div>\n","protected":false},"excerpt":{"rendered":"<div class=\"product-detail-description-text mt-3\">\n<p>Bonusan Zinkmethionin 15 mg enth\u00e4lt 15 mg reines Zink aus L-Optizinc\u00ae pro Kapsel. Zinkmethionin wird vom K\u00f6rper besser aufgenommen als andere Formen von Zink. Sie verwenden Zink zur Unterst\u00fctzung Ihres Immunsystems oder bei gro\u00dfer geistiger Anstrengung. F\u00fcr Menschen mit Kinderwunsch kann Zink hilfreich sein, da es zu einer normalen Fruchtbarkeit und Reproduktion beitr\u00e4gt.   <\/p>\n<\/div>\n<div class=\"product-detail-usps\">\n<ul>\n<li>Hohe Absorptionsf\u00e4higkeit dank L-Optizinc\u00ae Zink-Methionin<\/li>\n<li>Tr\u00e4gt unter anderem zu den Abwehrkr\u00e4ften und der normalen Stressresistenz des K\u00f6rpers bei.<\/li>\n<li>Liefert 15 mg reines Zink, auch bekannt als elementares Zink, pro Kapsel<\/li>\n<\/ul>\n<\/div>\n","protected":false},"featured_media":43683,"comment_status":"open","ping_status":"closed","template":"","meta":{"_acf_changed":false,"_seopress_robots_primary_cat":"none","_seopress_titles_title":"","_seopress_titles_desc":"","_seopress_robots_index":""},"product_brand":[1398],"product_cat":[1346,1596,1659,1505,1318,1333,1437,1344,1381],"product_tag":[],"woo-feed-brand":[],"class_list":{"0":"post-45337","1":"product","2":"type-product","3":"status-publish","4":"has-post-thumbnail","6":"product_brand-bonusan-de","7":"product_cat-fruchtbarkeit","8":"product_cat-haare-und-nagel","9":"product_cat-hormone","10":"product_cat-konzentration-und-gedachtnis","11":"product_cat-losungen","12":"product_cat-mineralien","13":"product_cat-oxidativer-stress","14":"product_cat-widerstand","15":"product_cat-zink-de","16":"pa_inhoud-300-stuck","17":"pa_inhoud-90-stuck","18":"pa_merk-bonusan","19":"pa_mineralen-zink-de","20":"pa_oplossingen-fruchtbarkeit","21":"pa_oplossingen-haare-und-nagel","22":"pa_oplossingen-haut","23":"pa_oplossingen-hormone","24":"pa_oplossingen-konzentration-und-gedachtnis","25":"pa_oplossingen-oxidativer-stress","26":"pa_oplossingen-widerstand","27":"pa_soort-kapsel-2","29":"first","30":"instock","31":"taxable","32":"shipping-taxable","33":"purchasable","34":"product-type-variable","35":"has-default-attributes"},"acf":[],"_links":{"self":[{"href":"https:\/\/vitafit.nu\/de\/wp-json\/wp\/v2\/product\/45337","targetHints":{"allow":["GET"]}}],"collection":[{"href":"https:\/\/vitafit.nu\/de\/wp-json\/wp\/v2\/product"}],"about":[{"href":"https:\/\/vitafit.nu\/de\/wp-json\/wp\/v2\/types\/product"}],"replies":[{"embeddable":true,"href":"https:\/\/vitafit.nu\/de\/wp-json\/wp\/v2\/comments?post=45337"}],"wp:featuredmedia":[{"embeddable":true,"href":"https:\/\/vitafit.nu\/de\/wp-json\/wp\/v2\/media\/43683"}],"wp:attachment":[{"href":"https:\/\/vitafit.nu\/de\/wp-json\/wp\/v2\/media?parent=45337"}],"wp:term":[{"taxonomy":"product_brand","embeddable":true,"href":"https:\/\/vitafit.nu\/de\/wp-json\/wp\/v2\/product_brand?post=45337"},{"taxonomy":"product_cat","embeddable":true,"href":"https:\/\/vitafit.nu\/de\/wp-json\/wp\/v2\/product_cat?post=45337"},{"taxonomy":"product_tag","embeddable":true,"href":"https:\/\/vitafit.nu\/de\/wp-json\/wp\/v2\/product_tag?post=45337"},{"taxonomy":"woo-feed-brand","embeddable":true,"href":"https:\/\/vitafit.nu\/de\/wp-json\/wp\/v2\/woo-feed-brand?post=45337"}],"curies":[{"name":"wp","href":"https:\/\/api.w.org\/{rel}","templated":true}]}}