{"id":45338,"date":"2024-03-13T13:01:35","date_gmt":"2024-03-13T13:01:35","guid":{"rendered":"https:\/\/vitafit.nu\/product\/bonusan-omega-3-dha-forte-60-weichkapseln\/"},"modified":"2025-04-11T04:56:48","modified_gmt":"2025-04-11T04:56:48","slug":"bonusan-omega-3-dha-forte-60-weichkapseln","status":"publish","type":"product","link":"https:\/\/vitafit.nu\/de\/produkt\/bonusan-omega-3-dha-forte-60-weichkapseln\/","title":{"rendered":"Bonusan Omega-3 DHA Forte 60 Weichkapseln"},"content":{"rendered":"<h3>Die Vorteile von Bonusan Omega-3 DHA Forte<\/h3>\n<div id=\"v-pills-tabContent\" class=\"tab-content\">\n<div id=\"v-pills-about\" class=\"tab-pane fade show active\" role=\"tabpanel\" aria-labelledby=\"v-pills-about-tab\">\n<div class=\"cms-block-faq\">\n<div id=\"accordionFaq\" class=\"accordion \">\n<div>\n<div id=\"collapse1\" class=\"collapse show\" aria-labelledby=\"heading1\" data-parent=\"#accordionFaq\">\n<div class=\"card-body\">\n<p>Bonusan Omega-3 DHA Forte liefert eine extra hohe Dosis an DHA, der komplexen Omega-3-Fetts\u00e4ure, die der K\u00f6rper nur schwer selbst herstellen kann. Die nat\u00fcrliche Triglyceridform wird optimal absorbiert und die zugesetzten nat\u00fcrlichen Tocopherole sorgen daf\u00fcr, dass das \u00d6l frisch und stabil bleibt. <\/p>\n<p>Das Fisch\u00f6l ist rein und totoxarm, da es mit der modernen D\u00fcnnschichttechnologie gereinigt wird. Neben der hohen Qualit\u00e4t ist unser Fisch\u00f6l-Lieferant auch nachhaltig, durch die Zertifikate Friend of the Sea und MarinTrust. Kurzum, Bonusan vereint Gesundheit, Absorptionsf\u00e4higkeit, Reinheit und Nachhaltigkeit in einem Produkt: Omega-3 DHA Forte.  <\/p>\n<p>Sie entscheiden sich f\u00fcr Bonusan Omega-3 DHA Forte, weil:<\/p>\n<ul>\n<li><strong>Extra hoher DHA-Gehalt.<\/strong>  Bonusan Omega-3 DHA Forte enth\u00e4lt extra DHA, die komplexeste Omega-3-Fetts\u00e4ure.<\/li>\n<li><strong>Optimale Aufnahme.<\/strong>  Die nat\u00fcrliche Triglyceridform gew\u00e4hrleistet eine effiziente Aufnahme der Omega-3-Fetts\u00e4uren im K\u00f6rper.<\/li>\n<li><strong>Mit nat\u00fcrlichen Antioxidantien.<\/strong>  Die zugesetzten nat\u00fcrlichen Tocopherole halten das \u00d6l stabil. Tocopherole sind mit Vitamin E verwandt und wirken als Antioxidantien. <\/li>\n<li><strong>Fortschrittliche D\u00fcnnschichttechnologie.<\/strong>  Gereinigt von Verunreinigungen wie Schwermetallen und Toxinen f\u00fcr reines, hochwertiges Fisch\u00f6l.<\/li>\n<li><strong>Nachhaltiges Fisch\u00f6l.<\/strong>  Unser Lieferant ist von Friend of the Sea und MarinTrust f\u00fcr nachhaltiges und verantwortungsvolles Fischereimanagement zertifiziert.<\/li>\n<li><strong>Reinheit.<\/strong>  Strenge Qualit\u00e4tskontrollen und fortschrittliche Produktionsmethoden sorgen daf\u00fcr, dass R\u00fclpser der Vergangenheit angeh\u00f6ren.<\/li>\n<li><strong>Alles in einem.<\/strong>  Mit Bonusan Omega-3 DHA Forte m\u00fcssen Sie nicht zwischen Gesundheit, Absorptionsf\u00e4higkeit, Reinheit und Nachhaltigkeit w\u00e4hlen &#8211; es bietet alles.<\/li>\n<li><strong>Entwickelt von Fachleuten aus dem Gesundheitswesen.<\/strong>  Omega-3-Erg\u00e4nzungsmittel mit einem einzigartigen Verh\u00e4ltnis von EPA und DHA, das von Fachleuten auf wissenschaftlicher Grundlage entwickelt wurde.<\/li>\n<\/ul>\n<\/div>\n<\/div>\n<div class=\"card\">\n<div id=\"heading2\" class=\"card-header\"><\/div>\n<\/div>\n<\/div>\n<div class=\"d-flex justify-content-center faq-show-more-wrapper\">\n<div id=\"loadMoreFaqCategory\" class=\"btn btn-outline-primary btn-lg\" role=\"button\"><\/div>\n<\/div>\n<\/div>\n<\/div>\n<\/div>\n<\/div>\n<div class=\"product-detail-no-claim-container\"><\/div>\n","protected":false},"excerpt":{"rendered":"<div class=\"product-detail-description-text mt-3\">\n<p>Bonusan Omega-3 DHA Forte ist die Omega-3-Erg\u00e4nzung mit extra DHA. DHA ist die komplexeste essentielle Omega-3-Fetts\u00e4ure, die Ihr K\u00f6rper nicht richtig selbst herstellen kann. Bonusan Omega-3 DHA Forte hat einen niedrigen TOTOX-Wert und enth\u00e4lt nat\u00fcrliche Tocopherole f\u00fcr ein frisches und stabiles Fisch\u00f6l ohne Aufsto\u00dfen.  <\/p>\n<\/div>\n<div class=\"product-detail-usps\">\n<ul>\n<li>Mit 1000 mg Omega-3, davon 470 mg DHA und 100 mg EPA<\/li>\n<li>Nat\u00fcrliche Triglyceride f\u00fcr optimale Aufnahme<\/li>\n<li>Langlebig, sauber und rein<\/li>\n<\/ul>\n<\/div>\n","protected":false},"featured_media":43695,"comment_status":"open","ping_status":"closed","template":"","meta":{"_acf_changed":false,"_seopress_robots_primary_cat":"none","_seopress_titles_title":"","_seopress_titles_desc":"","_seopress_robots_index":""},"product_brand":[1398],"product_cat":[1352,1506,1505,1318,1507],"product_tag":[],"woo-feed-brand":[],"class_list":{"0":"post-45338","1":"product","2":"type-product","3":"status-publish","4":"has-post-thumbnail","6":"product_brand-bonusan-de","7":"product_cat-andere-erganzungen","8":"product_cat-augen-und-sehkraft","9":"product_cat-konzentration-und-gedachtnis","10":"product_cat-losungen","11":"product_cat-omega-3-de","12":"pa_inhoud-30-einheiten","13":"pa_inhoud-60-stuck","14":"pa_merk-bonusan","15":"pa_oplossingen-augen-und-sehkraft","16":"pa_oplossingen-konzentration-und-gedachtnis","17":"pa_overige-supplementen-omega-3-de","18":"pa_soort-softgel-de","20":"first","21":"instock","22":"taxable","23":"shipping-taxable","24":"purchasable","25":"product-type-variable","26":"has-default-attributes"},"acf":[],"_links":{"self":[{"href":"https:\/\/vitafit.nu\/de\/wp-json\/wp\/v2\/product\/45338","targetHints":{"allow":["GET"]}}],"collection":[{"href":"https:\/\/vitafit.nu\/de\/wp-json\/wp\/v2\/product"}],"about":[{"href":"https:\/\/vitafit.nu\/de\/wp-json\/wp\/v2\/types\/product"}],"replies":[{"embeddable":true,"href":"https:\/\/vitafit.nu\/de\/wp-json\/wp\/v2\/comments?post=45338"}],"wp:featuredmedia":[{"embeddable":true,"href":"https:\/\/vitafit.nu\/de\/wp-json\/wp\/v2\/media\/43695"}],"wp:attachment":[{"href":"https:\/\/vitafit.nu\/de\/wp-json\/wp\/v2\/media?parent=45338"}],"wp:term":[{"taxonomy":"product_brand","embeddable":true,"href":"https:\/\/vitafit.nu\/de\/wp-json\/wp\/v2\/product_brand?post=45338"},{"taxonomy":"product_cat","embeddable":true,"href":"https:\/\/vitafit.nu\/de\/wp-json\/wp\/v2\/product_cat?post=45338"},{"taxonomy":"product_tag","embeddable":true,"href":"https:\/\/vitafit.nu\/de\/wp-json\/wp\/v2\/product_tag?post=45338"},{"taxonomy":"woo-feed-brand","embeddable":true,"href":"https:\/\/vitafit.nu\/de\/wp-json\/wp\/v2\/woo-feed-brand?post=45338"}],"curies":[{"name":"wp","href":"https:\/\/api.w.org\/{rel}","templated":true}]}}