{"id":45345,"date":"2024-03-13T08:57:27","date_gmt":"2024-03-13T08:57:27","guid":{"rendered":"https:\/\/vitafit.nu\/product\/bonusan-fibropur-komplett-350g-pulver\/"},"modified":"2025-04-12T17:53:57","modified_gmt":"2025-04-12T17:53:57","slug":"bonusan-fibropur-komplett-350g-pulver","status":"publish","type":"product","link":"https:\/\/vitafit.nu\/de\/bonusan-fibropur-komplett-350g-pulver\/","title":{"rendered":"Bonusan FibroPur Komplett 350g Pulver"},"content":{"rendered":"<h3>Was sind die Vorteile von FibroPur Complete?<\/h3>\n<p>FibroPur Complete ist die vollst\u00e4ndigste Formel innerhalb der Bonusan FibroPur-Reihe. Das Pulver enth\u00e4lt die fermentierbaren Fasern Inulin, FOS und Maisdextrin. Neben diesem Fasermix mit kurz- und langkettigen Fasern enth\u00e4lt Fibropur Complete auch L-Glutamin, Proteine und 9 verschiedene Enzyme. Die vollst\u00e4ndige Zusammensetzung macht dieses Produkt zu einer wertvollen Komplettl\u00f6sung.   <\/p>\n<p>Die einzigartige Kombination von Inhaltsstoffen gew\u00e4hrleistet eine optimale Bioverf\u00fcgbarkeit der Inhaltsstoffe. FibroPur Complete enth\u00e4lt ein hoch absorbierbares Proteinpulver. Die Molke wird mit der CFM-Filtertechnologie (Cross-Flow Microfiltration) aufwendig gefiltert. Dies gew\u00e4hrleistet ein sehr reines Molkepulver mit einem besonders niedrigen Laktosegehalt (weniger als 1%).   <\/p>\n<p>Die zugesetzten Enzyme, darunter das Laktaseenzym, verbessern die Laktoseverdauung bei Personen, die Schwierigkeiten mit der Verdauung von Laktose haben. Die Enzyme sind magens\u00e4ureresistent, so dass sie auch w\u00e4hrend der Magenpassage intakt bleiben und unversehrt im Darm ankommen. Au\u00dferdem sind die Enzyme nat\u00fcrlichen Ursprungs.  <\/p>\n<h3>F\u00fcr wen ist dieses Produkt geeignet?<\/h3>\n<p>Die Zusammensetzung von FibroPur Complete wurde speziell f\u00fcr die professionelle Anwendung, zum Beispiel in einer Therapeutenpraxis, entwickelt. Die Komplettformel enth\u00e4lt fermentierbare Ballaststoffe, eine breite Mischung aus 9 verschiedenen Enzymen und hochwertige Proteine mit besonders niedrigem Laktosegehalt. Dar\u00fcber hinaus enth\u00e4lt es die reinste Form der Aminos\u00e4ure L-Glutamin.  <\/p>\n","protected":false},"excerpt":{"rendered":"<div class=\"product-detail-description-text mt-3\">\n<p>FibroPur Complete ist eine vollst\u00e4ndige Ballaststoffformel. Neben den fermentierbaren Ballaststoffen enth\u00e4lt es Proteine, eine breite Mischung von Enzymen und die Aminos\u00e4ure L-Glutamin. Die Zusammensetzung dieses Produkts ist speziell f\u00fcr den professionellen Einsatz, zum Beispiel in der Praxis eines Therapeuten, konzipiert.  <\/p>\n<\/div>\n<div class=\"product-detail-usps\">\n<ul>\n<li>Vollst\u00e4ndige Formel mit Ballaststoffen, Proteinen, Enzymen und L-Glutamin<\/li>\n<li>Wissenschaftlich erforschte Fasern mit verschiedenen Kettenl\u00e4ngen<\/li>\n<li>In Pulverform, leicht wasserl\u00f6slich und flexibel zu dosieren<\/li>\n<\/ul>\n<\/div>\n","protected":false},"featured_media":43783,"comment_status":"open","ping_status":"closed","template":"","meta":{"_acf_changed":false,"_seopress_robots_primary_cat":"none","_seopress_titles_title":"Bonusan FibroPur Komplett - 350 Gramm - Pulver | Vitafit","_seopress_titles_desc":"","_seopress_robots_index":""},"product_brand":[1398],"product_cat":[1352,1353],"product_tag":[],"woo-feed-brand":[],"class_list":{"0":"post-45345","1":"product","2":"type-product","3":"status-publish","4":"has-post-thumbnail","6":"product_brand-bonusan-de","7":"product_cat-andere-erganzungen","8":"product_cat-prabiotika","9":"pa_inhoud-350g","10":"pa_merk-bonusan","11":"pa_overige-supplementen-bromelain-aus-ananas-comosus-fructus-ananas","12":"pa_overige-supplementen-inulin","13":"pa_overige-supplementen-l-glutamin","14":"pa_overige-supplementen-lipase-de","15":"pa_overige-supplementen-papain","16":"pa_overige-supplementen-prabiotika","17":"pa_soort-pulver","19":"first","20":"instock","21":"taxable","22":"shipping-taxable","23":"purchasable","24":"product-type-variable","25":"has-default-attributes"},"acf":[],"_links":{"self":[{"href":"https:\/\/vitafit.nu\/de\/wp-json\/wp\/v2\/product\/45345","targetHints":{"allow":["GET"]}}],"collection":[{"href":"https:\/\/vitafit.nu\/de\/wp-json\/wp\/v2\/product"}],"about":[{"href":"https:\/\/vitafit.nu\/de\/wp-json\/wp\/v2\/types\/product"}],"replies":[{"embeddable":true,"href":"https:\/\/vitafit.nu\/de\/wp-json\/wp\/v2\/comments?post=45345"}],"wp:featuredmedia":[{"embeddable":true,"href":"https:\/\/vitafit.nu\/de\/wp-json\/wp\/v2\/media\/43783"}],"wp:attachment":[{"href":"https:\/\/vitafit.nu\/de\/wp-json\/wp\/v2\/media?parent=45345"}],"wp:term":[{"taxonomy":"product_brand","embeddable":true,"href":"https:\/\/vitafit.nu\/de\/wp-json\/wp\/v2\/product_brand?post=45345"},{"taxonomy":"product_cat","embeddable":true,"href":"https:\/\/vitafit.nu\/de\/wp-json\/wp\/v2\/product_cat?post=45345"},{"taxonomy":"product_tag","embeddable":true,"href":"https:\/\/vitafit.nu\/de\/wp-json\/wp\/v2\/product_tag?post=45345"},{"taxonomy":"woo-feed-brand","embeddable":true,"href":"https:\/\/vitafit.nu\/de\/wp-json\/wp\/v2\/woo-feed-brand?post=45345"}],"curies":[{"name":"wp","href":"https:\/\/api.w.org\/{rel}","templated":true}]}}