{"id":45346,"date":"2024-01-07T15:20:16","date_gmt":"2024-01-07T15:20:16","guid":{"rendered":"https:\/\/vitafit.nu\/product\/bonusan-schwangere-und-stillende-komplettpaket\/"},"modified":"2025-04-11T04:57:07","modified_gmt":"2025-04-11T04:57:07","slug":"bonusan-schwangere-und-stillende-komplettpaket","status":"publish","type":"product","link":"https:\/\/vitafit.nu\/de\/produkt\/bonusan-schwangere-und-stillende-komplettpaket\/","title":{"rendered":"Bonusan Schwangere und Stillende Komplettpaket"},"content":{"rendered":"<h3>Warum das Bonusan-Paket f\u00fcr Schwangere und Stillende komplett<\/h3>\n<p>Zun\u00e4chst einmal ist es einfach sch\u00f6n, dieses ganze B\u00fcndel zur Hand zu haben. Schlie\u00dflich verlangt eine Schwangerschaft dem K\u00f6rper viel ab und ist manchmal ganz sch\u00f6n anstrengend. In Ihnen w\u00e4chst ein neues Leben heran, und das erfordert viel Energie. Neben einer gesunden Lebensweise ist es dann wichtig, besonders auf Vitamine, Mineralstoffe und Fetts\u00e4uren zu achten. Und dann wollen Sie nat\u00fcrlich die beste Qualit\u00e4t f\u00fcr Ihr Baby und keine unn\u00f6tigen Zusatzstoffe. Die B-Vitamine in Multi Natal Active (Vitamin B1, B2, B3, B5, B6, B12 und D-Biotin) aktivieren zum Beispiel die nat\u00fcrliche Energie in Ihrem K\u00f6rper.     <\/p>\n<p>Mit diesem Paket erhalten Sie Vitamine, Mineralstoffe und Fetts\u00e4uren in leicht aufnehmbarer Form und im richtigen Verh\u00e4ltnis. Nat\u00fcrlich sind alle Produkte in diesem Paket frei von unn\u00f6tigen Zusatzstoffen wie k\u00fcnstlichen Aromen, Farb- und Geschmacksstoffen. Sie bekommen also nur das, was Sie brauchen. Das unterst\u00fctzt Sie, wenn Sie schwanger werden wollen, schwanger sind oder stillen. Denn auch dann geben Sie das, was Sie essen, an Ihr Baby weiter.    <\/p>\n<h3><a href=\"https:\/\/vitafit.nu\/de\/produkt\/bonusan-multi-natal-aktiv-60-tabletten\/\">Multi Natal Active<\/a>: der Multi f\u00fcr die Schwangerschaft<\/h3>\n<p>Multi Natal Active wurde speziell f\u00fcr Frauen entwickelt, die schwanger werden wollen, schwanger sind oder stillen. Es enth\u00e4lt 400 mcg leicht absorbierbare Fols\u00e4ure (Folat, 5-MTHF), was genau dem Richtwert f\u00fcr schwangere Frauen entspricht. Sie brauchen also keine lose Fols\u00e4ure mehr einzunehmen. Au\u00dferdem enth\u00e4lt es B-Vitamine, zus\u00e4tzliches Eisen und Vitamin D3, das eine Rolle im Prozess des Gewebewachstums und der Entwicklung spielt.   <\/p>\n<p>Au\u00dferdem ist dieses Multitalent frei von Vitamin A. Sie brauchen dieses Vitamin zwar, aber in dieser Form und in zu hoher Dosierung kann es f\u00fcr Ihr ungeborenes Baby ungesund sein. Deshalb enth\u00e4lt Multi Natal Active Beta-Carotin, eine Substanz, die Ihr K\u00f6rper bei Bedarf in Vitamin A umwandelt, so dass Sie immer gerade genug und nicht mehr bekommen. <\/p>\n<h3>Warum Omega-3 MSC DHA Forte<\/h3>\n<p>Neben Vitaminen und Mineralstoffen sind auch viele gute Omega-3-Fetts\u00e4uren aus Fisch wichtig. Sowohl f\u00fcr Sie als auch f\u00fcr Ihr Baby. Und dann ist die Fischfetts\u00e4ure DHA besonders wichtig. Denn die m\u00fctterliche Aufnahme von DHA tr\u00e4gt zu einer normalen Augen- und Gehirnentwicklung beim F\u00f6tus und beim gestillten Kind bei*.   <\/p>\n<p>Omega-3 MSC DHA Forte enth\u00e4lt viel mehr DHA als unser Basis-Omega-3. Das ist ein Geschenk des Himmels, vor allem, wenn Sie keinen fetten Fisch (mehr) essen, zum Beispiel wegen der Schwermetalle, die er enthalten kann. Nat\u00fcrlich ist Omega-3 MSC DHA Forte rein und frei von Schwermetallen, die in Fisch enthalten sein k\u00f6nnen.  <\/p>\n<p>*Die positive Wirkung wird mit einer t\u00e4glichen Aufnahme von 250 mg EPA und DHA erzielt.<\/p>\n<h3><a href=\"https:\/\/vitafit.nu\/bonusan-vitamine-d3-25-mcg1000-ie-300-capsules\/\">Vitamin D3<\/a> w\u00e4hrend der Schwangerschaft<\/h3>\n<div id=\"v-pills-tabContent\" class=\"tab-content\">\n<div id=\"v-pills-about\" class=\"tab-pane fade show active\" role=\"tabpanel\" aria-labelledby=\"v-pills-about-tab\">\n<div class=\"cms-block-faq\">\n<div id=\"accordionFaq\" class=\"accordion \">\n<div>\n<div id=\"collapse4\" class=\"collapse show\" aria-labelledby=\"heading4\" data-parent=\"#accordionFaq\">\n<div class=\"card-body\">Vitamin D3 ist sehr wichtig f\u00fcr Sie. Es tr\u00e4gt zum Beispiel zum normalen Funktionieren Ihres Immunsystems bei. Au\u00dferdem kann ein Baby in Ihrem Bauch noch kein Vitamin D3 selbst produzieren und ist v\u00f6llig abh\u00e4ngig von dem, was Sie zu sich nehmen. Vitamin D3 spielt zum Beispiel eine Rolle beim Wachstum und bei der Entwicklung von Gewebe. Daher ist es w\u00e4hrend der Schwangerschaft besonders wichtig, ausreichend Vitamin D3 zu sich zu nehmen. Nat\u00fcrlich enth\u00e4lt auch das Vitamin D3 25 mcg in diesem Paket keine unn\u00f6tigen Zusatzstoffe.     <\/div>\n<\/div>\n<\/div>\n<\/div>\n<\/div>\n<\/div>\n<\/div>\n<div><\/div>\n<div class=\"product-detail-no-claim-container\">\n<p><strong class=\"d-block\">Weitere Informationen zu diesem ProduktAufgrund<\/strong>der Gesetzgebung zu Nahrungserg\u00e4nzungsmitteln ist es uns leider nicht gestattet, (vollst\u00e4ndige) Informationen zu diesem Produkt zu geben. F\u00fcr weitere Informationen verweisen wir Sie an ein Wissensinstitut f\u00fcr orthomolekulare Therapie. <\/p>\n<\/div>\n","protected":false},"excerpt":{"rendered":"<div class=\"product-detail-description-text mt-3\">\n<h5>Produkte in diesem B\u00fcndel:<\/h5>\n<ul>\n<li><a href=\"https:\/\/vitafit.nu\/bonusan-vitamine-d3-25-mcg1000ie-90-capsules\/\">Vitamin D3 25 mcg\/1000IE<\/a><\/li>\n<li><a href=\"https:\/\/vitafit.nu\/de\/produkt\/bonusan-multi-natal-aktiv-60-tabletten\/\">Mehrgeb\u00e4rende Aktiv<\/a><\/li>\n<li><a href=\"https:\/\/vitafit.nu\/de\/produkt\/bonusan-omega-3-dha-forte-30-weichkapseln\/\">Omega-3 DHA Forte<\/a><\/li>\n<\/ul>\n<p>Bonusan Schwangeren- und Stillpaket Komplett ist das Paket von dem Moment an, in dem Sie schwanger werden wollen, bis zum Ende der Stillzeit. Multi Natal enth\u00e4lt die hochwertigsten Vitamine und Mineralien, darunter hochabsorbierbare Fols\u00e4ure (Folat, 5-MTHF), die Sie ab vier Wochen vor der erwarteten Schwangerschaft einnehmen. Dar\u00fcber hinaus enth\u00e4lt dieses Paket Vitamin D3 und DHA. Die m\u00fctterliche DHA-Zufuhr tr\u00e4gt zur normalen Entwicklung der Augen und des Gehirns des F\u00f6tus und des gestillten S\u00e4uglings bei*. So haben Sie immer die beste Erg\u00e4nzung f\u00fcr sich und Ihr Baby zur Hand.    <\/p>\n<p>*Die positive Wirkung wird mit einer t\u00e4glichen Aufnahme von 250 mg EPA und DHA erzielt.<\/p>\n<\/div>\n<div class=\"product-detail-usps\">\n<p>&nbsp;<\/p>\n<div><\/div>\n<\/div>\n","protected":false},"featured_media":47487,"comment_status":"open","ping_status":"closed","template":"","meta":{"_acf_changed":false,"_seopress_robots_primary_cat":"414","_seopress_titles_title":"Vorteile des Bonusan-Pakets f\u00fcr Schwangere und Stillende Komplett","_seopress_titles_desc":"Mit der Bonusan-Packung k\u00f6nnen Sie sich ganz einfach um Ihre Gesundheit w\u00e4hrend der Schwangerschaft k\u00fcmmern. Sie erhalten wichtige Vitamine, Mineralstoffe und Fetts\u00e4uren im richtigen Verh\u00e4ltnis. Frei von unn\u00f6tigen Zusatzstoffen.  ","_seopress_robots_index":""},"product_brand":[1398],"product_cat":[1430],"product_tag":[],"woo-feed-brand":[],"class_list":{"0":"post-45346","1":"product","2":"type-product","3":"status-publish","4":"has-post-thumbnail","6":"product_brand-bonusan-de","7":"product_cat-pakete","8":"pa_inhoud-bundel-de","9":"pa_merk-bonusan","11":"first","12":"instock","13":"taxable","14":"shipping-taxable","15":"purchasable","16":"product-type-variable","17":"has-default-attributes"},"acf":[],"_links":{"self":[{"href":"https:\/\/vitafit.nu\/de\/wp-json\/wp\/v2\/product\/45346","targetHints":{"allow":["GET"]}}],"collection":[{"href":"https:\/\/vitafit.nu\/de\/wp-json\/wp\/v2\/product"}],"about":[{"href":"https:\/\/vitafit.nu\/de\/wp-json\/wp\/v2\/types\/product"}],"replies":[{"embeddable":true,"href":"https:\/\/vitafit.nu\/de\/wp-json\/wp\/v2\/comments?post=45346"}],"wp:featuredmedia":[{"embeddable":true,"href":"https:\/\/vitafit.nu\/de\/wp-json\/wp\/v2\/media\/47487"}],"wp:attachment":[{"href":"https:\/\/vitafit.nu\/de\/wp-json\/wp\/v2\/media?parent=45346"}],"wp:term":[{"taxonomy":"product_brand","embeddable":true,"href":"https:\/\/vitafit.nu\/de\/wp-json\/wp\/v2\/product_brand?post=45346"},{"taxonomy":"product_cat","embeddable":true,"href":"https:\/\/vitafit.nu\/de\/wp-json\/wp\/v2\/product_cat?post=45346"},{"taxonomy":"product_tag","embeddable":true,"href":"https:\/\/vitafit.nu\/de\/wp-json\/wp\/v2\/product_tag?post=45346"},{"taxonomy":"woo-feed-brand","embeddable":true,"href":"https:\/\/vitafit.nu\/de\/wp-json\/wp\/v2\/woo-feed-brand?post=45346"}],"curies":[{"name":"wp","href":"https:\/\/api.w.org\/{rel}","templated":true}]}}