{"id":45350,"date":"2024-01-07T14:48:10","date_gmt":"2024-01-07T14:48:10","guid":{"rendered":"https:\/\/vitafit.nu\/product\/bonusan-ballaststoffe-und-verdauung-bundle\/"},"modified":"2025-04-11T04:57:20","modified_gmt":"2025-04-11T04:57:20","slug":"bonusan-ballaststoffe-und-verdauung-bundle","status":"publish","type":"product","link":"https:\/\/vitafit.nu\/de\/produkt\/bonusan-ballaststoffe-und-verdauung-bundle\/","title":{"rendered":"Bonusan Ballaststoffe und Verdauung Bundle"},"content":{"rendered":"<h3>Warum Bonusan Ballaststoffe &amp; Verdauung Paket<\/h3>\n<p>Kr\u00e4uter unterst\u00fctzen Ihre Verdauung auf nat\u00fcrliche Weise. Die Kr\u00e4uterformel Angelica-SAN enth\u00e4lt eine Tinktur aus <i>Angelica archangelica<\/i> (Gro\u00dfe Engelwurz), <i>Centaurium erythraea<\/i> (Echtes Tausendg\u00fcldenkraut) und <i>Hypericum perforatum<\/i> (Johanniskraut). *Engelwurz<i>, Tausendg\u00fcldenkraut und Hypericum<\/i> enthalten Bitterstoffe, die zu einer normalen Verdauungsfunktion beitragen*. <i>Hypericum<\/i> ist auch gut f\u00fcr die Funktion der Galle*. <\/p>\n<p>FibroPur Complete enth\u00e4lt die fermentierbaren Fasern Inulin, FOS und Maisdextrin. Dar\u00fcber hinaus enth\u00e4lt es L-Glutamin und 9 verschiedene Enzyme. Eines dieser Enzyme ist Laktase, die die Laktoseverdauung bei Personen verbessert, die Schwierigkeiten mit der Verdauung von Laktose haben. Diese vollst\u00e4ndige Zusammensetzung macht FibroPur Complete zu einer wertvollen Gesamtl\u00f6sung. Zusammen mit Angelica-SAN bildet es eine ideale Kombination: das Bonusan Ballaststoff- und Verdauungsb\u00fcndel.    <\/p>\n<p>*Gesundheitsbezogene Angabe, deren europ\u00e4ische Zulassung noch aussteht<\/p>\n<h3>Was ist Fibropur Complete?<\/h3>\n<p>FibroPur Complete ist unsere vollst\u00e4ndigste Ballaststoffformel mit mehr als nur Ballaststoffen. Das l\u00f6sliche Pulver enth\u00e4lt von Natur aus die fermentierbaren Fasern Inulin, FOS und Maisdextrin. Jeder der Ballaststoffe wurde wissenschaftlich erforscht. Die unterschiedlichen Kettenl\u00e4ngen der Fasern sorgen f\u00fcr eine m\u00f6glichst breit gef\u00e4cherte Rezeptur. Neben den Ballaststoffen liefert dieses Produkt aber auch Proteine, eine breite Mischung von Enzymen und die Aminos\u00e4ure L-Glutamin.    <\/p>\n<p>Die zugesetzten Enzyme sind magens\u00e4ureresistent, so dass sie auch w\u00e4hrend der Magenpassage intakt bleiben und unversehrt im Darm ankommen. Au\u00dferdem sind die Enzyme nat\u00fcrlichen Ursprungs. Die einzigartige Kombination der Inhaltsstoffe in FibroPur Complete gew\u00e4hrleistet eine optimale Bioverf\u00fcgbarkeit der Komponenten.  <\/p>\n<h3>Was ist Angelika-SAN<\/h3>\n<p>Kr\u00e4uter unterst\u00fctzen Ihre Verdauung auf nat\u00fcrliche Weise. Angelika-SAN ist eine praktische Kr\u00e4utertinktur aus unserer selbst entwickelten SAN-Linie. Die SAN-Linie wurde auf der Grundlage unserer langj\u00e4hrigen Erfahrung in der Herstellung traditioneller Kr\u00e4uterrezepturen entwickelt. Angelica-SAN unterst\u00fctzt die normale Verdauung* dank <i>Angelica archangelica, Centaurium erythraea und Hypericum perforatum<\/i>. Dar\u00fcber hinaus ist <i>Hypericum<\/i> gut f\u00fcr die Gallenfunktion*. Es darf also in diesem Ballaststoff- und Verdauungsb\u00fcndel nicht fehlen!     <\/p>\n<p>*Gesundheitsbezogene Angabe, deren europ\u00e4ische Zulassung noch aussteht<\/p>\n<p><strong class=\"d-block\">Weitere Informationen zu diesem Produkt<\/strong><\/p>\n<p>Leider ist es uns aufgrund der Gesetzgebung f\u00fcr Nahrungserg\u00e4nzungsmittel nicht gestattet, (vollst\u00e4ndige) Informationen \u00fcber dieses Produkt zu geben. F\u00fcr weitere Informationen verweisen wir Sie an ein Wissensinstitut f\u00fcr orthomolekulare Therapie. <\/p>\n","protected":false},"excerpt":{"rendered":"<h5>Produkte in diesem B\u00fcndel:<\/h5>\n<ul>\n<li><a href=\"https:\/\/vitafit.nu\/bonusan-angelica-san-tinctuur-30-ml\/\">Angelika-SAN<\/a><\/li>\n<li> <a href=\"https:\/\/vitafit.nu\/de\/produkt\/bonusan-fibropur-komplett-350g-pulver\/\">FibroPur Komplett<\/a><\/li>\n<\/ul>\n<div class=\"product-detail-description-text mt-3\">Die Bonusan-Packung Ballaststoffe &amp; Verdauung f\u00f6rdert die Verdauung* dank <i>Angelika, Centaurium<\/i> und <i>Hypericum<\/i>. Alle drei Kr\u00e4uter sind in der Kr\u00e4uterformel Angelica-SAN enthalten. Die Ballaststoffformel FibroPur Complete mit Inulin und FOS vervollst\u00e4ndigt dieses B\u00fcndel. FibroPur Complete enth\u00e4lt au\u00dferdem einen breiten Enzymkomplex und die Aminos\u00e4ure L-Glutamin. Die Produkte in diesem B\u00fcndel erg\u00e4nzen sich optimal. Kurzum: ein Komplettpaket f\u00fcr Ballaststoffe und Verdauung*.     <\/div>\n<div class=\"product-detail-usps\">\n<div><\/div>\n<\/div>\n","protected":false},"featured_media":41259,"comment_status":"open","ping_status":"closed","template":"","meta":{"_acf_changed":false,"_seopress_robots_primary_cat":"414","_seopress_titles_title":"Unterst\u00fctzen Sie Ihre Verdauung auf nat\u00fcrliche Weise mit dem Bonusan Ballaststoffe Paket","_seopress_titles_desc":"Unterst\u00fctzen Sie Ihre Verdauung auf nat\u00fcrliche Weise mit dem Bonusan-Paket Ballaststoffe und Verdauung. Enth\u00e4lt kr\u00e4ftige Kr\u00e4uter und fermentierbare Ballaststoffe f\u00fcr eine gesunde Verdauung. ","_seopress_robots_index":""},"product_brand":[1398],"product_cat":[1430],"product_tag":[],"woo-feed-brand":[],"class_list":{"0":"post-45350","1":"product","2":"type-product","3":"status-publish","4":"has-post-thumbnail","6":"product_brand-bonusan-de","7":"product_cat-pakete","8":"pa_inhoud-bundel-de","9":"pa_merk-bonusan","11":"first","12":"instock","13":"taxable","14":"shipping-taxable","15":"purchasable","16":"product-type-variable","17":"has-default-attributes"},"acf":[],"_links":{"self":[{"href":"https:\/\/vitafit.nu\/de\/wp-json\/wp\/v2\/product\/45350","targetHints":{"allow":["GET"]}}],"collection":[{"href":"https:\/\/vitafit.nu\/de\/wp-json\/wp\/v2\/product"}],"about":[{"href":"https:\/\/vitafit.nu\/de\/wp-json\/wp\/v2\/types\/product"}],"replies":[{"embeddable":true,"href":"https:\/\/vitafit.nu\/de\/wp-json\/wp\/v2\/comments?post=45350"}],"wp:featuredmedia":[{"embeddable":true,"href":"https:\/\/vitafit.nu\/de\/wp-json\/wp\/v2\/media\/41259"}],"wp:attachment":[{"href":"https:\/\/vitafit.nu\/de\/wp-json\/wp\/v2\/media?parent=45350"}],"wp:term":[{"taxonomy":"product_brand","embeddable":true,"href":"https:\/\/vitafit.nu\/de\/wp-json\/wp\/v2\/product_brand?post=45350"},{"taxonomy":"product_cat","embeddable":true,"href":"https:\/\/vitafit.nu\/de\/wp-json\/wp\/v2\/product_cat?post=45350"},{"taxonomy":"product_tag","embeddable":true,"href":"https:\/\/vitafit.nu\/de\/wp-json\/wp\/v2\/product_tag?post=45350"},{"taxonomy":"woo-feed-brand","embeddable":true,"href":"https:\/\/vitafit.nu\/de\/wp-json\/wp\/v2\/woo-feed-brand?post=45350"}],"curies":[{"name":"wp","href":"https:\/\/api.w.org\/{rel}","templated":true}]}}