{"id":45351,"date":"2024-03-12T11:02:35","date_gmt":"2024-03-12T11:02:35","guid":{"rendered":"https:\/\/vitafit.nu\/product\/bonusan-primomega-3-msc-komplex-60-weichkapseln\/"},"modified":"2025-04-11T04:57:20","modified_gmt":"2025-04-11T04:57:20","slug":"bonusan-primomega-3-msc-komplex-60-weichkapseln","status":"publish","type":"product","link":"https:\/\/vitafit.nu\/de\/bonusan-primomega-3-msc-komplex-60-weichkapseln\/","title":{"rendered":"Bonusan PrimOmega-3 MSC-Komplex 60 Weichkapseln"},"content":{"rendered":"<h3>Was sind die Vorteile von PrimOmega-3 MSC?<\/h3>\n<p>PrimOmega-3 MSC ist reich an den Omega-3-Fetts\u00e4uren EPA und DHA. Au\u00dferdem enth\u00e4lt es Nachtkerzen\u00f6l und Borretsch\u00f6l, zwei wertvolle Quellen f\u00fcr die Omega-6-Fetts\u00e4ure GLA. Vielleicht finden Sie es merkw\u00fcrdig, dass wir noch ein Produkt mit Omega-6-Fetts\u00e4ure haben. Die Omega-6-Fetts\u00e4ure Gamma-Linolens\u00e4ure (GLA) ist nicht in vielen Lebensmitteln enthalten. Borretsch\u00f6l und Nachtkerzen\u00f6l sind reich an GLA, stehen aber nicht oft auf unserem Speiseplan. Wir haben Bonusan PrimOmega-3 MSC entwickelt, um eine t\u00e4gliche Erg\u00e4nzung der guten Fette zu bieten, die zur Erhaltung einer normalen Haut beitragen*. Die Weichkapseln sind au\u00dferdem leicht zu schlucken und frei von Geruch und Geschmack.      <\/p>\n<h3>F\u00fcr wen ist dieses Produkt geeignet?<\/h3>\n<p>Geeignet f\u00fcr alle, die GLA in Form von Nachtkerzen\u00f6l zus\u00e4tzlich zu Fisch\u00f6l einnehmen m\u00f6chten. PrimOmega-3 MSC ist daher ein ideales Kombinationsprodukt. Wird h\u00e4ufig bei Kindern eingesetzt, da es zur Erhaltung einer normalen Haut beitr\u00e4gt*.  <\/p>\n","protected":false},"excerpt":{"rendered":"<div class=\"product-detail-description-text mt-3\">\n<p>Bonusan PrimOmega-3 MSC bietet eine ausgekl\u00fcgelte t\u00e4gliche Erg\u00e4nzung der Omega-3-Fetts\u00e4uren EPA und DHA sowie des Nachtkerzen\u00f6ls, das zur Erhaltung einer normalen Haut beitr\u00e4gt. In bestimmten F\u00e4llen kann es von Vorteil sein, diese Omega-6-Fetts\u00e4ure zu erg\u00e4nzen. <\/p>\n<\/div>\n<div class=\"product-detail-usps\">\n<ul>\n<li>Vollst\u00e4ndige Formel: Reich an Omega-3-Fetts\u00e4uren und der Omega-6-Fetts\u00e4ure GLA<\/li>\n<li>Nachtkerze tr\u00e4gt zur Erhaltung normaler Haut bei*<\/li>\n<li>DHA ist gut f\u00fcr das Gehirn und die Sehkraft**<\/li>\n<\/ul>\n<\/div>\n","protected":false},"featured_media":43831,"comment_status":"open","ping_status":"closed","template":"","meta":{"_acf_changed":false,"_seopress_robots_primary_cat":"606","_seopress_titles_title":"Bonusan PrimOmega-3 MSC - 60 St\u00fcck - Weichkapseln | Vitafit","_seopress_titles_desc":"","_seopress_robots_index":""},"product_brand":[1398],"product_cat":[1352,1628,1318,1507],"product_tag":[],"woo-feed-brand":[],"class_list":{"0":"post-45351","1":"product","2":"type-product","3":"status-publish","4":"has-post-thumbnail","6":"product_brand-bonusan-de","7":"product_cat-andere-erganzungen","8":"product_cat-haut","9":"product_cat-losungen","10":"product_cat-omega-3-de","11":"pa_inhoud-120-stuck","12":"pa_inhoud-60-stuck","13":"pa_merk-bonusan","14":"pa_oplossingen-haut","15":"pa_overige-supplementen-omega-6-de","16":"pa_soort-softgel-kapseln","18":"first","19":"instock","20":"taxable","21":"shipping-taxable","22":"purchasable","23":"product-type-variable","24":"has-default-attributes"},"acf":[],"_links":{"self":[{"href":"https:\/\/vitafit.nu\/de\/wp-json\/wp\/v2\/product\/45351","targetHints":{"allow":["GET"]}}],"collection":[{"href":"https:\/\/vitafit.nu\/de\/wp-json\/wp\/v2\/product"}],"about":[{"href":"https:\/\/vitafit.nu\/de\/wp-json\/wp\/v2\/types\/product"}],"replies":[{"embeddable":true,"href":"https:\/\/vitafit.nu\/de\/wp-json\/wp\/v2\/comments?post=45351"}],"wp:featuredmedia":[{"embeddable":true,"href":"https:\/\/vitafit.nu\/de\/wp-json\/wp\/v2\/media\/43831"}],"wp:attachment":[{"href":"https:\/\/vitafit.nu\/de\/wp-json\/wp\/v2\/media?parent=45351"}],"wp:term":[{"taxonomy":"product_brand","embeddable":true,"href":"https:\/\/vitafit.nu\/de\/wp-json\/wp\/v2\/product_brand?post=45351"},{"taxonomy":"product_cat","embeddable":true,"href":"https:\/\/vitafit.nu\/de\/wp-json\/wp\/v2\/product_cat?post=45351"},{"taxonomy":"product_tag","embeddable":true,"href":"https:\/\/vitafit.nu\/de\/wp-json\/wp\/v2\/product_tag?post=45351"},{"taxonomy":"woo-feed-brand","embeddable":true,"href":"https:\/\/vitafit.nu\/de\/wp-json\/wp\/v2\/woo-feed-brand?post=45351"}],"curies":[{"name":"wp","href":"https:\/\/api.w.org\/{rel}","templated":true}]}}