{"id":45352,"date":"2024-01-07T13:51:43","date_gmt":"2024-01-07T13:51:43","guid":{"rendered":"https:\/\/vitafit.nu\/product\/bonusan-schlaf-und-entspannungspakete\/"},"modified":"2025-04-11T04:57:25","modified_gmt":"2025-04-11T04:57:25","slug":"bonusan-schlaf-und-entspannungspakete","status":"publish","type":"product","link":"https:\/\/vitafit.nu\/de\/produkt\/bonusan-schlaf-und-entspannungspakete\/","title":{"rendered":"Bonusan Schlaf- und Entspannungspakete"},"content":{"rendered":"<h3>Warum Bonusan Schlaf- und Entspannungspaket<\/h3>\n<p>Wenn Sie regelm\u00e4\u00dfig unter Stress stehen, sind zwei Dinge besonders wichtig: Schlaf und Entspannung. Denn sie geben Ihnen die Energie, die Sie brauchen, um durchzuhalten. Das Bonusan Schlaf- und Entspannungspaket hilft Ihnen sowohl tags\u00fcber als auch nachts dank zweier Spitzenprodukte, die sich perfekt erg\u00e4nzen: Relaxonyl und Sleep Rest Complex.  <\/p>\n<p>Relaxonyl tr\u00e4gt zu einer normalen Stressresistenz* bei und hilft dank Ashwagandha bei der Entspannung*. Sie nehmen dieses Produkt tags\u00fcber ein. Sleep Rest Complex unterst\u00fctzt den Schlaf* dank <sup>Baldrian1<\/sup> und wird am Abend eingenommen. Mit diesem Paket k\u00f6nnen Sie also 24 Stunden am Tag auf die richtige Unterst\u00fctzung f\u00fcr Schlaf, Ruhe und Entspannung z\u00e4hlen.   <\/p>\n<h3>Warum ist Relaxonyl in diesem Paket enthalten?<\/h3>\n<p>Relaxonyl tr\u00e4gt dank Ashwagandha<i>(Withania somnifera<\/i>) zur Entspannung* und zu einer normalen Stressresistenz* bei. Relaxonyl enth\u00e4lt eine einzigartige Kombination aus sieben standardisierten Extrakten, darunter <i>Ginkgo biloba, Rhodiola rosea<\/i> und verschiedene Arten von Ginseng. <\/p>\n<p>Die einzigartige Kombination schafft die Synergie, die Relaxonyl zu einem bei vielen beliebten Produkt macht. Zum Beispiel tr\u00e4gt Relaxonyl mit dem Zusatz von<i>Eleutherococcus senticosus<\/i>und<i>Panax ginseng <\/i>zu einer normalen kognitiven Funktion* und dank <i>Schisandra chinensis <\/i>und <i>Ashwaganda<\/i> zu einer normalen psychologischen Funktion* bei. <\/p>\n<h3>Warum ist Bonusan Sleep Rest Complex in diesem Paket enthalten?<\/h3>\n<div id=\"v-pills-tabContent\" class=\"tab-content\">\n<div id=\"v-pills-about\" class=\"tab-pane fade show active\" role=\"tabpanel\" aria-labelledby=\"v-pills-about-tab\">\n<div class=\"cms-block-faq\">\n<div id=\"accordionFaq\" class=\"accordion \">\n<div>\n<div id=\"collapse3\" class=\"collapse show\" aria-labelledby=\"heading3\" data-parent=\"#accordionFaq\">\n<div class=\"card-body\">Bonusan Sleep Rest Complex bietet dank Baldrian Unterst\u00fctzung f\u00fcr einen besseren Schlaf* und tr\u00e4gt dank Ashwagandha zur Stressresistenz* bei. Die sehr vollst\u00e4ndige Formel enth\u00e4lt auch Melatonin sowie Vorstufen und Kofaktoren f\u00fcr die k\u00f6rpereigene Melatoninproduktion. Bonusan Sleep Rest Complex enth\u00e4lt zum Beispiel das Nachtschattengew\u00e4chs<i>(Griffonia simplicifolia<\/i>) mit 5-HTP. Dies ist ein Baustein von Serotonin und Melatonin. Die Formel enth\u00e4lt au\u00dferdem GABA, Passionsblume, Magnesium und aktive B-Vitamine.    <\/div>\n<\/div>\n<\/div>\n<\/div>\n<\/div>\n<\/div>\n<\/div>\n<div><\/div>\n<div class=\"product-detail-no-claim-container\">\n<p><strong class=\"d-block\">Weitere Informationen zu diesem ProduktAufgrund<\/strong>der Gesetzgebung zu Nahrungserg\u00e4nzungsmitteln ist es uns leider nicht gestattet, (vollst\u00e4ndige) Informationen zu diesem Produkt zu geben. F\u00fcr weitere Informationen verweisen wir Sie an ein Wissensinstitut f\u00fcr orthomolekulare Therapie. <\/p>\n<\/div>\n","protected":false},"excerpt":{"rendered":"<div>\n<div>\n<h5>Produkte in diesem B\u00fcndel:<\/h5>\n<ul>\n<li><a href=\"https:\/\/vitafit.nu\/bonusan-relaxonyl-60-vegacapsules\/\">Relaxonyl<\/a><\/li>\n<li><a href=\"https:\/\/vitafit.nu\/bonusan-slaap%C2%B9-rust%C2%B2-complex-60-vegacapsules\/\"> <sup>Schlaf1<\/sup> <sup>Ruhe2<\/sup> Komplex  <\/a><\/li>\n<\/ul>\n<\/div>\n<\/div>\n<div class=\"product-detail-description-text mt-3\">Das Bonusan Sleep &amp; Relaxation Paket enth\u00e4lt Relaxonyl f\u00fcr den Tag und <sup>Sleep1<\/sup> <sup>Rest2<\/sup> Complex f\u00fcr die Nacht. Relaxonyl tr\u00e4gt zu einer normalen Stressresistenz* bei und unterst\u00fctzt dank Ashwagandha die Entspannung*. Sleep Rest Complex unterst\u00fctzt den Schlaf* dank <sup>Baldrian1<\/sup>.  <\/div>\n<div class=\"product-detail-usps\">\n<div>\n<div><\/div>\n<\/div>\n<\/div>\n","protected":false},"featured_media":47511,"comment_status":"open","ping_status":"closed","template":"","meta":{"_acf_changed":false,"_seopress_robots_primary_cat":"none","_seopress_titles_title":"Bonusan Schlaf- und Entspannungspaket: Ihr 24-Stunden-Stressbek\u00e4mpfer","_seopress_titles_desc":"Erleben Sie eine 24-Stunden-Schlaf- und Entspannungsunterst\u00fctzung mit dem Bonusan Schlaf- und Entspannungspaket. Dank Relaxonyl und Sleep Rest Complex haben Sie den Stress unter Kontrolle. ","_seopress_robots_index":""},"product_brand":[1398],"product_cat":[1430],"product_tag":[],"woo-feed-brand":[],"class_list":{"0":"post-45352","1":"product","2":"type-product","3":"status-publish","4":"has-post-thumbnail","6":"product_brand-bonusan-de","7":"product_cat-pakete","8":"pa_inhoud-bundel-de","9":"pa_merk-bonusan","11":"first","12":"instock","13":"taxable","14":"shipping-taxable","15":"purchasable","16":"product-type-variable","17":"has-default-attributes"},"acf":[],"_links":{"self":[{"href":"https:\/\/vitafit.nu\/de\/wp-json\/wp\/v2\/product\/45352","targetHints":{"allow":["GET"]}}],"collection":[{"href":"https:\/\/vitafit.nu\/de\/wp-json\/wp\/v2\/product"}],"about":[{"href":"https:\/\/vitafit.nu\/de\/wp-json\/wp\/v2\/types\/product"}],"replies":[{"embeddable":true,"href":"https:\/\/vitafit.nu\/de\/wp-json\/wp\/v2\/comments?post=45352"}],"wp:featuredmedia":[{"embeddable":true,"href":"https:\/\/vitafit.nu\/de\/wp-json\/wp\/v2\/media\/47511"}],"wp:attachment":[{"href":"https:\/\/vitafit.nu\/de\/wp-json\/wp\/v2\/media?parent=45352"}],"wp:term":[{"taxonomy":"product_brand","embeddable":true,"href":"https:\/\/vitafit.nu\/de\/wp-json\/wp\/v2\/product_brand?post=45352"},{"taxonomy":"product_cat","embeddable":true,"href":"https:\/\/vitafit.nu\/de\/wp-json\/wp\/v2\/product_cat?post=45352"},{"taxonomy":"product_tag","embeddable":true,"href":"https:\/\/vitafit.nu\/de\/wp-json\/wp\/v2\/product_tag?post=45352"},{"taxonomy":"woo-feed-brand","embeddable":true,"href":"https:\/\/vitafit.nu\/de\/wp-json\/wp\/v2\/woo-feed-brand?post=45352"}],"curies":[{"name":"wp","href":"https:\/\/api.w.org\/{rel}","templated":true}]}}