{"id":45353,"date":"2024-03-12T10:22:08","date_gmt":"2024-03-12T10:22:08","guid":{"rendered":"https:\/\/vitafit.nu\/product\/bonusan-omega-3-algenoel-60-weichkapseln\/"},"modified":"2025-04-11T04:57:26","modified_gmt":"2025-04-11T04:57:26","slug":"bonusan-omega-3-algenoel-60-weichkapseln","status":"publish","type":"product","link":"https:\/\/vitafit.nu\/de\/bonusan-omega-3-algenol-60-weichkapseln\/","title":{"rendered":"Bonusan Omega-3 Algen\u00f6l 60 Weichkapseln"},"content":{"rendered":"<h3>Was sind die Vorteile von Omega-3-Algen\u00f6l?<\/h3>\n<div class=\"product-detail-additional-info-selecter\">\n<div id=\"v-pills-tab\" class=\"nav flex-row flex-lg-column nav-pills\" role=\"tablist\">Bonusan Omega-3-Algen\u00f6l enth\u00e4lt \u00d6l aus der Mikroalge &#8220;Schizochytrium sp.&#8221;. Algen stehen ganz am Anfang der Nahrungskette. Sie werden von Krill, einer Garnelenart, gefressen, der wiederum auf dem Speiseplan von Fischen steht. Durch den Verzehr von Fisch erh\u00e4lt der Mensch Omega-3-Fetts\u00e4uren. Sie m\u00f6gen keinen Fisch oder wollen ihn nicht essen? Dann sind Algen eine naheliegende, nat\u00fcrliche Quelle f\u00fcr Omega-3-Fetts\u00e4ure. Das Algen\u00f6l Bonusan ist besonders reich an DHA. DHA tr\u00e4gt zur Aufrechterhaltung einer normalen Gehirnfunktion und Sehkraft* bei.<\/div>\n<\/div>\n<div class=\"product-detail-additional-info-content\">\n<div id=\"v-pills-tabContent\" class=\"tab-content\">\n<div id=\"v-pills-about\" class=\"tab-pane fade show active\" role=\"tabpanel\" aria-labelledby=\"v-pills-about-tab\">\n<div class=\"cms-block-faq\">\n<div id=\"accordionFaq\" class=\"accordion \">\n<div id=\"collapse1\" class=\"collapse show\" aria-labelledby=\"heading1\" data-parent=\"#accordionFaq\">\n<div class=\"card-body\">\n<p>Bonusan Omega-3 Algen\u00f6l enth\u00e4lt 250 mg DHA und 5 mcg pflanzliches Vitamin D3 pro Softgel. Die Softgels werden aus Tapiokast\u00e4rke und nicht aus Fisch-, Schweine- oder Rindergelatine hergestellt. Sie sind leicht zu schlucken, geruchlos und geschmacksneutral. Das zugesetzte Vitamin D3 erhalten wir aus Flechten. Obwohl es pflanzlich ist, handelt es sich um das gleiche Vitamin D3, das aus Schafwollfett gewonnen wird. Wenn Sie sich f\u00fcr Bonusan Omega-3-Algen\u00f6l entscheiden, treffen Sie auch eine bewusste Wahl. Die Produktion von Algen\u00f6l hat einen relativ geringen \u00f6kologischen Fu\u00dfabdruck. Algen sind eine reine Quelle f\u00fcr Omega-3-Fetts\u00e4uren. Dies erfordert weniger Verarbeitung und erh\u00e4lt so viele Inhaltsstoffe wie m\u00f6glich mit dem kleinstm\u00f6glichen Fu\u00dfabdruck.        <\/p>\n<h3>F\u00fcr wen ist dieses Produkt geeignet?<\/h3>\n<p>Bonusan Omega-3 Algen\u00f6l ist ein sehr gutes Produkt f\u00fcr eine breite Zielgruppe. Es ist eine gute Alternative f\u00fcr Vegetarier, Veganer und Menschen, die eine pflanzliche Version von Omega-3-Fetts\u00e4uren m\u00f6gen. Die Softgels sind leicht zu schlucken und passen als t\u00e4gliche Erg\u00e4nzung zu einer guten und abwechslungsreichen Ern\u00e4hrung.  <\/p>\n<p>Bonusan Omega-3-Algen\u00f6l wird auch gerne von schwangeren und stillenden Frauen eingenommen, die dadurch einen erh\u00f6hten Bedarf an DHA haben. Auch f\u00fcr Kinder ist dieses Produkt sehr gut vertr\u00e4glich. <\/p>\n<\/div>\n<\/div>\n<\/div>\n<\/div>\n<\/div>\n<\/div>\n<\/div>\n","protected":false},"excerpt":{"rendered":"<div class=\"product-detail-description-text mt-3\">\n<p>Bonusan Omega-3 Algen\u00f6l ist die L\u00f6sung, wenn Sie Omega-3 supplementieren m\u00f6chten, aber Vegetarier oder Veganer sind oder einfach kein Fisch\u00f6l einnehmen m\u00f6chten. 100% pflanzlich und 100% Bonusan. Algen stehen am Anfang der Nahrungskette und sind eine reine Quelle von Omega-3-Fetts\u00e4uren.  <\/p>\n<\/div>\n<div class=\"product-detail-usps\">\n<ul>\n<li>100% pflanzliches Produkt mit Omega-3 und veganem Vitamin D3<\/li>\n<li>Weichkapseln sind leicht zu schlucken, geruchlos und geschmacksneutral<\/li>\n<li>DHA tr\u00e4gt zur Erhaltung einer normalen Gehirnfunktion und Sehkraft bei*.<\/li>\n<\/ul>\n<p><em>*Die positive Wirkung wird mit einer t\u00e4glichen Aufnahme von 250 mg EPA und DHA erzielt.<\/em><\/p>\n<\/div>\n","protected":false},"featured_media":43891,"comment_status":"open","ping_status":"closed","template":"","meta":{"_acf_changed":false,"_seopress_robots_primary_cat":"606","_seopress_titles_title":"Bonusan Omega-3 Algen\u00f6l - 60 St\u00fcck - Weichkapseln | Vitafit","_seopress_titles_desc":"","_seopress_robots_index":""},"product_brand":[1398],"product_cat":[1352,1507],"product_tag":[],"woo-feed-brand":[],"class_list":{"0":"post-45353","1":"product","2":"type-product","3":"status-publish","4":"has-post-thumbnail","6":"product_brand-bonusan-de","7":"product_cat-andere-erganzungen","8":"product_cat-omega-3-de","9":"pa_inhoud-60-stuck","10":"pa_merk-bonusan","11":"pa_overige-supplementen-omega-3-de","12":"pa_soort-vega-softgel-kapseln","13":"pa_vitaminen-vitamin-d3-cholecalciferol","15":"first","16":"instock","17":"taxable","18":"shipping-taxable","19":"purchasable","20":"product-type-variable","21":"has-default-attributes"},"acf":[],"_links":{"self":[{"href":"https:\/\/vitafit.nu\/de\/wp-json\/wp\/v2\/product\/45353","targetHints":{"allow":["GET"]}}],"collection":[{"href":"https:\/\/vitafit.nu\/de\/wp-json\/wp\/v2\/product"}],"about":[{"href":"https:\/\/vitafit.nu\/de\/wp-json\/wp\/v2\/types\/product"}],"replies":[{"embeddable":true,"href":"https:\/\/vitafit.nu\/de\/wp-json\/wp\/v2\/comments?post=45353"}],"wp:featuredmedia":[{"embeddable":true,"href":"https:\/\/vitafit.nu\/de\/wp-json\/wp\/v2\/media\/43891"}],"wp:attachment":[{"href":"https:\/\/vitafit.nu\/de\/wp-json\/wp\/v2\/media?parent=45353"}],"wp:term":[{"taxonomy":"product_brand","embeddable":true,"href":"https:\/\/vitafit.nu\/de\/wp-json\/wp\/v2\/product_brand?post=45353"},{"taxonomy":"product_cat","embeddable":true,"href":"https:\/\/vitafit.nu\/de\/wp-json\/wp\/v2\/product_cat?post=45353"},{"taxonomy":"product_tag","embeddable":true,"href":"https:\/\/vitafit.nu\/de\/wp-json\/wp\/v2\/product_tag?post=45353"},{"taxonomy":"woo-feed-brand","embeddable":true,"href":"https:\/\/vitafit.nu\/de\/wp-json\/wp\/v2\/woo-feed-brand?post=45353"}],"curies":[{"name":"wp","href":"https:\/\/api.w.org\/{rel}","templated":true}]}}