{"id":45355,"date":"2024-03-11T15:08:36","date_gmt":"2024-03-11T15:08:36","guid":{"rendered":"https:\/\/vitafit.nu\/product\/bonusan-omega-3-msc-getraenkeoel-58-ml\/"},"modified":"2025-04-11T04:57:32","modified_gmt":"2025-04-11T04:57:32","slug":"bonusan-omega-3-msc-getraenkeoel-58-ml","status":"publish","type":"product","link":"https:\/\/vitafit.nu\/de\/bonusan-omega-3-msc-getrankeol-58-ml\/","title":{"rendered":"Bonusan Omega-3 MSC Getr\u00e4nke\u00f6l 58 ml"},"content":{"rendered":"<h3>Was sind die Vorteile von Omega-3-MSC-Trink\u00f6l?<\/h3>\n<p>Unser Omega-3-MSC-Trink\u00f6l enth\u00e4lt, wie die Softgels, mehrfach unges\u00e4ttigte Fetts\u00e4uren in der nat\u00fcrlichen Triglyceridform. Mit einem Teel\u00f6ffel Trink\u00f6l geben Sie sich bereits \u00fcber 400 mg EPA und fast 300 mg DHA. Sie k\u00f6nnen also problemlos ein Salatdressing, Ihren Fruchtsaft oder Smoothie mit diesen guten Fetts\u00e4uren anreichern.  <\/p>\n<p>Dank der Omega-3-Fetts\u00e4uren EPA und DHA unterst\u00fctzen Sie das Herz, und dank DHA unterst\u00fctzen Sie den Zustand der Augen und tragen zur Aufrechterhaltung einer normalen Gehirnfunktion bei. *<\/p>\n<p>Bonusan Omega-3 MSC Trink\u00f6l enth\u00e4lt ansonsten nur nat\u00fcrliche Inhaltsstoffe. Es ist ein reines Produkt aus Fetts\u00e4uren mit nat\u00fcrlichem Zitronengeschmack. Durch den Zusatz von gemischten Tocopherolen bleibt das Fisch\u00f6l stabil und ist nach dem \u00d6ffnen mehrere Monate haltbar. Tocopherole sind ein nat\u00fcrliches Vitamin E mit antioxidativer Wirkung, das das \u00d6l lange Zeit stabil h\u00e4lt.   <\/p>\n<p>*Die positive Wirkung wird mit einer t\u00e4glichen Aufnahme von 250 mg EPA und DHA erzielt.<\/p>\n<h3>Wie und wann kann ich Omega-3 MSC-Trink\u00f6l einnehmen?<\/h3>\n<p>Nehmen Sie einen halben oder ganzen Teel\u00f6ffel pro Tag zu den Mahlzeiten ein. Mit Omega-3-Trink\u00f6l k\u00f6nnen Sie ganz einfach die guten Fette in Ihrer t\u00e4glichen Ern\u00e4hrung erg\u00e4nzen. Manchmal ist das Schlucken von Pillen vielleicht nicht Ihr Ding, aber Sie m\u00f6gen gute Zutaten in Ihrem Salat oder Smoothie. Dann sind ein paar Tropfen dieses leichten \u00d6ls eine Alternative, um Ihre Ern\u00e4hrungspalette zu erg\u00e4nzen.   <\/p>\n<h3>F\u00fcr wen ist dieses Produkt geeignet?<\/h3>\n<p>F\u00fcr alle, die ihren t\u00e4glichen Bedarf an Omega-3-Fetts\u00e4uren erg\u00e4nzen m\u00f6chten. F\u00fcr Erwachsene und Kinder, die wenig oder keinen Fisch essen. Bei Kindern bis zu einem Jahr tr\u00e4gt die Aufnahme von DHA zur normalen visuellen Entwicklung bei. Dieses \u00d6l kann leicht zu den ersten Snacks Ihres Babys oder Kleinkindes hinzugef\u00fcgt werden. Auch f\u00fcr Kinder in anderen Altersgruppen ist das \u00d6l ein einfacher Weg, um sicherzustellen, dass sie gen\u00fcgend gute Fette zu sich nehmen.    <\/p>\n","protected":false},"excerpt":{"rendered":"<div class=\"product-detail-description-text mt-3\">\n<p>Mit Bonusan Omega-3 MSC Trink\u00f6l entscheiden Sie selbst, wie viel Omega-3-Fetts\u00e4uren Sie Ihrer t\u00e4glichen Ern\u00e4hrung hinzuf\u00fcgen m\u00f6chten. Bereits ein Teel\u00f6ffel unterst\u00fctzt das Gehirn dank DHA. Sie k\u00f6nnen das Trink\u00f6l ganz einfach zu allen m\u00f6glichen Gerichten hinzuf\u00fcgen. Nat\u00fcrlich ist das Trink\u00f6l auch f\u00fcr \u00e4ltere Menschen und Kinder geeignet, die Schwierigkeiten beim Schlucken von Weichkapseln haben.   <\/p>\n<\/div>\n<div class=\"product-detail-usps\">\n<ul>\n<li>Das Trink\u00f6l ist flexibel und leicht zu dosieren: ideal f\u00fcr Kinder<\/li>\n<li>Leichter Zitronengeschmack, daher vielseitig einsetzbar, z. B. in Salaten, Joghurt oder Smoothies<\/li>\n<li>1 Teel\u00f6ffel (1,5 ml) enth\u00e4lt 423 mg EPA und 279 mg DHA<\/li>\n<\/ul>\n<\/div>\n","protected":false},"featured_media":43815,"comment_status":"open","ping_status":"closed","template":"","meta":{"_acf_changed":false,"_seopress_robots_primary_cat":"606","_seopress_titles_title":"Bonusan Omega-3 MSC - 58 ml - Trink\u00f6l | Vitafit","_seopress_titles_desc":"","_seopress_robots_index":""},"product_brand":[1398],"product_cat":[1352,1506,1345,1505,1318,1507],"product_tag":[],"woo-feed-brand":[],"class_list":{"0":"post-45355","1":"product","2":"type-product","3":"status-publish","4":"has-post-thumbnail","6":"product_brand-bonusan-de","7":"product_cat-andere-erganzungen","8":"product_cat-augen-und-sehkraft","9":"product_cat-herz-und-oder-blutgefase","10":"product_cat-konzentration-und-gedachtnis","11":"product_cat-losungen","12":"product_cat-omega-3-de","13":"pa_inhoud-58-ml-de","14":"pa_merk-bonusan","15":"pa_oplossingen-augen-und-sehkraft","16":"pa_oplossingen-herz-und-oder-blutgefase","17":"pa_oplossingen-konzentration-und-gedachtnis","18":"pa_overige-supplementen-omega-3-de","19":"pa_soort-trinkbares-ol","21":"first","22":"instock","23":"taxable","24":"shipping-taxable","25":"purchasable","26":"product-type-variable","27":"has-default-attributes"},"acf":[],"_links":{"self":[{"href":"https:\/\/vitafit.nu\/de\/wp-json\/wp\/v2\/product\/45355","targetHints":{"allow":["GET"]}}],"collection":[{"href":"https:\/\/vitafit.nu\/de\/wp-json\/wp\/v2\/product"}],"about":[{"href":"https:\/\/vitafit.nu\/de\/wp-json\/wp\/v2\/types\/product"}],"replies":[{"embeddable":true,"href":"https:\/\/vitafit.nu\/de\/wp-json\/wp\/v2\/comments?post=45355"}],"wp:featuredmedia":[{"embeddable":true,"href":"https:\/\/vitafit.nu\/de\/wp-json\/wp\/v2\/media\/43815"}],"wp:attachment":[{"href":"https:\/\/vitafit.nu\/de\/wp-json\/wp\/v2\/media?parent=45355"}],"wp:term":[{"taxonomy":"product_brand","embeddable":true,"href":"https:\/\/vitafit.nu\/de\/wp-json\/wp\/v2\/product_brand?post=45355"},{"taxonomy":"product_cat","embeddable":true,"href":"https:\/\/vitafit.nu\/de\/wp-json\/wp\/v2\/product_cat?post=45355"},{"taxonomy":"product_tag","embeddable":true,"href":"https:\/\/vitafit.nu\/de\/wp-json\/wp\/v2\/product_tag?post=45355"},{"taxonomy":"woo-feed-brand","embeddable":true,"href":"https:\/\/vitafit.nu\/de\/wp-json\/wp\/v2\/woo-feed-brand?post=45355"}],"curies":[{"name":"wp","href":"https:\/\/api.w.org\/{rel}","templated":true}]}}