{"id":45362,"date":"2024-01-07T11:15:39","date_gmt":"2024-01-07T11:15:39","guid":{"rendered":"https:\/\/vitafit.nu\/product\/bonusan-daily-essentials-paket-fuer-aeltere-menschen\/"},"modified":"2025-04-11T04:58:03","modified_gmt":"2025-04-11T04:58:03","slug":"bonusan-daily-essentials-paket-fuer-aeltere-menschen","status":"publish","type":"product","link":"https:\/\/vitafit.nu\/de\/produkt\/bonusan-daily-essentials-paket-fuer-aeltere-menschen\/","title":{"rendered":"Bonusan Daily Essentials Paket f\u00fcr \u00e4ltere Menschen"},"content":{"rendered":"<h3>Warum Daily Essentials Senior Man?<\/h3>\n<p>Daily Essentials Senior Man bietet eine t\u00e4gliche Nahrungserg\u00e4nzung, die speziell f\u00fcr M\u00e4nner ab 65 Jahren entwickelt wurde. Mit diesem Paket erhalten Sie die ideale Kombination von Nahrungserg\u00e4nzungsmitteln, die Ihre gesunde Ern\u00e4hrung jeden Tag erg\u00e4nzen. Das Paket basiert auf professionellem Wissen und Erfahrung und gibt Ihnen die Erg\u00e4nzungsmittel, die genau die richtigen Extras bieten. Das gibt Ihnen Sicherheit und erspart Ihnen eine Menge Recherche.   <\/p>\n<p>Daily Essentials Senior Man enth\u00e4lt:<\/p>\n<ul>\n<li><b>Multi Vital Extensis Active<\/b> tr\u00e4gt dank Calcium und Magnesium zur Erhaltung starker Knochen bei. Eisen, Jod und Zink tragen zu einer normalen kognitiven Funktion bei und Vitamin B1 tr\u00e4gt zu einer normalen Herzfunktion bei. Panax Ginseng tr\u00e4gt zu einer normalen Funktion des Immunsystems bei.  <\/li>\n<li><b>Vitamin D3 &amp; K2<\/b> Wenn Sie 65+ sind, ist es wichtig, besonders auf Ihre Knochen zu achten. Vitamin D3 und K2 tragen gemeinsam zur Erhaltung normaler Knochen bei. Das liegt daran, dass Vitamin D3 die Aufnahme von Kalzium in die Knochen erh\u00f6ht und K2 die Aufnahme von Kalzium in die Knochen unterst\u00fctzt.  <\/li>\n<li><b>Omega-3 MSC:<\/b> Die Omega-3-Fetts\u00e4uren EPA und DHA tragen zu einer normalen Herzfunktion* bei. Dar\u00fcber hinaus tr\u00e4gt DHA zur Erhaltung einer normalen Gehirnfunktion* und Sehkraft* bei. <\/li>\n<\/ul>\n<p>Kurz gesagt: Daily Essentials Senior Man ist ein praktisches Komplettpaket, das Sie t\u00e4glich mit den richtigen Vitaminen, Mineralstoffen und Fetts\u00e4uren versorgt. So k\u00f6nnen Sie in aller Ruhe das tun, was Ihnen wichtig ist. <\/p>\n<p>*Die positive Wirkung wird mit einer t\u00e4glichen Aufnahme von 250 mg EPA und DHA erzielt.<\/p>\n<h3>Was sind Daily Essentials?<\/h3>\n<p>Daily Essentials sind praktische Pakete von Nahrungserg\u00e4nzungsmitteln, die einen bestimmten t\u00e4glichen Bedarf decken. So bietet das Daily Essentials Senior Man-Paket die wichtigsten Nahrungserg\u00e4nzungsmittel f\u00fcr den t\u00e4glichen Gebrauch, wenn man als Mann etwas \u00e4lter wird: Multi Vital Extensis Active, Vitamin D3 &amp; K2 und Omega-3 MSC. Also alles in der hohen Qualit\u00e4t, die Sie von Bonusan erwarten:  <\/p>\n<p>Hochgradig rein<br \/>\nKeine unn\u00f6tigen Zusatzstoffe<br \/>\nHochabsorbierbare Formen<br \/>\nBasierend auf Wissenschaft und langj\u00e4hriger Erfahrung<\/p>\n<h3>Warum brauche ich Multi Vital Extensis Active?<\/h3>\n<p>Multi Vital Extensis Active ist ein au\u00dfergew\u00f6hnliches Multivitaminpr\u00e4parat, das speziell f\u00fcr alternde M\u00e4nner entwickelt wurde. Mit 65 Jahren nimmt man die N\u00e4hrstoffe nicht mehr so gut auf. Wir haben die Formel entsprechend angepasst. Im Vergleich zu einem Multivitaminpr\u00e4parat f\u00fcr Erwachsene enth\u00e4lt Multi Vital Extensis Active daher eine h\u00f6here Dosis an:   <\/p>\n<ul>\n<li><strong>Vitamin B12<\/strong>, das zu einem normalen <strong>energieerzeugenden<\/strong>Stoffwechsel beitr\u00e4gt<\/li>\n<li><strong>Fols\u00e4ure\/Folate<\/strong>, die <strong>M\u00fcdigkeit<\/strong> und Erm\u00fcdung verringern helfen<\/li>\n<li><strong>Magnesium, Kalzium und Vitamin D3<\/strong>, die zur Erhaltung normaler <strong>Knochen<\/strong> beitragen<\/li>\n<li><strong>Mineralien<\/strong> wie Jod, da viele Medikamente negative Auswirkungen auf die Mineralien im K\u00f6rper haben<\/li>\n<\/ul>\n<p>Au\u00dferdem enth\u00e4lt Multi Vital Extensis Active mehrere Vitamine in aktiver, besonders gut absorbierbarer Form (B6, B12, Fols\u00e4ure). Aktive Vitamine werden von Ihrem K\u00f6rper leicht aufgenommen. Inaktive Vitamine m\u00fcssen von Ihrem K\u00f6rper erst in aktive umgewandelt werden. Andernfalls versteht Ihr K\u00f6rper sie nicht und kann sie nicht verwenden. Die Aktivierung von Vitaminen ist langsamer, wenn Sie \u00e4lter sind.    <\/p>\n<p>Schlie\u00dflich enth\u00e4lt dieser Multi speziell ausgew\u00e4hlte Kr\u00e4uter wie <strong><em>Ginkgo biloba<\/em><\/strong>der zu einer normalen Gehirnfunktion beitr\u00e4gt, sowie zus\u00e4tzlich <strong>Alpha-Lipons\u00e4ure, Lutein, Lycopin und MSM<\/strong>.<\/p>\n<h3>Was bewirken Vitamin D3 und K2 bei mir?<\/h3>\n<p>Vitamin D3 und K2 spielen zusammen eine Rolle beim Knochenaufbau. Dabei erh\u00f6ht Vitamin D3 die Aufnahme von Kalzium in die Knochen und Vitamin K sorgt daf\u00fcr, dass das Kalzium an der richtigen Stelle ankommt. Denn Vitamin K unterst\u00fctzt die Aufnahme von Kalzium in die Knochen.  <\/p>\n<p>Manchmal nehmen wir dank Vitamin D3 gen\u00fcgend Kalzium zu uns, aber dieses Kalzium kommt nicht an der richtigen Stelle in unserem K\u00f6rper an. Die Kombination von Vitamin D3 und K2 tr\u00e4gt zur normalen Aufnahme von Kalzium dort bei, wo es hingeh\u00f6rt: in den Knochen.  Und das ist besonders wichtig, wenn man etwas \u00e4lter wird.<\/p>\n<h3>Warum Omega-3 MSC?<\/h3>\n<div id=\"v-pills-tabContent\" class=\"tab-content\">\n<div id=\"v-pills-about\" class=\"tab-pane fade show active\" role=\"tabpanel\" aria-labelledby=\"v-pills-about-tab\">\n<div class=\"cms-block-faq\">\n<div id=\"accordionFaq\" class=\"accordion \">\n<div>\n<div id=\"collapse5\" class=\"collapse show\" aria-labelledby=\"heading5\" data-parent=\"#accordionFaq\">\n<div class=\"card-body\">\n<p>Omega-3 ist auch als Fischfetts\u00e4ure bekannt. Man bekommt dieses Fett also, wenn man gen\u00fcgend (\u00f6ligen) Fisch isst. Tats\u00e4chlich besteht Omega-3 aus zwei Fetten: EPA und DHA. Die Omega-3-Fetts\u00e4ure DHA tr\u00e4gt zur Aufrechterhaltung einer normalen Gehirnfunktion* und zum Erhalt einer normalen Sehkraft* bei.    EPA und DHA tragen zu einer normalen Herzfunktion bei*.<\/p>\n<p>So wichtig Omega-3 auch ist, viele Menschen m\u00f6gen keinen Fisch oder essen ihn seltener als zweimal pro Woche. Au\u00dferdem isst man weniger, wenn man \u00e4lter ist, so dass es schwieriger ist, die empfohlene Menge zu erreichen. Au\u00dferdem ist die N\u00e4hrstoffaufnahme weniger optimal. Da die Anwendungsgebiete von EPA und DHA f\u00fcr \u00fcber 65-J\u00e4hrige so wichtig sind, ist es ein unverzichtbares Erg\u00e4nzungsmittel im Rahmen des Daily Essentials Senior Man Pakets.   <\/p>\n<p>*Die positive Wirkung wird mit einer t\u00e4glichen Aufnahme von 250 mg EPA und DHA erzielt.<\/p>\n<\/div>\n<\/div>\n<\/div>\n<\/div>\n<\/div>\n<\/div>\n<\/div>\n<div><strong class=\"d-block\">Weitere Informationen zu diesem ProduktAufgrund<\/strong>der Gesetzgebung zu Nahrungserg\u00e4nzungsmitteln ist es uns leider nicht gestattet, (vollst\u00e4ndige) Informationen zu diesem Produkt zu geben. F\u00fcr weitere Informationen verweisen wir Sie an ein Wissensinstitut f\u00fcr orthomolekulare Therapie. <\/div>\n","protected":false},"excerpt":{"rendered":"<div>\n<h5>Produkte in diesem B\u00fcndel:<\/h5>\n<ul>\n<li><a href=\"https:\/\/vitafit.nu\/de\/produkt\/bonusan-multi-vital-extensis-aktiv-90-tabletten\/\">Multi Vital Extensis Aktiv<\/a><\/li>\n<li><a href=\"https:\/\/vitafit.nu\/bonusan-omega-3-msc-90-softgels\/\">Omega-3 MSC<\/a><\/li>\n<li><a href=\"https:\/\/vitafit.nu\/bonusan-vitamine-d3-k2-60-softgels\/\">Vitamin D3 &amp; K2<\/a><\/li>\n<\/ul>\n<\/div>\n<div class=\"product-detail-description-text mt-3\">Wenn man etwas \u00e4lter wird, m\u00f6chte man das, was einem am meisten Spa\u00df macht, so lange wie m\u00f6glich tun k\u00f6nnen. Ein besonderes Augenmerk auf Ern\u00e4hrung und Bewegung ist dann unerl\u00e4sslich. Aber manchmal kann man ein kleines Extra gebrauchen. Das Paket Daily Essentials Senior Man gibt Ihnen genau das, was Sie brauchen: Multi Vital Extensis Active, Vitamin D3 &amp; K2 und Omega-3 MSC. In einem einfach online zu bestellenden Bundle, das bereits f\u00fcr Sie zusammengestellt wurde. Und das ist einfacher und g\u00fcnstiger als der Kauf einzelner Produkte.     <\/div>\n<div class=\"product-detail-usps\">\n<p>&nbsp;<\/p>\n<\/div>\n","protected":false},"featured_media":41235,"comment_status":"open","ping_status":"closed","template":"","meta":{"_acf_changed":false,"_seopress_robots_primary_cat":"1029","_seopress_titles_title":"Bonusan Daily Essentials Senior Man Bundle | Vitafit","_seopress_titles_desc":"","_seopress_robots_index":""},"product_brand":[1398],"product_cat":[1430],"product_tag":[],"woo-feed-brand":[],"class_list":{"0":"post-45362","1":"product","2":"type-product","3":"status-publish","4":"has-post-thumbnail","6":"product_brand-bonusan-de","7":"product_cat-pakete","8":"pa_inhoud-bundel-de","9":"pa_merk-bonusan","11":"first","12":"instock","13":"taxable","14":"shipping-taxable","15":"purchasable","16":"product-type-variable","17":"has-default-attributes"},"acf":[],"_links":{"self":[{"href":"https:\/\/vitafit.nu\/de\/wp-json\/wp\/v2\/product\/45362","targetHints":{"allow":["GET"]}}],"collection":[{"href":"https:\/\/vitafit.nu\/de\/wp-json\/wp\/v2\/product"}],"about":[{"href":"https:\/\/vitafit.nu\/de\/wp-json\/wp\/v2\/types\/product"}],"replies":[{"embeddable":true,"href":"https:\/\/vitafit.nu\/de\/wp-json\/wp\/v2\/comments?post=45362"}],"wp:featuredmedia":[{"embeddable":true,"href":"https:\/\/vitafit.nu\/de\/wp-json\/wp\/v2\/media\/41235"}],"wp:attachment":[{"href":"https:\/\/vitafit.nu\/de\/wp-json\/wp\/v2\/media?parent=45362"}],"wp:term":[{"taxonomy":"product_brand","embeddable":true,"href":"https:\/\/vitafit.nu\/de\/wp-json\/wp\/v2\/product_brand?post=45362"},{"taxonomy":"product_cat","embeddable":true,"href":"https:\/\/vitafit.nu\/de\/wp-json\/wp\/v2\/product_cat?post=45362"},{"taxonomy":"product_tag","embeddable":true,"href":"https:\/\/vitafit.nu\/de\/wp-json\/wp\/v2\/product_tag?post=45362"},{"taxonomy":"woo-feed-brand","embeddable":true,"href":"https:\/\/vitafit.nu\/de\/wp-json\/wp\/v2\/woo-feed-brand?post=45362"}],"curies":[{"name":"wp","href":"https:\/\/api.w.org\/{rel}","templated":true}]}}