{"id":45367,"date":"2023-12-18T10:27:03","date_gmt":"2023-12-18T10:27:03","guid":{"rendered":"https:\/\/vitafit.nu\/product\/bonusan-bacteri-17-widerstandsfaehigkeit-pro-14-sachets\/"},"modified":"2026-03-25T09:22:07","modified_gmt":"2026-03-25T09:22:07","slug":"bonusan-bacteri-17-widerstandsfaehigkeit-pro-14-sachets","status":"publish","type":"product","link":"https:\/\/vitafit.nu\/de\/bonusan-bacteri-17-widerstandsfahigkeit-pro-14-sachets\/","title":{"rendered":"Bonusan Bacteri 17 Widerstandsf\u00e4higkeit Pro 14 Sachets"},"content":{"rendered":"\n<h3 class=\"wp-block-heading\">Was sind die Vorteile von Bonusan Bacteri 17 Expert Resilience?<\/h3>\n\n<p>In Ihrem Darm leben etwa 100.000 Milliarden<sup>(1014<\/sup>) Mikroorganismen, von denen 90 % Bakterien sind. Eine ungeheuer vielf\u00e4ltige Gesellschaft. Wie ein Fingerabdruck ist unser Mikrobiom einzigartig f\u00fcr uns. Bonusan Bacteri 17 Expert Resilience enth\u00e4lt nicht weniger als 17 verschiedene Bakterienst\u00e4mme. Neben 5 Arten von Bifidobakterien und 8 Arten von Laktobazillen (Milchs\u00e4urebakterien) enth\u00e4lt es zus\u00e4tzlich Laktokokken, Pediokokken, Streptokokken und Enterokokken.    <\/p>\n\n<p>Wenn Sie von sich selbst wissen, dass Ihr Darmmikrobiom von Grund auf nicht sehr vielf\u00e4ltig aufgebaut ist, ist dies ein ideales Produkt.<\/p>\n\n<h3 class=\"wp-block-heading\">Wie ist dieses Produkt zu verwenden?<\/h3>\n\n<p>L\u00f6sen Sie den Inhalt des Beutels in einem Glas lauwarmem Wasser mit einer Temperatur von bis zu 37\u00b0C oder K\u00f6rpertemperatur auf. W\u00e4rmeres Wasser wirkt sich nachteilig auf die Lebensf\u00e4higkeit der Bakterien aus. Im Wasser werden die Bakterien aktiv und sind widerstandsf\u00e4higer gegen Magens\u00e4ure und Galle.   Auf diese Weise \u00fcberleben sie die Reise durch den K\u00f6rper bis zu Ihrem Darm.<\/p>\n\n<p><strong>Allgemein<\/strong>: Wir empfehlen die Einnahme von Probiotika im Stehen. Wenn Sie stehen, bewegen sich die Bakterien schneller durch den Magen. Das Bacteri Supplement wird am besten auf n\u00fcchternen Magen eingenommen, z.B. vor dem Schlafengehen oder eine halbe Stunde vor dem Fr\u00fchst\u00fcck.  <\/p>\n\n<h3 class=\"wp-block-heading\">Soll ich den gesamten Inhalt der Packung aufbrauchen?<\/h3>\n\n<p>Wir empfehlen, die empfohlene Menge an Probiotika 14 Tage lang einzunehmen.<\/p>\n\n<p><strong class=\"d-block\">Weitere Informationen zu diesem Produkt<\/strong><\/p>\n\n<p>Leider ist es uns aufgrund der Gesetzgebung f\u00fcr Nahrungserg\u00e4nzungsmittel nicht gestattet, (vollst\u00e4ndige) Informationen \u00fcber dieses Produkt zu geben. F\u00fcr weitere Informationen verweisen wir Sie an ein Wissensinstitut f\u00fcr orthomolekulare Therapie. <\/p>\n\n<figure class=\"wp-block-video\"><video height=\"1280\" style=\"aspect-ratio: 720 \/ 1280;\" width=\"720\" autoplay=\"\" controls=\"\" src=\"https:\/\/vitafit.nu\/wp-content\/uploads\/2023\/12\/invideo-ai-720-probiotica-en-prebiotica_-de-perfecte-co-2024-07-21.mp4\"><\/video><\/figure>\n\n<p>\u00a0<\/p>\n","protected":false},"excerpt":{"rendered":"<div class=\"product-detail-description-text mt-3\">Bonusan Bacteri 17 Expert Resilience setzt mit bis zu 17 verschiedenen Bakterienst\u00e4mmen einen neuen und noch nie dagewesenen Standard. Dies macht es zum fortschrittlichsten und am weitesten verbreiteten probiotischen Erg\u00e4nzungsmittel. Optimal verpackt, damit so viele Bakterien wie m\u00f6glich lebendig in Ihrem Darm ankommen.  <\/div>\n<div class=\"product-detail-usps\">\n<ul>\n<li>Mindestens 8 Milliarden lebensf\u00e4hige Bakterien bis zum Ende der Haltbarkeitsdauer garantiert<\/li>\n<li>Das breiteste Spektrum mit 17 verschiedenen Bakterienst\u00e4mmen<\/li>\n<li>Sachets sch\u00fctzen Bakterien optimal vor Feuchtigkeit, Licht und Luft<\/li>\n<\/ul>\n<\/div>\n","protected":false},"featured_media":43799,"comment_status":"open","ping_status":"closed","template":"","meta":{"_acf_changed":false,"_seopress_robots_primary_cat":"610","_seopress_titles_title":"Bonusan Bacteri 17 Expert Resilience - 14 Stuks - Sachets | Vitafit","_seopress_titles_desc":"","_seopress_robots_index":""},"product_brand":[1398],"product_cat":[1352,1434],"product_tag":[],"woo-feed-brand":[],"class_list":{"0":"post-45367","1":"product","2":"type-product","3":"status-publish","4":"has-post-thumbnail","6":"product_brand-bonusan-de","7":"product_cat-andere-erganzungen","8":"product_cat-probiotika","9":"pa_bevat-geen-synthetische-farbstoffe-aromen-und-duftstoffe","10":"pa_inhoud-14-stucke","11":"pa_inhoud-28-stucke","12":"pa_merk-bonusan","13":"pa_overige-supplementen-inulin","14":"pa_soort-sachets-de","16":"first","17":"instock","18":"taxable","19":"shipping-taxable","20":"purchasable","21":"product-type-variable","22":"has-default-attributes"},"acf":[],"_links":{"self":[{"href":"https:\/\/vitafit.nu\/de\/wp-json\/wp\/v2\/product\/45367","targetHints":{"allow":["GET"]}}],"collection":[{"href":"https:\/\/vitafit.nu\/de\/wp-json\/wp\/v2\/product"}],"about":[{"href":"https:\/\/vitafit.nu\/de\/wp-json\/wp\/v2\/types\/product"}],"replies":[{"embeddable":true,"href":"https:\/\/vitafit.nu\/de\/wp-json\/wp\/v2\/comments?post=45367"}],"wp:featuredmedia":[{"embeddable":true,"href":"https:\/\/vitafit.nu\/de\/wp-json\/wp\/v2\/media\/43799"}],"wp:attachment":[{"href":"https:\/\/vitafit.nu\/de\/wp-json\/wp\/v2\/media?parent=45367"}],"wp:term":[{"taxonomy":"product_brand","embeddable":true,"href":"https:\/\/vitafit.nu\/de\/wp-json\/wp\/v2\/product_brand?post=45367"},{"taxonomy":"product_cat","embeddable":true,"href":"https:\/\/vitafit.nu\/de\/wp-json\/wp\/v2\/product_cat?post=45367"},{"taxonomy":"product_tag","embeddable":true,"href":"https:\/\/vitafit.nu\/de\/wp-json\/wp\/v2\/product_tag?post=45367"},{"taxonomy":"woo-feed-brand","embeddable":true,"href":"https:\/\/vitafit.nu\/de\/wp-json\/wp\/v2\/woo-feed-brand?post=45367"}],"curies":[{"name":"wp","href":"https:\/\/api.w.org\/{rel}","templated":true}]}}