{"id":45375,"date":"2023-12-17T17:06:15","date_gmt":"2023-12-17T17:06:15","guid":{"rendered":"https:\/\/vitafit.nu\/product\/bonusan-glucosamin-komplex-pro-60-tabletten\/"},"modified":"2025-04-11T04:58:49","modified_gmt":"2025-04-11T04:58:49","slug":"bonusan-glucosamin-komplex-pro-60-tabletten","status":"publish","type":"product","link":"https:\/\/vitafit.nu\/de\/bonusan-glucosamin-komplex-pro-60-tabletten\/","title":{"rendered":"Bonusan Glucosamin-Komplex Pro 60 Tabletten"},"content":{"rendered":"<h3>Was sind die Vorteile von Glucosamine Plus?<\/h3>\n<p>Bonusan Glucosamine Plus ist eine sehr vollst\u00e4ndige Formel, die dank Kupfer und Mangan zur Erhaltung eines normalen Bindegewebes beitr\u00e4gt. Dank Zink und Mangan tr\u00e4gt Bonusan Glucosamine Plus auch zur Erhaltung normaler Knochen bei*. <\/p>\n<p>Bonusan Glucosamine Plus ist sehr sorgf\u00e4ltig formuliert. Es vereinigt die richtigen Bausteine und aktiven Komponenten. Die bew\u00e4hrte Kombination aus Glucosamin, Chondroitin und MSM wird durch <em>Tanacetum parthenium <\/em>(Mutterkraut), Schachtelhalm und Mineralien erg\u00e4nzt.  <\/p>\n<p>*Gesundheitsbezogene Angaben, deren europ\u00e4ische Zulassung noch aussteht.<\/p>\n<h3>Was ist Glucosamin?<\/h3>\n<p>Glucosamin ist ein k\u00f6rpereigener Stoff, den wir selbst herstellen k\u00f6nnen. In jungen Jahren stellt der K\u00f6rper in der Regel gen\u00fcgend Glucosamin her. Sp\u00e4ter im Leben oder wenn Sie bestimmte Medikamente einnehmen, kann die k\u00f6rpereigene Produktion von Glucosamin abnehmen. Sie k\u00f6nnen dann zus\u00e4tzliches Glucosamin verwenden, um die k\u00f6rpereigenen Glucosaminvorr\u00e4te wieder aufzuf\u00fcllen.   <\/p>\n<p>Welche Lebensmittel enthalten Glucosamin?<\/p>\n<p>Nur wenige Nahrungsquellen sind reich an Glucosamin. Es ist in den harten Teilen von Krustentieren und in tierischen Knorpeln enthalten. In einigen Teilen der Welt, z. B. in Asien, wird der Knorpel vollst\u00e4ndig verzehrt und auch als &#8220;wei\u00dfes Fleisch&#8221; bezeichnet. In der westlichen Ern\u00e4hrung ist dies nicht \u00fcblich.   <\/p>\n<h3>Was ist Chondroitin?<\/h3>\n<p>Wie Glucosamin ist auch Chondroitin ein Baustein in Ihrem K\u00f6rper. Ihr K\u00f6rper kann Chondroitin selbst herstellen, obwohl seine Produktion mit zunehmendem Alter abnimmt. \u00dcber die Ern\u00e4hrung erhalten Sie praktisch kein Chondroitin. Nahrungsquellen f\u00fcr Chondroitin sind Knorpel und kleine Fische, die im Ganzen verzehrt werden, wie z. B. Sardinen.   <\/p>\n<h3>Warum Glucosamin, Chondroitin und MSM?<\/h3>\n<p>Bonusan Glucosamin Plus enth\u00e4lt die bew\u00e4hrte Kombination aus Glucosamin, Chondroitin und MSM. Es ist eine bew\u00e4hrte Formel aus drei wichtigen Bausteinen, die in der wissenschaftlichen Forschung h\u00e4ufig verwendet werden. Dar\u00fcber hinaus enth\u00e4lt Bonusan Glucosamine Plus auch Kr\u00e4uter und Mineralien, darunter Mangan und Kupfer, die zur Erhaltung eines normalen Bindegewebes beitragen.  <\/p>\n<h3>Woher wissen Sie, dass dieses Produkt von hoher Qualit\u00e4t ist?<\/h3>\n<p>Bonusan Glucosamine Plus enth\u00e4lt Glucosamin aus Krabben- und Krebsschalen. Die meisten wissenschaftlichen Untersuchungen \u00fcber Glucosamin wurden mit D-Glucosaminsulfat durchgef\u00fchrt, der Form, die wir auch in diesem Erg\u00e4nzungsmittel verwenden. Glucosaminsulfat wird sehr gut absorbiert.  <\/p>\n<p>Bonusan Glucosamine Plus enth\u00e4lt au\u00dferdem Chondroitinsulfat in hoch gereinigter Form (90%) und die wichtigen Mineralien Zink, Kupfer und Mangan in organischer Form f\u00fcr eine gute Aufnahme.<\/p>\n<h3>F\u00fcr wen ist Glucosamin Plus geeignet?<\/h3>\n<p>Bonusan Glucosamine Plus eignet sich sehr gut f\u00fcr die \u00e4ltere Altersgruppe, aber auch in fr\u00fcheren Altersstufen kann eine Unterst\u00fctzung gew\u00fcnscht sein. Menschen mit einem sehr aktiven Lebensstil oder Sportler k\u00f6nnen ebenfalls von dieser Glucosaminformel profitieren. <\/p>\n<p>Bonusan Glucosamine Plus enth\u00e4lt Glucosamin aus Krabben- und Garnelenschalen und Chondroitin aus Rindfleisch und ist daher nicht f\u00fcr Veganer, Vegetarier und Menschen mit Schalentierallergien geeignet.<\/p>\n<p><strong class=\"d-block\">Weitere Informationen zu diesem Produkt<\/strong><\/p>\n<p>Leider ist es uns aufgrund der Gesetzgebung f\u00fcr Nahrungserg\u00e4nzungsmittel nicht gestattet, (vollst\u00e4ndige) Informationen \u00fcber dieses Produkt zu geben. F\u00fcr weitere Informationen verweisen wir Sie an ein Wissensinstitut f\u00fcr orthomolekulare Therapie. <\/p>\n","protected":false},"excerpt":{"rendered":"<div class=\"product-detail-description-text mt-3\">\n<p>Bonusan Glucosamine Plus ist ein komplettes Glucosaminpr\u00e4parat, wenn Sie aktiv sind und es auch bleiben wollen. Neben Glucosamin enth\u00e4lt Bonusan Glucosamine Plus unter anderem auch Chondroitin und MSM. Es enth\u00e4lt auch Mangan, das zur normalen Bildung von Bindegewebe beitr\u00e4gt.  <\/p>\n<\/div>\n<div class=\"product-detail-usps\">\n<ul>\n<li>Tr\u00e4gt dank Mangan zur normalen Bildung von Bindegewebe bei<\/li>\n<li>Einzigartiges Kombinationsprodukt mit synergistischen Kr\u00e4utern und Mineralien<\/li>\n<li>Sehr gut absorbierbar<\/li>\n<\/ul>\n<\/div>\n","protected":false},"featured_media":43771,"comment_status":"open","ping_status":"closed","template":"","meta":{"_acf_changed":false,"_seopress_robots_primary_cat":"618","_seopress_titles_title":"Bonusan Glucosamin Plus - 60 St\u00fcck - Tabletten | Vitafit","_seopress_titles_desc":"","_seopress_robots_index":""},"product_brand":[1398],"product_cat":[1352,1649,1811,1318],"product_tag":[],"woo-feed-brand":[],"class_list":{"0":"post-45375","1":"product","2":"type-product","3":"status-publish","4":"has-post-thumbnail","6":"product_brand-bonusan-de","7":"product_cat-andere-erganzungen","8":"product_cat-gelenke","9":"product_cat-glucosamin","10":"product_cat-losungen","11":"pa_allergenen-krustentiere","12":"pa_bevat-geen-gelatine-de","13":"pa_bevat-geen-hefe","14":"pa_bevat-geen-konservierungsmittel","15":"pa_bevat-geen-synthetische-farbstoffe-aromen-und-duftstoffe","16":"pa_bevat-geen-zugesetzte-saccharose","17":"pa_inhoud-180-stuck","18":"pa_inhoud-60-stuck","19":"pa_kruiden-mutterkraut","20":"pa_kruiden-schachtelhalm","21":"pa_merk-bonusan","22":"pa_mineralen-kupfer","23":"pa_mineralen-mangan","24":"pa_mineralen-msm-schwefel","25":"pa_mineralen-zink-de","26":"pa_oplossingen-gelenke","27":"pa_overige-supplementen-chondroitin-sulfat","28":"pa_overige-supplementen-glucosamin","29":"pa_soort-tabletten-de","31":"first","32":"instock","33":"taxable","34":"shipping-taxable","35":"purchasable","36":"product-type-variable","37":"has-default-attributes"},"acf":[],"_links":{"self":[{"href":"https:\/\/vitafit.nu\/de\/wp-json\/wp\/v2\/product\/45375","targetHints":{"allow":["GET"]}}],"collection":[{"href":"https:\/\/vitafit.nu\/de\/wp-json\/wp\/v2\/product"}],"about":[{"href":"https:\/\/vitafit.nu\/de\/wp-json\/wp\/v2\/types\/product"}],"replies":[{"embeddable":true,"href":"https:\/\/vitafit.nu\/de\/wp-json\/wp\/v2\/comments?post=45375"}],"wp:featuredmedia":[{"embeddable":true,"href":"https:\/\/vitafit.nu\/de\/wp-json\/wp\/v2\/media\/43771"}],"wp:attachment":[{"href":"https:\/\/vitafit.nu\/de\/wp-json\/wp\/v2\/media?parent=45375"}],"wp:term":[{"taxonomy":"product_brand","embeddable":true,"href":"https:\/\/vitafit.nu\/de\/wp-json\/wp\/v2\/product_brand?post=45375"},{"taxonomy":"product_cat","embeddable":true,"href":"https:\/\/vitafit.nu\/de\/wp-json\/wp\/v2\/product_cat?post=45375"},{"taxonomy":"product_tag","embeddable":true,"href":"https:\/\/vitafit.nu\/de\/wp-json\/wp\/v2\/product_tag?post=45375"},{"taxonomy":"woo-feed-brand","embeddable":true,"href":"https:\/\/vitafit.nu\/de\/wp-json\/wp\/v2\/woo-feed-brand?post=45375"}],"curies":[{"name":"wp","href":"https:\/\/api.w.org\/{rel}","templated":true}]}}