{"id":45376,"date":"2023-12-15T14:48:47","date_gmt":"2023-12-15T14:48:47","guid":{"rendered":"https:\/\/vitafit.nu\/product\/bonusan-engelwurz-komplex-tinktur-50-ml\/"},"modified":"2025-04-11T04:59:01","modified_gmt":"2025-04-11T04:59:01","slug":"bonusan-engelwurz-komplex-tinktur-50-ml","status":"publish","type":"product","link":"https:\/\/vitafit.nu\/de\/bonusan-engelwurz-komplex-tinktur-50-ml\/","title":{"rendered":"Bonusan Engelwurz-Komplex-Tinktur 50 ml"},"content":{"rendered":"<h3><strong>Warum Angelika-Komplex-Tinktur?<\/strong><\/h3>\n<p><em>Angelica archangelica<\/em>, besser bekannt als Gro\u00dfe Engelwurz, ist eine essbare Pflanze aus der Familie der Doldenbl\u00fctler<em>(Apiaceae<\/em>). Sie wurde in Skandinavien traditionell von den Samen als Kraut und Gem\u00fcse verwendet. Seit dem 10. Jahrhundert wird sie wegen ihrer therapeutischen Eigenschaften verwendet, insbesondere zur Unterst\u00fctzung der Leber und der Verdauung*.  <\/p>\n<p>Das liegt vor allem an den darin enthaltenen Bitterstoffen, die \u00fcber die Geschmacksknospen im Magen die Aufrechterhaltung einer gesunden Verdauung* unterst\u00fctzen k\u00f6nnen. In diesem Komplex haben wir die Wurzeln (Radix) integriert, weil sie den h\u00f6chsten Gehalt an Bitterstoffen enthalten. <\/p>\n<p><em>Centaurium erythraea<\/em>, echtes Centaurium, geh\u00f6rt zur Familie der<em>Enziangew\u00e4chse (Gentianaceae<\/em>). Sein volkst\u00fcmlicher Name ist &#8220;Fieberkraut&#8221; oder &#8220;Fieberblume&#8221;, aber<em> Centaurium<\/em> hat auch eine lange Geschichte der Verwendung f\u00fcr die Verdauung*. Deshalb ist es eine so gute Kombination mit <em>Angelika<\/em>. Von Centaurium verwenden wir das ganze Kraut (Herba), das reich an Bitterstoffen ist, die zu einer normalen Verdauungsfunktion* beitragen.   <\/p>\n<p><em>Potentilla erecta<\/em> (Tormentill) und<em> Artemisia absinthum<\/em> (Absinthbalsam) enthalten unter anderem Bitterstoffe und spielen daher eine unterst\u00fctzende Rolle in der Angelica-Komplex-Tinktur. Tormentill enth\u00e4lt ebenfalls Gerbstoffe und vervollst\u00e4ndigt diesen Komplex. Kurz gesagt, die Bonusan Angelica complex Tinktur enth\u00e4lt eine kraftvolle Kombination aus<em> Angelica archangelica<\/em> und <em>Centaurium erythraea<\/em> zur Unterst\u00fctzung der Verdauung*.  <\/p>\n<h3><strong>Hohe Qualit\u00e4t dank hochwertiger Zutaten<\/strong><\/h3>\n<div id=\"v-pills-tabContent\" class=\"tab-content\">\n<div id=\"v-pills-moredetails\" class=\"tab-pane fade active show\" role=\"tabpanel\" aria-labelledby=\"v-pills-moredetails-tab\">\n<div id=\"accordionMoreDetails\" class=\"accordion\">\n<div class=\"accordionMoreDetails\">\n<p>Bei der Herstellung unserer Kr\u00e4uterrezepturen verwenden wir nur die besten Pflanzenmaterialien, die richtigen Pflanzenteile und ber\u00fccksichtigen den richtigen Erntezeitpunkt. F\u00fcr Angelica complex verwenden wir zum Beispiel nur die getrockneten Wurzeln von <em>Angelica archangelica<\/em> und das ganze Kraut von <em>Centaurium erythraea<\/em>, das den h\u00f6chsten Gehalt an Bitterstoffen aufweist. So erhalten Sie immer das Beste, was die Natur zu bieten hat.  <\/p>\n<p><span class=\"TextRun SCXW243142886 BCX9\" lang=\"nl-nl\"><span class=\"NormalTextRun SCXW243142886 BCX9\">*Gesundheitsbezogene Angabe, deren europ\u00e4ische Zulassung noch aussteht<\/span><\/span><span class=\"EOP SCXW243142886 BCX9\"> <\/span><\/p>\n<\/div>\n<\/div>\n<\/div>\n<\/div>\n<div class=\"product-detail-no-claim-container\">\n<p><strong class=\"d-block\">Weitere Informationen zu diesem ProduktAufgrund<\/strong>der Gesetzgebung zu Nahrungserg\u00e4nzungsmitteln ist es uns leider nicht gestattet, (vollst\u00e4ndige) Informationen zu diesem Produkt zu geben. F\u00fcr weitere Informationen verweisen wir Sie an ein Wissensinstitut f\u00fcr orthomolekulare Therapie. <\/p>\n<\/div>\n","protected":false},"excerpt":{"rendered":"<div class=\"product-detail-description-text mt-3\">\n<p>Bonusan Angelica complex ist eine kraftvolle Kr\u00e4uterformel mit einer Kombination aus u.a. gro\u00dfer Angelikawurzel<i>(Angelica archangelica<\/i>) und echtem Centaurium<i>(Centaurium erythraea<\/i>). Diese Kombination ist sehr reich an Bitterstoffen. <i>Angelica<\/i> und <i>Centaurium<\/i> tragen daher zu einer normalen Verdauungsfunktion* bei. <\/p>\n<p>*Gesundheitsbezogene Angabe, deren europ\u00e4ische Zulassung noch aussteht<\/p>\n<\/div>\n<div class=\"product-detail-usps\">\n<ul>\n<li>Kraftvolle Formel mit Angelica, Centaurium, Artemisia und Potentilla<\/li>\n<li>Gut f\u00fcr die Verdauung dank Angelica und Centaurium*<\/li>\n<li>Einfach zu dosieren dank praktischem Tropfer<\/li>\n<\/ul>\n<\/div>\n","protected":false},"featured_media":43663,"comment_status":"open","ping_status":"closed","template":"","meta":{"_acf_changed":false,"_seopress_robots_primary_cat":"722","_seopress_titles_title":"Bonusan Angelika-Komplex-Tinktur - 30 ml - Tropfen | Vitafit","_seopress_titles_desc":"","_seopress_robots_index":""},"product_brand":[1398],"product_cat":[1815,1566,1316,1318],"product_tag":[],"woo-feed-brand":[],"class_list":{"0":"post-45376","1":"product","2":"type-product","3":"status-publish","4":"has-post-thumbnail","6":"product_brand-bonusan-de","7":"product_cat-angelika","8":"product_cat-auszug","9":"product_cat-krauter","10":"product_cat-losungen","11":"pa_inhoud-50-ml-de","12":"pa_kruiden-absinth-balsam","13":"pa_kruiden-angelica-archangelica-grose-engelwurz","14":"pa_kruiden-centaury","15":"pa_kruiden-potentilla-tormentilla-de","16":"pa_merk-bonusan","17":"pa_oplossingen-auszug","18":"pa_soort-drops","20":"first","21":"instock","22":"taxable","23":"shipping-taxable","24":"purchasable","25":"product-type-variable","26":"has-default-attributes"},"acf":[],"_links":{"self":[{"href":"https:\/\/vitafit.nu\/de\/wp-json\/wp\/v2\/product\/45376","targetHints":{"allow":["GET"]}}],"collection":[{"href":"https:\/\/vitafit.nu\/de\/wp-json\/wp\/v2\/product"}],"about":[{"href":"https:\/\/vitafit.nu\/de\/wp-json\/wp\/v2\/types\/product"}],"replies":[{"embeddable":true,"href":"https:\/\/vitafit.nu\/de\/wp-json\/wp\/v2\/comments?post=45376"}],"wp:featuredmedia":[{"embeddable":true,"href":"https:\/\/vitafit.nu\/de\/wp-json\/wp\/v2\/media\/43663"}],"wp:attachment":[{"href":"https:\/\/vitafit.nu\/de\/wp-json\/wp\/v2\/media?parent=45376"}],"wp:term":[{"taxonomy":"product_brand","embeddable":true,"href":"https:\/\/vitafit.nu\/de\/wp-json\/wp\/v2\/product_brand?post=45376"},{"taxonomy":"product_cat","embeddable":true,"href":"https:\/\/vitafit.nu\/de\/wp-json\/wp\/v2\/product_cat?post=45376"},{"taxonomy":"product_tag","embeddable":true,"href":"https:\/\/vitafit.nu\/de\/wp-json\/wp\/v2\/product_tag?post=45376"},{"taxonomy":"woo-feed-brand","embeddable":true,"href":"https:\/\/vitafit.nu\/de\/wp-json\/wp\/v2\/woo-feed-brand?post=45376"}],"curies":[{"name":"wp","href":"https:\/\/api.w.org\/{rel}","templated":true}]}}