{"id":45379,"date":"2023-12-17T13:37:56","date_gmt":"2023-12-17T13:37:56","guid":{"rendered":"https:\/\/vitafit.nu\/product\/bonusan-glucazym-90-kapseln\/"},"modified":"2025-04-11T04:59:08","modified_gmt":"2025-04-11T04:59:08","slug":"bonusan-glucazym-90-kapseln","status":"publish","type":"product","link":"https:\/\/vitafit.nu\/de\/produkt\/bonusan-glucazym-90-kapseln\/","title":{"rendered":"Bonusan Glucazym 90 Kapseln"},"content":{"rendered":"<h3>Was sind die Vorteile von Bonusan Glucazym?<\/h3>\n<p>Bonusan Glucazym ist ein glutalytischer DPP-IV-Komplex mit einer einzigartigen Mischung von eiwei\u00dfspaltenden Enzymen. Das Supplement enth\u00e4lt Enzyme, die zur Gruppe der gluten- und kaseinspaltenden Proteasen geh\u00f6ren. <\/p>\n<p>Dieses Enzympr\u00e4parat ist ein hochwertiges Nahrungserg\u00e4nzungsmittel mit einer patentierten Mischung aus eiwei\u00dfspaltenden Enzymen. Der Komplex enth\u00e4lt eine einzigartige Mischung aus Endopeptidasen und Exopeptidasen. Dadurch wird sichergestellt, dass die Proteine an mehreren Stellen gespalten werden. Dieser doppelte Ansatz sorgt f\u00fcr eine schnelle Spaltung der Proteine.   <\/p>\n<h3>Hilft Glucazym bei der Aufspaltung von Gluten und Kasein?<\/h3>\n<p>Das Pr\u00e4parat enth\u00e4lt Enzyme, die zur Gruppe der gluten- und kaseinspaltenden Proteasen geh\u00f6ren.<\/p>\n<h3>Woher wissen Sie, dass dieses Produkt von hoher Qualit\u00e4t ist?<\/h3>\n<p>Patentierter Enzymmix Glutalytic\u00ae, wissenschaftlich erforscht<br \/>\nEinzigartige Mischung aus Endopeptidasen und Exopeptidasen<br \/>\nVegetarische Enzyme<br \/>\nPraktisch dosiert, 1 Kapsel pro Mahlzeit<\/p>\n<h3><strong class=\"d-block\">Weitere Informationen zu diesem Produkt<\/strong><\/h3>\n<p>Leider ist es uns aufgrund der Gesetzgebung f\u00fcr Nahrungserg\u00e4nzungsmittel nicht gestattet, (vollst\u00e4ndige) Informationen \u00fcber dieses Produkt zu geben. F\u00fcr weitere Informationen verweisen wir Sie an ein Wissensinstitut f\u00fcr orthomolekulare Therapie. <\/p>\n<p>&nbsp;<\/p>\n","protected":false},"excerpt":{"rendered":"<div class=\"product-detail-description-text mt-3\">\n<p>Bonusan Glucazym ist ein glutalytischer DPP-IV-Komplex mit einer einzigartigen Mischung von eiwei\u00dfspaltenden Enzymen. Das Supplement enth\u00e4lt Enzyme, die zur Gruppe der gluten- und kaseinspaltenden Proteasen geh\u00f6ren. <\/p>\n<\/div>\n<div class=\"product-detail-usps\">\n<ul>\n<li>Einzigartige Enzymmischung aus Endo- und Exopeptidasen<\/li>\n<li>Pflanzlicher Ursprung, geeignet f\u00fcr Veganer<\/li>\n<li>Einfach \u00fcber die Mahlzeiten zu dosieren<\/li>\n<\/ul>\n<\/div>\n","protected":false},"featured_media":43735,"comment_status":"open","ping_status":"closed","template":"","meta":{"_acf_changed":false,"_seopress_robots_primary_cat":"612","_seopress_titles_title":"Bonusan Glucazym - 90 St\u00fcck - Kapseln | Vitafit","_seopress_titles_desc":"","_seopress_robots_index":""},"product_brand":[1398],"product_cat":[1352,1819],"product_tag":[],"woo-feed-brand":[],"class_list":{"0":"post-45379","1":"product","2":"type-product","3":"status-publish","4":"has-post-thumbnail","6":"product_brand-bonusan-de","7":"product_cat-andere-erganzungen","8":"product_cat-enzyme","9":"pa_bevat-geen-gelatine-de","10":"pa_bevat-geen-konservierungsmittel","11":"pa_bevat-geen-synthetische-farbstoffe-aromen-und-duftstoffe","12":"pa_bevat-geen-tierische-stoffe","13":"pa_bevat-geen-zugesetzte-saccharose","14":"pa_inhoud-90-stuck","15":"pa_merk-bonusan","16":"pa_overige-supplementen-enzymmischung","17":"pa_soort-kapsel-2","19":"first","20":"instock","21":"taxable","22":"shipping-taxable","23":"purchasable","24":"product-type-variable","25":"has-default-attributes"},"acf":[],"_links":{"self":[{"href":"https:\/\/vitafit.nu\/de\/wp-json\/wp\/v2\/product\/45379","targetHints":{"allow":["GET"]}}],"collection":[{"href":"https:\/\/vitafit.nu\/de\/wp-json\/wp\/v2\/product"}],"about":[{"href":"https:\/\/vitafit.nu\/de\/wp-json\/wp\/v2\/types\/product"}],"replies":[{"embeddable":true,"href":"https:\/\/vitafit.nu\/de\/wp-json\/wp\/v2\/comments?post=45379"}],"wp:featuredmedia":[{"embeddable":true,"href":"https:\/\/vitafit.nu\/de\/wp-json\/wp\/v2\/media\/43735"}],"wp:attachment":[{"href":"https:\/\/vitafit.nu\/de\/wp-json\/wp\/v2\/media?parent=45379"}],"wp:term":[{"taxonomy":"product_brand","embeddable":true,"href":"https:\/\/vitafit.nu\/de\/wp-json\/wp\/v2\/product_brand?post=45379"},{"taxonomy":"product_cat","embeddable":true,"href":"https:\/\/vitafit.nu\/de\/wp-json\/wp\/v2\/product_cat?post=45379"},{"taxonomy":"product_tag","embeddable":true,"href":"https:\/\/vitafit.nu\/de\/wp-json\/wp\/v2\/product_tag?post=45379"},{"taxonomy":"woo-feed-brand","embeddable":true,"href":"https:\/\/vitafit.nu\/de\/wp-json\/wp\/v2\/woo-feed-brand?post=45379"}],"curies":[{"name":"wp","href":"https:\/\/api.w.org\/{rel}","templated":true}]}}