{"id":45381,"date":"2023-12-16T20:06:45","date_gmt":"2023-12-16T20:06:45","guid":{"rendered":"https:\/\/vitafit.nu\/product\/bonusan-gastrozyme-90-vegakapseln\/"},"modified":"2025-04-11T04:59:15","modified_gmt":"2025-04-11T04:59:15","slug":"bonusan-gastrozyme-90-vegakapseln","status":"publish","type":"product","link":"https:\/\/vitafit.nu\/de\/produkt\/bonusan-gastrozyme-90-vegakapseln\/","title":{"rendered":"Bonusan Gastrozyme 90 VegaKapseln"},"content":{"rendered":"<h3>Was sind die Vorteile von Gastrozyme?<\/h3>\n<p>Bonusan Gastrozym enth\u00e4lt eine hochwertige und breite Enzymmischung. Es enth\u00e4lt \u00fcberdurchschnittliche Mengen an verschiedenen Enzymen. Und wo es m\u00f6glich ist, wurden f\u00fcr dieselben Enzyme unterschiedliche Quellen verwendet.Dies erh\u00f6ht die Bioverf\u00fcgbarkeit der Enzyme in Ihrem K\u00f6rper. Au\u00dferdem stammen alle Enzyme aus Pflanzen und Pilzen und sind somit vegetarischen Ursprungs.<\/p>\n<p>Bonusan Gastrozym enth\u00e4lt u.a. Protease und Lipase aus Aspergilllus niger. Dies sind wichtige und bekannte Enzyme, deren Supplementierung manchmal w\u00fcnschenswert ist. Es enth\u00e4lt auch Laktase aus Aspergillus oryzae, die den Abbau von Laktose f\u00f6rdert. Weitere Enzyme in diesem Komplex sind Amylase, Alpha-Galactosidase, Phytase, Invertase und Glucoamylase.   <\/p>\n<p>Gastrozym enth\u00e4lt Enzyme, die in einem breiten pH-Bereich aktiv sind (pH-Bereich 2-8). Aufgrund des nat\u00fcrlichen Ursprungs der Inhaltsstoffe ist Bonusan Gastrozym l\u00e4nger aktiv und magens\u00e4ureresistent. <\/p>\n<h3>Hilft Gastrozyme bei der Aufspaltung von Proteinen, Kohlenhydraten und Fetten?<\/h3>\n<p>Bonusan Gastrozym enth\u00e4lt ein breites Spektrum an Enzymen, darunter Protease, Amylase und Lipase. Protease hilft bei der Spaltung von Proteinen, Amylase bei der Spaltung von Kohlenhydraten und Lipase bei der Spaltung von Fetten. Es enth\u00e4lt auch Laktase. Wenn Sie Schwierigkeiten mit der Verdauung von Laktose haben, f\u00f6rdert Laktase die Verdauung von Laktose.   <\/p>\n<h3>Woher wissen Sie, dass dieses Produkt von hoher Qualit\u00e4t ist?<\/h3>\n<p>Bonusan Gastrozym enth\u00e4lt eine umfassende Mischung von Enzymen aus m\u00f6glichst vielen verschiedenen Quellen. Dies gew\u00e4hrleistet eine gute Bioverf\u00fcgbarkeit. Der patentierte Rohstoff wurde umfassend wissenschaftlich erforscht. Au\u00dferdem enth\u00e4lt dieses Produkt Enzyme, die in einem breiten pH-Bereich aktiv sind (pH-Bereich 2-8). Aufgrund der pflanzlichen Herkunft der Inhaltsstoffe ist Bonusan Gastrozym l\u00e4nger aktiv und magens\u00e4ureresistent.    <\/p>\n<h3>F\u00fcr wen ist Bonusan Gastrozym geeignet?<\/h3>\n<p>Bonusan Gastrozym ist f\u00fcr eine breite Zielgruppe geeignet. Es kann f\u00fcr die meisten Menschen verwendet werden, die Unterst\u00fctzung bei der Aufspaltung von Proteinen, Kohlenhydraten und Fetten in kleinere, f\u00fcr den K\u00f6rper verwertbare St\u00fccke w\u00fcnschen. Wir raten von der Einnahme ab, wenn Sie schwanger sind oder stillen. Aufgrund der pflanzlichen Herkunft aller Inhaltsstoffe ist dieses Enzympr\u00e4parat sowohl f\u00fcr Vegetarier als auch f\u00fcr Veganer geeignet.   <\/p>\n<p><strong class=\"d-block\">Weitere Informationen zu diesem Produkt<\/strong><\/p>\n<p>Leider ist es uns aufgrund der Gesetzgebung f\u00fcr Nahrungserg\u00e4nzungsmittel nicht gestattet, (vollst\u00e4ndige) Informationen \u00fcber dieses Produkt zu geben. F\u00fcr weitere Informationen verweisen wir Sie an ein Wissensinstitut f\u00fcr orthomolekulare Therapie. <\/p>\n","protected":false},"excerpt":{"rendered":"<div class=\"product-detail-description-text mt-3\">\n<p>Bonusan Gastrozym enth\u00e4lt eine umfassende Mischung von Enzymen mit hoher Enzymaktivit\u00e4t. Die Enzyme sind aus pflanzlichen Quellen f\u00fcr eine gute Bioverf\u00fcgbarkeit abgeleitet. Aufgrund des nat\u00fcrlichen Ursprungs und des hohen pH-Bereichs der Inhaltsstoffe ist Bonusan Gastrozym l\u00e4nger aktiv und magens\u00e4ureresistent.  <\/p>\n<\/div>\n<div class=\"product-detail-usps\">\n<ul>\n<li>Sehr breiter Enzymkomplex mit vielen verschiedenen Enzymen<\/li>\n<li>Gute Bioverf\u00fcgbarkeit dank der verschiedenen Enzymquellen<\/li>\n<li>Vegetarisch: enth\u00e4lt Enzyme, die ausschlie\u00dflich aus Pflanzen und Pilzen gewonnen werden.<\/li>\n<li>Wissenschaftlich erprobte, lang wirkende und magens\u00e4ureresistente Enzyme<\/li>\n<\/ul>\n<\/div>\n","protected":false},"featured_media":43731,"comment_status":"open","ping_status":"closed","template":"","meta":{"_acf_changed":false,"_seopress_robots_primary_cat":"612","_seopress_titles_title":"Bonusan Gastrozym\u00b9 - 90 St\u00fcck - VegaKapseln | Vitafit","_seopress_titles_desc":"","_seopress_robots_index":""},"product_brand":[1398],"product_cat":[1352,1819],"product_tag":[],"woo-feed-brand":[],"class_list":{"0":"post-45381","1":"product","2":"type-product","3":"status-publish","4":"has-post-thumbnail","6":"product_brand-bonusan-de","7":"product_cat-andere-erganzungen","8":"product_cat-enzyme","9":"pa_allergenen-sulfit","10":"pa_bevat-geen-synthetische-farbstoffe-aromen-und-duftstoffe","11":"pa_bevat-geen-zugesetzte-saccharose","12":"pa_inhoud-300-stuck","13":"pa_inhoud-90-stuck","14":"pa_merk-bonusan","15":"pa_overige-supplementen-enzymkomplex","16":"pa_soort-vegacapsule-de","18":"first","19":"instock","20":"taxable","21":"shipping-taxable","22":"purchasable","23":"product-type-variable","24":"has-default-attributes"},"acf":[],"_links":{"self":[{"href":"https:\/\/vitafit.nu\/de\/wp-json\/wp\/v2\/product\/45381","targetHints":{"allow":["GET"]}}],"collection":[{"href":"https:\/\/vitafit.nu\/de\/wp-json\/wp\/v2\/product"}],"about":[{"href":"https:\/\/vitafit.nu\/de\/wp-json\/wp\/v2\/types\/product"}],"replies":[{"embeddable":true,"href":"https:\/\/vitafit.nu\/de\/wp-json\/wp\/v2\/comments?post=45381"}],"wp:featuredmedia":[{"embeddable":true,"href":"https:\/\/vitafit.nu\/de\/wp-json\/wp\/v2\/media\/43731"}],"wp:attachment":[{"href":"https:\/\/vitafit.nu\/de\/wp-json\/wp\/v2\/media?parent=45381"}],"wp:term":[{"taxonomy":"product_brand","embeddable":true,"href":"https:\/\/vitafit.nu\/de\/wp-json\/wp\/v2\/product_brand?post=45381"},{"taxonomy":"product_cat","embeddable":true,"href":"https:\/\/vitafit.nu\/de\/wp-json\/wp\/v2\/product_cat?post=45381"},{"taxonomy":"product_tag","embeddable":true,"href":"https:\/\/vitafit.nu\/de\/wp-json\/wp\/v2\/product_tag?post=45381"},{"taxonomy":"woo-feed-brand","embeddable":true,"href":"https:\/\/vitafit.nu\/de\/wp-json\/wp\/v2\/woo-feed-brand?post=45381"}],"curies":[{"name":"wp","href":"https:\/\/api.w.org\/{rel}","templated":true}]}}