{"id":45386,"date":"2023-12-14T14:24:38","date_gmt":"2023-12-14T14:24:38","guid":{"rendered":"https:\/\/vitafit.nu\/product\/bonusan-l-glutamin-pulver-200-gramm\/"},"modified":"2025-04-11T04:59:29","modified_gmt":"2025-04-11T04:59:29","slug":"bonusan-l-glutamin-pulver-200-gramm","status":"publish","type":"product","link":"https:\/\/vitafit.nu\/de\/bonusan-l-glutamin-pulver-200-gramm\/","title":{"rendered":"Bonusan L-Glutamin Pulver 200 Gramm"},"content":{"rendered":"<h3>Was ist L-Glutamin?<\/h3>\n<p>Was ist Glutamin? L-Glutamin ist eine von 20 nat\u00fcrlichen Aminos\u00e4uren. Es ist die am h\u00e4ufigsten vorkommende freie Aminos\u00e4ure in unserem Blut. L-Glutamin ist an mehr Stoffwechselprozessen in unserem K\u00f6rper beteiligt als jede andere Aminos\u00e4ure.   <\/p>\n<p>Warum Glutamin verwenden? L-Glutamin ist die Vorl\u00e4ufersubstanz, aus der fast alle anderen Aminos\u00e4uren hergestellt werden k\u00f6nnen. Aminos\u00e4uren sind Bausteine f\u00fcr viele verschiedene andere Stoffe.  <\/p>\n<p>Obwohl unser K\u00f6rper L-Glutamin selbst herstellen kann, scheint es F\u00e4lle zu geben, in denen eine Supplementierung sinnvoll ist. Aus diesem Grund wird L-Glutamin auch als bedingt essenzielle Aminos\u00e4ure bezeichnet. Ein Mangel kann aufgrund eines erh\u00f6hten Bedarfs an L-Glutamin auftreten oder weil die k\u00f6rpereigene Produktion nicht ausreicht.  <\/p>\n<h3>F\u00fcr wen ist dieses Produkt geeignet?<\/h3>\n<p>Das L-Glutaminpulver von Bonusan ist ein bequem zu dosierendes, reines und hochwertiges L-Glutaminprodukt. Bonusan L-Glutaminpulver ist eine sichere Wahl, da es garantiert frei von unerw\u00fcnschten Stoffen und Zusatzstoffen ist. Neben der t\u00e4glichen Nahrungserg\u00e4nzung, zum Beispiel f\u00fcr Sportler, wird L-Glutamin auch in h\u00f6heren Dosen verwendet. Dieses Produkt ist f\u00fcr Vegetarier und Veganer geeignet.   <\/p>\n<h3>Woher wissen Sie, dass Bonusan L-Glutamin von hoher Qualit\u00e4t ist?<\/h3>\n<p>L-Glutamin ist eine wichtige Aminos\u00e4ure und wird h\u00e4ufig in hohen Dosen zugef\u00fchrt. Daher ist es wichtig, dass die Qualit\u00e4t des Produkts gut ist. Denn jede Abweichung von der Reinheit hat m\u00f6glicherweise schwerwiegende Folgen f\u00fcr den Anwender. Daher ist die einwandfreie Reinheit des L-Glutaminpulvers ein wichtiges Kriterium bei der Auswahl eines Erg\u00e4nzungsmittels. Bonusan L-Glutaminpulver ist von hoher Qualit\u00e4t und besteht zu 100 % aus reinem L-Glutamin ohne Zusatz von Hilfs- oder Aromastoffen.    <\/p>\n<p>Bonusan L-Glutaminpulver enth\u00e4lt nur reines L-Glutaminpulver, ausschlie\u00dflich die nat\u00fcrliche Form der Aminos\u00e4ure. Es handelt sich um pflanzlich fermentiertes L-Glutamin, das unserem hohen Qualit\u00e4tsstandard entspricht. Die Vorteile:  <\/p>\n<p>&#8211; Reines L-Glutamin-Pulver<\/p>\n<p>&#8211; In der nat\u00fcrlichen L-Form<\/p>\n<p>&#8211; Leicht zu dosierendes Pulver<\/p>\n<h3>Wie nehme ich Proteine und Aminos\u00e4uren zu mir?<\/h3>\n<p>Die empfohlene Dosis betr\u00e4gt 1 Messl\u00f6ffel pro Tag. Ihr Arzt kann Ihnen je nach Ihrer pers\u00f6nlichen Situation h\u00f6here Dosen verschreiben. Im therapeutischen Bereich sind Dosen von 500 mg\/kg K\u00f6rpergewicht pro Tag \u00fcblich. Jeder Messl\u00f6ffel liefert 6,5 Gramm L-Glutamin und ist einfach und sicher hoch zu dosieren. Bonusan L-Glutaminpulver ist geschmacksneutral und l\u00e4sst sich daher leicht mit Wasser oder anderen kalten Getr\u00e4nken wie Saft oder Smoothies mischen.    <\/p>\n<h3>Glutamin, was ist da drin?<\/h3>\n<p>Die Aminos\u00e4ure L-Glutamin ist in eiwei\u00dfhaltigen Lebensmitteln zu finden. Fleisch, Huhn, Fisch, Schalentiere, Milchprodukte und Eier sind besonders reich an Glutamin. Von Milchprodukten raten wir ab, da unsere Vorfahren sie nicht gegessen haben und viele Menschen \u00fcberempfindlich darauf reagieren. Vegane Glutaminquellen sind vor allem Kohlsorten wie Rotkohl und Gr\u00fcnkohl sowie fermentierte Produkte wie Kimchi.   <\/p>\n","protected":false},"excerpt":{"rendered":"<div class=\"product-detail-description-text mt-3\">\n<p>Bonusan L-Glutaminpulver ist ein gut dosiertes Glutaminprodukt. Glutamin wird zwar von unserem K\u00f6rper produziert, aber manchmal hinkt die k\u00f6rpereigene Produktion hinterher. Die Erg\u00e4nzung der Ern\u00e4hrung mit einem Nahrungserg\u00e4nzungsmittel bietet dann eine L\u00f6sung zur Aufrechterhaltung des L-Glutaminspiegels.  <\/p>\n<\/div>\n<div class=\"product-detail-usps\">\n<ul>\n<li>100% reines L-Glutamin ohne Zusatzstoffe<\/li>\n<li>Neutrales Pulver, flexibel in der Anwendung und leicht zu mischen<\/li>\n<li>Einfache Anpassung der Dosierung nach Bedarf durch die Pulverform<\/li>\n<\/ul>\n<\/div>\n","protected":false},"featured_media":43943,"comment_status":"open","ping_status":"closed","template":"","meta":{"_acf_changed":false,"_seopress_robots_primary_cat":"549","_seopress_titles_title":"Bonusan L-Glutamin - 200 Gramm - Pulver | Vitafit","_seopress_titles_desc":"","_seopress_robots_index":""},"product_brand":[1398],"product_cat":[1352,1578],"product_tag":[],"woo-feed-brand":[],"class_list":{"0":"post-45386","1":"product","2":"type-product","3":"status-publish","4":"has-post-thumbnail","6":"product_brand-bonusan-de","7":"product_cat-andere-erganzungen","8":"product_cat-proteine-und-aminosauren","9":"pa_bevat-geen-gelatine-de","10":"pa_bevat-geen-hefe","11":"pa_bevat-geen-konservierungsmittel","12":"pa_bevat-geen-mais-de","13":"pa_bevat-geen-synthetische-farbstoffe-aromen-und-duftstoffe","14":"pa_bevat-geen-tierische-stoffe","15":"pa_bevat-geen-zugesetzte-saccharose","16":"pa_inhoud-200-gramm","17":"pa_inhoud-500-gramm","18":"pa_merk-bonusan","19":"pa_overige-supplementen-glutamin","20":"pa_soort-pulver","22":"first","23":"instock","24":"taxable","25":"shipping-taxable","26":"purchasable","27":"product-type-variable","28":"has-default-attributes"},"acf":[],"_links":{"self":[{"href":"https:\/\/vitafit.nu\/de\/wp-json\/wp\/v2\/product\/45386","targetHints":{"allow":["GET"]}}],"collection":[{"href":"https:\/\/vitafit.nu\/de\/wp-json\/wp\/v2\/product"}],"about":[{"href":"https:\/\/vitafit.nu\/de\/wp-json\/wp\/v2\/types\/product"}],"replies":[{"embeddable":true,"href":"https:\/\/vitafit.nu\/de\/wp-json\/wp\/v2\/comments?post=45386"}],"wp:featuredmedia":[{"embeddable":true,"href":"https:\/\/vitafit.nu\/de\/wp-json\/wp\/v2\/media\/43943"}],"wp:attachment":[{"href":"https:\/\/vitafit.nu\/de\/wp-json\/wp\/v2\/media?parent=45386"}],"wp:term":[{"taxonomy":"product_brand","embeddable":true,"href":"https:\/\/vitafit.nu\/de\/wp-json\/wp\/v2\/product_brand?post=45386"},{"taxonomy":"product_cat","embeddable":true,"href":"https:\/\/vitafit.nu\/de\/wp-json\/wp\/v2\/product_cat?post=45386"},{"taxonomy":"product_tag","embeddable":true,"href":"https:\/\/vitafit.nu\/de\/wp-json\/wp\/v2\/product_tag?post=45386"},{"taxonomy":"woo-feed-brand","embeddable":true,"href":"https:\/\/vitafit.nu\/de\/wp-json\/wp\/v2\/woo-feed-brand?post=45386"}],"curies":[{"name":"wp","href":"https:\/\/api.w.org\/{rel}","templated":true}]}}