{"id":45389,"date":"2023-12-13T09:35:47","date_gmt":"2023-12-13T09:35:47","guid":{"rendered":"https:\/\/vitafit.nu\/product\/bonusan-l-lysin-500-komplex-60-tabletten\/"},"modified":"2025-04-11T04:59:45","modified_gmt":"2025-04-11T04:59:45","slug":"bonusan-l-lysin-500-komplex-60-tabletten","status":"publish","type":"product","link":"https:\/\/vitafit.nu\/de\/produkt\/bonusan-l-lysin-500-komplex-60-tabletten\/","title":{"rendered":"Bonusan L-Lysin 500-Komplex 60 Tabletten"},"content":{"rendered":"<p>L-Lysin 500 mg plus unterst\u00fctzt das nat\u00fcrliche Immunsystem durch Vitamin C. Insbesondere Vegetarier sollten darauf achten, ausreichend L-Lysin \u00fcber die Nahrung aufzunehmen. Denn L-Lysin ist vor allem in tierischen Produkten enthalten. Neben einer Reihe anderer Funktionen ist L-Lysin wichtig f\u00fcr die Synthese von L-Carnitin. Auch L-Carnitin kommt fast ausschlie\u00dflich in tierischen Produkten vor. Neben L-Lysin enth\u00e4lt dieses Plus-Produkt die Stoffe Vitamin C, Vitamin B6 und Magnesium. Sowohl Vitamin B6 als auch Vitamin C haben eine positive Wirkung auf das Immunsystem.     <\/p>\n<p><strong class=\"d-block\">Weitere Informationen zu diesem Produkt<\/strong><\/p>\n<p>Leider ist es uns aufgrund der Gesetzgebung f\u00fcr Nahrungserg\u00e4nzungsmittel nicht gestattet, (vollst\u00e4ndige) Informationen \u00fcber dieses Produkt zu geben. F\u00fcr weitere Informationen verweisen wir Sie an ein Wissensinstitut f\u00fcr orthomolekulare Therapie. <\/p>\n","protected":false},"excerpt":{"rendered":"<div class=\"product-detail-description-text mt-3\">L-Lysin 500 mg plus unterst\u00fctzt das nat\u00fcrliche Immunsystem durch Vitamin C. Insbesondere Vegetarier sollten auf eine ausreichende L-Lysin-Versorgung \u00fcber die Ern\u00e4hrung achten.<\/div>\n<div class=\"product-detail-usps\">\n<ul>\n<li>Essentielle Aminos\u00e4ure L-Lysin<\/li>\n<li>Plus-Produkt, f\u00fcr bessere Absorption und Funktion<\/li>\n<li>Frei von tierischen Stoffen<\/li>\n<\/ul>\n<\/div>\n","protected":false},"featured_media":40715,"comment_status":"open","ping_status":"closed","template":"","meta":{"_acf_changed":false,"_seopress_robots_primary_cat":"549","_seopress_titles_title":"Bonusan L-Lysin 500 mg plus - 60 St\u00fcck - Tabletten | Vitafit","_seopress_titles_desc":"","_seopress_robots_index":""},"product_brand":[1398],"product_cat":[1352,1318,1578,1344],"product_tag":[],"woo-feed-brand":[],"class_list":{"0":"post-45389","1":"product","2":"type-product","3":"status-publish","4":"has-post-thumbnail","6":"product_brand-bonusan-de","7":"product_cat-andere-erganzungen","8":"product_cat-losungen","9":"product_cat-proteine-und-aminosauren","10":"product_cat-widerstand","11":"pa_bevat-geen-gelatine-de","12":"pa_bevat-geen-hefe","13":"pa_bevat-geen-konservierungsmittel","14":"pa_bevat-geen-mais-de","15":"pa_bevat-geen-synthetische-farbstoffe-aromen-und-duftstoffe","16":"pa_bevat-geen-tierische-stoffe","17":"pa_bevat-geen-zugesetzte-saccharose","18":"pa_inhoud-60-stuck","19":"pa_merk-bonusan","20":"pa_oplossingen-widerstand","21":"pa_overige-supplementen-l-lysin","22":"pa_soort-tabletten-de","23":"pa_vitaminen-vitamin-b6","24":"pa_vitaminen-vitamin-c","26":"first","27":"instock","28":"taxable","29":"shipping-taxable","30":"purchasable","31":"product-type-variable","32":"has-default-attributes"},"acf":[],"_links":{"self":[{"href":"https:\/\/vitafit.nu\/de\/wp-json\/wp\/v2\/product\/45389","targetHints":{"allow":["GET"]}}],"collection":[{"href":"https:\/\/vitafit.nu\/de\/wp-json\/wp\/v2\/product"}],"about":[{"href":"https:\/\/vitafit.nu\/de\/wp-json\/wp\/v2\/types\/product"}],"replies":[{"embeddable":true,"href":"https:\/\/vitafit.nu\/de\/wp-json\/wp\/v2\/comments?post=45389"}],"wp:featuredmedia":[{"embeddable":true,"href":"https:\/\/vitafit.nu\/de\/wp-json\/wp\/v2\/media\/40715"}],"wp:attachment":[{"href":"https:\/\/vitafit.nu\/de\/wp-json\/wp\/v2\/media?parent=45389"}],"wp:term":[{"taxonomy":"product_brand","embeddable":true,"href":"https:\/\/vitafit.nu\/de\/wp-json\/wp\/v2\/product_brand?post=45389"},{"taxonomy":"product_cat","embeddable":true,"href":"https:\/\/vitafit.nu\/de\/wp-json\/wp\/v2\/product_cat?post=45389"},{"taxonomy":"product_tag","embeddable":true,"href":"https:\/\/vitafit.nu\/de\/wp-json\/wp\/v2\/product_tag?post=45389"},{"taxonomy":"woo-feed-brand","embeddable":true,"href":"https:\/\/vitafit.nu\/de\/wp-json\/wp\/v2\/woo-feed-brand?post=45389"}],"curies":[{"name":"wp","href":"https:\/\/api.w.org\/{rel}","templated":true}]}}